{"id":661,"date":"2020-12-14T10:07:26","date_gmt":"2021-02-10T15:56:22","guid":{"rendered":"https:\/\/www.originalpureskin.com\/?post_type=product&#038;p=661"},"modified":"2024-11-20T23:24:37","modified_gmt":"2024-11-20T22:24:37","slug":"pride-creme-visage-hydratante-huile-chanvre","status":"publish","type":"product","link":"https:\/\/www.originalpureskin.com\/fr\/produit\/pride-creme-visage-hydratante-huile-chanvre\/","title":{"rendered":"Pride"},"content":{"rendered":"<p>Combattez les signes visibles du vieillissement et les dommages caus\u00e9s par les polluants avec l&#8217;hydratant et l&#8217;antioxydant Pride.<br \/>\nGr\u00e2ce aux propri\u00e9t\u00e9s de l&#8217;huile de chanvre, reconnue comme un puissant anti-inflammatoire et antioxydant, cette cr\u00e8me anti-\u00e2ge forme une barri\u00e8re protectrice sur la peau offrant une protection efficace contre les polluants et les radicaux libres pouvant provoquer un vieillissement pr\u00e9matur\u00e9.<br \/>\nEnrichi en acide hyaluronique dans sa concentration maximale, en aloe vera, en huile de jojoba et en vitamine E, Pride est la cr\u00e8me visage id\u00e9ale pour les peaux stress\u00e9es, rouges ou enflamm\u00e9es, aidant \u00e0 rendre la peau plus homog\u00e8ne et \u00e9lastique et l&#8217;aidant \u00e0 maintenir la peau jeune.<\/p>\n","protected":false},"excerpt":{"rendered":"<p>Combattez les signes visibles du vieillissement et les dommages caus\u00e9s par les polluants avec l&#8217;hydratant et l&#8217;antioxydant Pride. Gr\u00e2ce aux propri\u00e9t\u00e9s de l&#8217;huile de chanvre, reconnue comme un puissant anti-inflammatoire et antioxydant, cette cr\u00e8me anti-\u00e2ge forme une barri\u00e8re protectrice sur la peau offrant une protection efficace contre les polluants et les radicaux libres pouvant provoquer [&hellip;]<\/p>\n","protected":false},"featured_media":888,"template":"","meta":{"_acf_changed":false},"product_brand":[],"product_cat":[37,41,43],"product_tag":[],"giftcard-category":[],"class_list":{"0":"post-661","1":"product","2":"type-product","3":"status-publish","4":"has-post-thumbnail","6":"product_cat-first-category-fr","7":"product_cat-second-category-fr","8":"product_cat-third-category-fr","10":"first","11":"instock","12":"sale","13":"shipping-taxable","14":"purchasable","15":"product-type-simple"},"acf":[],"yoast_head":"<!-- This site is optimized with the Yoast SEO plugin v27.2 - https:\/\/yoast.com\/product\/yoast-seo-wordpress\/ -->\n<title>Cr\u00e8me visage hydratante PRIDE avec huile de chanvre | OPS! Original Pure Skin<\/title>\n<meta name=\"description\" content=\"Essayez PRIDE, notre cr\u00e8me visage hydratante et anti-\u00e2ge, avec huile de chanvre, acide hyaluronique et vitamine E. Soyez pr\u00eat \u00e0 \u00eatre admir\u00e9!\" \/>\n<meta name=\"robots\" content=\"index, follow, max-snippet:-1, max-image-preview:large, max-video-preview:-1\" \/>\n<link rel=\"canonical\" href=\"https:\/\/www.originalpureskin.com\/fr\/produit\/pride-creme-visage-hydratante-huile-chanvre\/\" \/>\n<meta property=\"og:locale\" content=\"fr_FR\" \/>\n<meta property=\"og:type\" content=\"article\" \/>\n<meta property=\"og:title\" content=\"Cr\u00e8me visage hydratante PRIDE avec huile de chanvre | OPS! Original Pure Skin\" \/>\n<meta property=\"og:description\" content=\"Essayez PRIDE, notre cr\u00e8me visage hydratante et anti-\u00e2ge, avec huile de chanvre, acide hyaluronique et vitamine E. Soyez pr\u00eat \u00e0 \u00eatre admir\u00e9!\" \/>\n<meta property=\"og:url\" content=\"https:\/\/www.originalpureskin.com\/fr\/produit\/pride-creme-visage-hydratante-huile-chanvre\/\" \/>\n<meta property=\"og:site_name\" content=\"OPS! Original Pure Skin\" \/>\n<meta property=\"article:modified_time\" content=\"2024-11-20T22:24:37+00:00\" \/>\n<meta property=\"og:image\" content=\"https:\/\/www.originalpureskin.com\/wp-content\/uploads\/2020\/12\/pride-2.jpg\" \/>\n\t<meta property=\"og:image:width\" content=\"680\" \/>\n\t<meta property=\"og:image:height\" content=\"1020\" \/>\n\t<meta property=\"og:image:type\" content=\"image\/jpeg\" \/>\n<meta name=\"twitter:card\" content=\"summary_large_image\" \/>\n<meta name=\"twitter:label1\" content=\"Dur\u00e9e de lecture estim\u00e9e\" \/>\n\t<meta name=\"twitter:data1\" content=\"1 minute\" \/>\n<script type=\"application\/ld+json\" class=\"yoast-schema-graph\">{\"@context\":\"https:\/\/schema.org\",\"@graph\":[{\"@type\":\"WebPage\",\"@id\":\"https:\/\/www.originalpureskin.com\/fr\/produit\/pride-creme-visage-hydratante-huile-chanvre\/\",\"url\":\"https:\/\/www.originalpureskin.com\/fr\/produit\/pride-creme-visage-hydratante-huile-chanvre\/\",\"name\":\"Cr\u00e8me visage hydratante PRIDE avec huile de chanvre | OPS! Original Pure Skin\",\"isPartOf\":{\"@id\":\"https:\/\/www.originalpureskin.com\/fr\/#website\"},\"primaryImageOfPage\":{\"@id\":\"https:\/\/www.originalpureskin.com\/fr\/produit\/pride-creme-visage-hydratante-huile-chanvre\/#primaryimage\"},\"image\":{\"@id\":\"https:\/\/www.originalpureskin.com\/fr\/produit\/pride-creme-visage-hydratante-huile-chanvre\/#primaryimage\"},\"thumbnailUrl\":\"https:\/\/www.originalpureskin.com\/wp-content\/uploads\/2020\/12\/pride-2-jpg.webp\",\"datePublished\":\"2021-02-10T15:56:22+00:00\",\"dateModified\":\"2024-11-20T22:24:37+00:00\",\"description\":\"Essayez PRIDE, notre cr\u00e8me visage hydratante et anti-\u00e2ge, avec huile de chanvre, acide hyaluronique et vitamine E. Soyez pr\u00eat \u00e0 \u00eatre admir\u00e9!\",\"breadcrumb\":{\"@id\":\"https:\/\/www.originalpureskin.com\/fr\/produit\/pride-creme-visage-hydratante-huile-chanvre\/#breadcrumb\"},\"inLanguage\":\"fr-FR\",\"potentialAction\":[{\"@type\":\"ReadAction\",\"target\":[\"https:\/\/www.originalpureskin.com\/fr\/produit\/pride-creme-visage-hydratante-huile-chanvre\/\"]}]},{\"@type\":\"ImageObject\",\"inLanguage\":\"fr-FR\",\"@id\":\"https:\/\/www.originalpureskin.com\/fr\/produit\/pride-creme-visage-hydratante-huile-chanvre\/#primaryimage\",\"url\":\"https:\/\/www.originalpureskin.com\/wp-content\/uploads\/2020\/12\/pride-2-jpg.webp\",\"contentUrl\":\"https:\/\/www.originalpureskin.com\/wp-content\/uploads\/2020\/12\/pride-2-jpg.webp\",\"width\":680,\"height\":1020,\"caption\":\"Pride crema viso idratante antirughe, con olio di canapa e acido ialuronico con astuccio\"},{\"@type\":\"BreadcrumbList\",\"@id\":\"https:\/\/www.originalpureskin.com\/fr\/produit\/pride-creme-visage-hydratante-huile-chanvre\/#breadcrumb\",\"itemListElement\":[{\"@type\":\"ListItem\",\"position\":1,\"name\":\"Home\",\"item\":\"https:\/\/www.originalpureskin.com\/fr\/\"},{\"@type\":\"ListItem\",\"position\":2,\"name\":\"Boutique\",\"item\":\"https:\/\/www.originalpureskin.com\/fr\/boutique\/\"},{\"@type\":\"ListItem\",\"position\":3,\"name\":\"Pride\"}]},{\"@type\":\"WebSite\",\"@id\":\"https:\/\/www.originalpureskin.com\/fr\/#website\",\"url\":\"https:\/\/www.originalpureskin.com\/fr\/\",\"name\":\"OPS! Original Pure Skin\",\"description\":\"Prodotti cosmeceutici naturali\",\"publisher\":{\"@id\":\"https:\/\/www.originalpureskin.com\/fr\/#organization\"},\"potentialAction\":[{\"@type\":\"SearchAction\",\"target\":{\"@type\":\"EntryPoint\",\"urlTemplate\":\"https:\/\/www.originalpureskin.com\/fr\/?s={search_term_string}\"},\"query-input\":{\"@type\":\"PropertyValueSpecification\",\"valueRequired\":true,\"valueName\":\"search_term_string\"}}],\"inLanguage\":\"fr-FR\"},{\"@type\":\"Organization\",\"@id\":\"https:\/\/www.originalpureskin.com\/fr\/#organization\",\"name\":\"OPS! Original Pure Skin\",\"url\":\"https:\/\/www.originalpureskin.com\/fr\/\",\"logo\":{\"@type\":\"ImageObject\",\"inLanguage\":\"fr-FR\",\"@id\":\"https:\/\/www.originalpureskin.com\/fr\/#\/schema\/logo\/image\/\",\"url\":\"https:\/\/www.originalpureskin.com\/wp-content\/uploads\/2021\/01\/logo.png\",\"contentUrl\":\"https:\/\/www.originalpureskin.com\/wp-content\/uploads\/2021\/01\/logo.png\",\"width\":200,\"height\":88,\"caption\":\"OPS! Original Pure Skin\"},\"image\":{\"@id\":\"https:\/\/www.originalpureskin.com\/fr\/#\/schema\/logo\/image\/\"}}]}<\/script>\n<!-- \/ Yoast SEO plugin. -->","yoast_head_json":{"title":"Cr\u00e8me visage hydratante PRIDE avec huile de chanvre | OPS! Original Pure Skin","description":"Essayez PRIDE, notre cr\u00e8me visage hydratante et anti-\u00e2ge, avec huile de chanvre, acide hyaluronique et vitamine E. Soyez pr\u00eat \u00e0 \u00eatre admir\u00e9!","robots":{"index":"index","follow":"follow","max-snippet":"max-snippet:-1","max-image-preview":"max-image-preview:large","max-video-preview":"max-video-preview:-1"},"canonical":"https:\/\/www.originalpureskin.com\/fr\/produit\/pride-creme-visage-hydratante-huile-chanvre\/","og_locale":"fr_FR","og_type":"article","og_title":"Cr\u00e8me visage hydratante PRIDE avec huile de chanvre | OPS! Original Pure Skin","og_description":"Essayez PRIDE, notre cr\u00e8me visage hydratante et anti-\u00e2ge, avec huile de chanvre, acide hyaluronique et vitamine E. Soyez pr\u00eat \u00e0 \u00eatre admir\u00e9!","og_url":"https:\/\/www.originalpureskin.com\/fr\/produit\/pride-creme-visage-hydratante-huile-chanvre\/","og_site_name":"OPS! Original Pure Skin","article_modified_time":"2024-11-20T22:24:37+00:00","og_image":[{"width":680,"height":1020,"url":"https:\/\/www.originalpureskin.com\/wp-content\/uploads\/2020\/12\/pride-2.jpg","type":"image\/jpeg"}],"twitter_card":"summary_large_image","twitter_misc":{"Dur\u00e9e de lecture estim\u00e9e":"1 minute"},"schema":{"@context":"https:\/\/schema.org","@graph":[{"@type":"WebPage","@id":"https:\/\/www.originalpureskin.com\/fr\/produit\/pride-creme-visage-hydratante-huile-chanvre\/","url":"https:\/\/www.originalpureskin.com\/fr\/produit\/pride-creme-visage-hydratante-huile-chanvre\/","name":"Cr\u00e8me visage hydratante PRIDE avec huile de chanvre | OPS! Original Pure Skin","isPartOf":{"@id":"https:\/\/www.originalpureskin.com\/fr\/#website"},"primaryImageOfPage":{"@id":"https:\/\/www.originalpureskin.com\/fr\/produit\/pride-creme-visage-hydratante-huile-chanvre\/#primaryimage"},"image":{"@id":"https:\/\/www.originalpureskin.com\/fr\/produit\/pride-creme-visage-hydratante-huile-chanvre\/#primaryimage"},"thumbnailUrl":"https:\/\/www.originalpureskin.com\/wp-content\/uploads\/2020\/12\/pride-2-jpg.webp","datePublished":"2021-02-10T15:56:22+00:00","dateModified":"2024-11-20T22:24:37+00:00","description":"Essayez PRIDE, notre cr\u00e8me visage hydratante et anti-\u00e2ge, avec huile de chanvre, acide hyaluronique et vitamine E. Soyez pr\u00eat \u00e0 \u00eatre admir\u00e9!","breadcrumb":{"@id":"https:\/\/www.originalpureskin.com\/fr\/produit\/pride-creme-visage-hydratante-huile-chanvre\/#breadcrumb"},"inLanguage":"fr-FR","potentialAction":[{"@type":"ReadAction","target":["https:\/\/www.originalpureskin.com\/fr\/produit\/pride-creme-visage-hydratante-huile-chanvre\/"]}]},{"@type":"ImageObject","inLanguage":"fr-FR","@id":"https:\/\/www.originalpureskin.com\/fr\/produit\/pride-creme-visage-hydratante-huile-chanvre\/#primaryimage","url":"https:\/\/www.originalpureskin.com\/wp-content\/uploads\/2020\/12\/pride-2-jpg.webp","contentUrl":"https:\/\/www.originalpureskin.com\/wp-content\/uploads\/2020\/12\/pride-2-jpg.webp","width":680,"height":1020,"caption":"Pride crema viso idratante antirughe, con olio di canapa e acido ialuronico con astuccio"},{"@type":"BreadcrumbList","@id":"https:\/\/www.originalpureskin.com\/fr\/produit\/pride-creme-visage-hydratante-huile-chanvre\/#breadcrumb","itemListElement":[{"@type":"ListItem","position":1,"name":"Home","item":"https:\/\/www.originalpureskin.com\/fr\/"},{"@type":"ListItem","position":2,"name":"Boutique","item":"https:\/\/www.originalpureskin.com\/fr\/boutique\/"},{"@type":"ListItem","position":3,"name":"Pride"}]},{"@type":"WebSite","@id":"https:\/\/www.originalpureskin.com\/fr\/#website","url":"https:\/\/www.originalpureskin.com\/fr\/","name":"OPS! Original Pure Skin","description":"Prodotti cosmeceutici naturali","publisher":{"@id":"https:\/\/www.originalpureskin.com\/fr\/#organization"},"potentialAction":[{"@type":"SearchAction","target":{"@type":"EntryPoint","urlTemplate":"https:\/\/www.originalpureskin.com\/fr\/?s={search_term_string}"},"query-input":{"@type":"PropertyValueSpecification","valueRequired":true,"valueName":"search_term_string"}}],"inLanguage":"fr-FR"},{"@type":"Organization","@id":"https:\/\/www.originalpureskin.com\/fr\/#organization","name":"OPS! Original Pure Skin","url":"https:\/\/www.originalpureskin.com\/fr\/","logo":{"@type":"ImageObject","inLanguage":"fr-FR","@id":"https:\/\/www.originalpureskin.com\/fr\/#\/schema\/logo\/image\/","url":"https:\/\/www.originalpureskin.com\/wp-content\/uploads\/2021\/01\/logo.png","contentUrl":"https:\/\/www.originalpureskin.com\/wp-content\/uploads\/2021\/01\/logo.png","width":200,"height":88,"caption":"OPS! Original Pure Skin"},"image":{"@id":"https:\/\/www.originalpureskin.com\/fr\/#\/schema\/logo\/image\/"}}]}},"_links":{"self":[{"href":"https:\/\/www.originalpureskin.com\/fr\/wp-json\/wp\/v2\/product\/661","targetHints":{"allow":["GET"]}}],"collection":[{"href":"https:\/\/www.originalpureskin.com\/fr\/wp-json\/wp\/v2\/product"}],"about":[{"href":"https:\/\/www.originalpureskin.com\/fr\/wp-json\/wp\/v2\/types\/product"}],"wp:featuredmedia":[{"embeddable":true,"href":"https:\/\/www.originalpureskin.com\/fr\/wp-json\/wp\/v2\/media\/888"}],"wp:attachment":[{"href":"https:\/\/www.originalpureskin.com\/fr\/wp-json\/wp\/v2\/media?parent=661"}],"wp:term":[{"taxonomy":"product_brand","embeddable":true,"href":"https:\/\/www.originalpureskin.com\/fr\/wp-json\/wp\/v2\/product_brand?post=661"},{"taxonomy":"product_cat","embeddable":true,"href":"https:\/\/www.originalpureskin.com\/fr\/wp-json\/wp\/v2\/product_cat?post=661"},{"taxonomy":"product_tag","embeddable":true,"href":"https:\/\/www.originalpureskin.com\/fr\/wp-json\/wp\/v2\/product_tag?post=661"},{"taxonomy":"giftcard-category","embeddable":true,"href":"https:\/\/www.originalpureskin.com\/fr\/wp-json\/wp\/v2\/giftcard-category?post=661"}],"curies":[{"name":"wp","href":"https:\/\/api.w.org\/{rel}","templated":true}]}}