{"id":660,"date":"2020-12-14T10:08:34","date_gmt":"2021-02-10T15:56:19","guid":{"rendered":"https:\/\/www.originalpureskin.com\/?post_type=product&#038;p=660"},"modified":"2024-11-22T23:19:06","modified_gmt":"2024-11-22T22:19:06","slug":"gluttony-creme-corps-raffermissante-huile-chanvre","status":"publish","type":"product","link":"https:\/\/www.originalpureskin.com\/fr\/produit\/gluttony-creme-corps-raffermissante-huile-chanvre\/","title":{"rendered":"Gluttony"},"content":{"rendered":"<p>A rich essential oil-scented cream, that caresses your skin, giving it immediate smoothness. Gluttony improves the integrity of lipid barrier, giving compactness and elasticity, lengthening tissues youth. Hemp oil, thanks to its important soothing properties and to its calming effects, helps reduce problems connected to skin sensitivity, including redness. Furthermore, it contributes to preserve body brightness, fighting against damages of free radicals before they cause oxidation, degeneration and dehydration. Jojoba oil and aloe vera help nourish, hidrate and give elasticiy to your skin.<\/p>\n","protected":false},"excerpt":{"rendered":"<p>A rich essential oil-scented cream, that caresses your skin, giving it immediate smoothness. Gluttony improves the integrity of lipid barrier, giving compactness and elasticity, lengthening tissues youth. Hemp oil, thanks to its important soothing properties and to its calming effects, helps reduce problems connected to skin sensitivity, including redness. Furthermore, it contributes to preserve body [&hellip;]<\/p>\n","protected":false},"featured_media":878,"template":"","meta":{"_acf_changed":false},"product_brand":[],"product_cat":[37,41,43],"product_tag":[],"giftcard-category":[],"class_list":{"0":"post-660","1":"product","2":"type-product","3":"status-publish","4":"has-post-thumbnail","6":"product_cat-first-category-fr","7":"product_cat-second-category-fr","8":"product_cat-third-category-fr","10":"first","11":"instock","12":"sale","13":"shipping-taxable","14":"purchasable","15":"product-type-simple"},"acf":[],"yoast_head":"<!-- This site is optimized with the Yoast SEO plugin v27.2 - https:\/\/yoast.com\/product\/yoast-seo-wordpress\/ -->\n<title>Cr\u00e8me pour le corps raffermissante GLUTTONY | Original Pure Skin<\/title>\n<meta name=\"description\" content=\"Essayez &quot;GLUTTONY&quot;, notre cr\u00e8me raffermissante pour le corps, \u00e0 l&#039;huile de chanvre, huile de jojoba et Aloe Vera. Go\u00fbtez la beaut\u00e9!\" \/>\n<meta name=\"robots\" content=\"index, follow, max-snippet:-1, max-image-preview:large, max-video-preview:-1\" \/>\n<link rel=\"canonical\" href=\"https:\/\/www.originalpureskin.com\/fr\/produit\/gluttony-creme-corps-raffermissante-huile-chanvre\/\" \/>\n<meta property=\"og:locale\" content=\"fr_FR\" \/>\n<meta property=\"og:type\" content=\"article\" \/>\n<meta property=\"og:title\" content=\"Cr\u00e8me pour le corps raffermissante GLUTTONY | Original Pure Skin\" \/>\n<meta property=\"og:description\" content=\"Essayez &quot;GLUTTONY&quot;, notre cr\u00e8me raffermissante pour le corps, \u00e0 l&#039;huile de chanvre, huile de jojoba et Aloe Vera. Go\u00fbtez la beaut\u00e9!\" \/>\n<meta property=\"og:url\" content=\"https:\/\/www.originalpureskin.com\/fr\/produit\/gluttony-creme-corps-raffermissante-huile-chanvre\/\" \/>\n<meta property=\"og:site_name\" content=\"OPS! Original Pure Skin\" \/>\n<meta property=\"article:modified_time\" content=\"2024-11-22T22:19:06+00:00\" \/>\n<meta property=\"og:image\" content=\"https:\/\/www.originalpureskin.com\/wp-content\/uploads\/2020\/12\/gluttony-2.jpg\" \/>\n\t<meta property=\"og:image:width\" content=\"680\" \/>\n\t<meta property=\"og:image:height\" content=\"1020\" \/>\n\t<meta property=\"og:image:type\" content=\"image\/jpeg\" \/>\n<meta name=\"twitter:card\" content=\"summary_large_image\" \/>\n<meta name=\"twitter:label1\" content=\"Dur\u00e9e de lecture estim\u00e9e\" \/>\n\t<meta name=\"twitter:data1\" content=\"1 minute\" \/>\n<script type=\"application\/ld+json\" class=\"yoast-schema-graph\">{\"@context\":\"https:\/\/schema.org\",\"@graph\":[{\"@type\":\"WebPage\",\"@id\":\"https:\/\/www.originalpureskin.com\/fr\/produit\/gluttony-creme-corps-raffermissante-huile-chanvre\/\",\"url\":\"https:\/\/www.originalpureskin.com\/fr\/produit\/gluttony-creme-corps-raffermissante-huile-chanvre\/\",\"name\":\"Cr\u00e8me pour le corps raffermissante GLUTTONY | Original Pure Skin\",\"isPartOf\":{\"@id\":\"https:\/\/www.originalpureskin.com\/fr\/#website\"},\"primaryImageOfPage\":{\"@id\":\"https:\/\/www.originalpureskin.com\/fr\/produit\/gluttony-creme-corps-raffermissante-huile-chanvre\/#primaryimage\"},\"image\":{\"@id\":\"https:\/\/www.originalpureskin.com\/fr\/produit\/gluttony-creme-corps-raffermissante-huile-chanvre\/#primaryimage\"},\"thumbnailUrl\":\"https:\/\/www.originalpureskin.com\/wp-content\/uploads\/2020\/12\/gluttony-2-jpg.webp\",\"datePublished\":\"2021-02-10T15:56:19+00:00\",\"dateModified\":\"2024-11-22T22:19:06+00:00\",\"description\":\"Essayez \\\"GLUTTONY\\\", notre cr\u00e8me raffermissante pour le corps, \u00e0 l'huile de chanvre, huile de jojoba et Aloe Vera. Go\u00fbtez la beaut\u00e9!\",\"breadcrumb\":{\"@id\":\"https:\/\/www.originalpureskin.com\/fr\/produit\/gluttony-creme-corps-raffermissante-huile-chanvre\/#breadcrumb\"},\"inLanguage\":\"fr-FR\",\"potentialAction\":[{\"@type\":\"ReadAction\",\"target\":[\"https:\/\/www.originalpureskin.com\/fr\/produit\/gluttony-creme-corps-raffermissante-huile-chanvre\/\"]}]},{\"@type\":\"ImageObject\",\"inLanguage\":\"fr-FR\",\"@id\":\"https:\/\/www.originalpureskin.com\/fr\/produit\/gluttony-creme-corps-raffermissante-huile-chanvre\/#primaryimage\",\"url\":\"https:\/\/www.originalpureskin.com\/wp-content\/uploads\/2020\/12\/gluttony-2-jpg.webp\",\"contentUrl\":\"https:\/\/www.originalpureskin.com\/wp-content\/uploads\/2020\/12\/gluttony-2-jpg.webp\",\"width\":680,\"height\":1020,\"caption\":\"Gluttony crema corpo rassodante con olio di canapa, olio di jojoba e aloe vera con astuccio\"},{\"@type\":\"BreadcrumbList\",\"@id\":\"https:\/\/www.originalpureskin.com\/fr\/produit\/gluttony-creme-corps-raffermissante-huile-chanvre\/#breadcrumb\",\"itemListElement\":[{\"@type\":\"ListItem\",\"position\":1,\"name\":\"Home\",\"item\":\"https:\/\/www.originalpureskin.com\/fr\/\"},{\"@type\":\"ListItem\",\"position\":2,\"name\":\"Boutique\",\"item\":\"https:\/\/www.originalpureskin.com\/fr\/boutique\/\"},{\"@type\":\"ListItem\",\"position\":3,\"name\":\"Gluttony\"}]},{\"@type\":\"WebSite\",\"@id\":\"https:\/\/www.originalpureskin.com\/fr\/#website\",\"url\":\"https:\/\/www.originalpureskin.com\/fr\/\",\"name\":\"OPS! Original Pure Skin\",\"description\":\"Prodotti cosmeceutici naturali\",\"publisher\":{\"@id\":\"https:\/\/www.originalpureskin.com\/fr\/#organization\"},\"potentialAction\":[{\"@type\":\"SearchAction\",\"target\":{\"@type\":\"EntryPoint\",\"urlTemplate\":\"https:\/\/www.originalpureskin.com\/fr\/?s={search_term_string}\"},\"query-input\":{\"@type\":\"PropertyValueSpecification\",\"valueRequired\":true,\"valueName\":\"search_term_string\"}}],\"inLanguage\":\"fr-FR\"},{\"@type\":\"Organization\",\"@id\":\"https:\/\/www.originalpureskin.com\/fr\/#organization\",\"name\":\"OPS! Original Pure Skin\",\"url\":\"https:\/\/www.originalpureskin.com\/fr\/\",\"logo\":{\"@type\":\"ImageObject\",\"inLanguage\":\"fr-FR\",\"@id\":\"https:\/\/www.originalpureskin.com\/fr\/#\/schema\/logo\/image\/\",\"url\":\"https:\/\/www.originalpureskin.com\/wp-content\/uploads\/2021\/01\/logo.png\",\"contentUrl\":\"https:\/\/www.originalpureskin.com\/wp-content\/uploads\/2021\/01\/logo.png\",\"width\":200,\"height\":88,\"caption\":\"OPS! Original Pure Skin\"},\"image\":{\"@id\":\"https:\/\/www.originalpureskin.com\/fr\/#\/schema\/logo\/image\/\"}}]}<\/script>\n<!-- \/ Yoast SEO plugin. -->","yoast_head_json":{"title":"Cr\u00e8me pour le corps raffermissante GLUTTONY | Original Pure Skin","description":"Essayez \"GLUTTONY\", notre cr\u00e8me raffermissante pour le corps, \u00e0 l'huile de chanvre, huile de jojoba et Aloe Vera. Go\u00fbtez la beaut\u00e9!","robots":{"index":"index","follow":"follow","max-snippet":"max-snippet:-1","max-image-preview":"max-image-preview:large","max-video-preview":"max-video-preview:-1"},"canonical":"https:\/\/www.originalpureskin.com\/fr\/produit\/gluttony-creme-corps-raffermissante-huile-chanvre\/","og_locale":"fr_FR","og_type":"article","og_title":"Cr\u00e8me pour le corps raffermissante GLUTTONY | Original Pure Skin","og_description":"Essayez \"GLUTTONY\", notre cr\u00e8me raffermissante pour le corps, \u00e0 l'huile de chanvre, huile de jojoba et Aloe Vera. Go\u00fbtez la beaut\u00e9!","og_url":"https:\/\/www.originalpureskin.com\/fr\/produit\/gluttony-creme-corps-raffermissante-huile-chanvre\/","og_site_name":"OPS! Original Pure Skin","article_modified_time":"2024-11-22T22:19:06+00:00","og_image":[{"width":680,"height":1020,"url":"https:\/\/www.originalpureskin.com\/wp-content\/uploads\/2020\/12\/gluttony-2.jpg","type":"image\/jpeg"}],"twitter_card":"summary_large_image","twitter_misc":{"Dur\u00e9e de lecture estim\u00e9e":"1 minute"},"schema":{"@context":"https:\/\/schema.org","@graph":[{"@type":"WebPage","@id":"https:\/\/www.originalpureskin.com\/fr\/produit\/gluttony-creme-corps-raffermissante-huile-chanvre\/","url":"https:\/\/www.originalpureskin.com\/fr\/produit\/gluttony-creme-corps-raffermissante-huile-chanvre\/","name":"Cr\u00e8me pour le corps raffermissante GLUTTONY | Original Pure Skin","isPartOf":{"@id":"https:\/\/www.originalpureskin.com\/fr\/#website"},"primaryImageOfPage":{"@id":"https:\/\/www.originalpureskin.com\/fr\/produit\/gluttony-creme-corps-raffermissante-huile-chanvre\/#primaryimage"},"image":{"@id":"https:\/\/www.originalpureskin.com\/fr\/produit\/gluttony-creme-corps-raffermissante-huile-chanvre\/#primaryimage"},"thumbnailUrl":"https:\/\/www.originalpureskin.com\/wp-content\/uploads\/2020\/12\/gluttony-2-jpg.webp","datePublished":"2021-02-10T15:56:19+00:00","dateModified":"2024-11-22T22:19:06+00:00","description":"Essayez \"GLUTTONY\", notre cr\u00e8me raffermissante pour le corps, \u00e0 l'huile de chanvre, huile de jojoba et Aloe Vera. Go\u00fbtez la beaut\u00e9!","breadcrumb":{"@id":"https:\/\/www.originalpureskin.com\/fr\/produit\/gluttony-creme-corps-raffermissante-huile-chanvre\/#breadcrumb"},"inLanguage":"fr-FR","potentialAction":[{"@type":"ReadAction","target":["https:\/\/www.originalpureskin.com\/fr\/produit\/gluttony-creme-corps-raffermissante-huile-chanvre\/"]}]},{"@type":"ImageObject","inLanguage":"fr-FR","@id":"https:\/\/www.originalpureskin.com\/fr\/produit\/gluttony-creme-corps-raffermissante-huile-chanvre\/#primaryimage","url":"https:\/\/www.originalpureskin.com\/wp-content\/uploads\/2020\/12\/gluttony-2-jpg.webp","contentUrl":"https:\/\/www.originalpureskin.com\/wp-content\/uploads\/2020\/12\/gluttony-2-jpg.webp","width":680,"height":1020,"caption":"Gluttony crema corpo rassodante con olio di canapa, olio di jojoba e aloe vera con astuccio"},{"@type":"BreadcrumbList","@id":"https:\/\/www.originalpureskin.com\/fr\/produit\/gluttony-creme-corps-raffermissante-huile-chanvre\/#breadcrumb","itemListElement":[{"@type":"ListItem","position":1,"name":"Home","item":"https:\/\/www.originalpureskin.com\/fr\/"},{"@type":"ListItem","position":2,"name":"Boutique","item":"https:\/\/www.originalpureskin.com\/fr\/boutique\/"},{"@type":"ListItem","position":3,"name":"Gluttony"}]},{"@type":"WebSite","@id":"https:\/\/www.originalpureskin.com\/fr\/#website","url":"https:\/\/www.originalpureskin.com\/fr\/","name":"OPS! Original Pure Skin","description":"Prodotti cosmeceutici naturali","publisher":{"@id":"https:\/\/www.originalpureskin.com\/fr\/#organization"},"potentialAction":[{"@type":"SearchAction","target":{"@type":"EntryPoint","urlTemplate":"https:\/\/www.originalpureskin.com\/fr\/?s={search_term_string}"},"query-input":{"@type":"PropertyValueSpecification","valueRequired":true,"valueName":"search_term_string"}}],"inLanguage":"fr-FR"},{"@type":"Organization","@id":"https:\/\/www.originalpureskin.com\/fr\/#organization","name":"OPS! Original Pure Skin","url":"https:\/\/www.originalpureskin.com\/fr\/","logo":{"@type":"ImageObject","inLanguage":"fr-FR","@id":"https:\/\/www.originalpureskin.com\/fr\/#\/schema\/logo\/image\/","url":"https:\/\/www.originalpureskin.com\/wp-content\/uploads\/2021\/01\/logo.png","contentUrl":"https:\/\/www.originalpureskin.com\/wp-content\/uploads\/2021\/01\/logo.png","width":200,"height":88,"caption":"OPS! Original Pure Skin"},"image":{"@id":"https:\/\/www.originalpureskin.com\/fr\/#\/schema\/logo\/image\/"}}]}},"_links":{"self":[{"href":"https:\/\/www.originalpureskin.com\/fr\/wp-json\/wp\/v2\/product\/660","targetHints":{"allow":["GET"]}}],"collection":[{"href":"https:\/\/www.originalpureskin.com\/fr\/wp-json\/wp\/v2\/product"}],"about":[{"href":"https:\/\/www.originalpureskin.com\/fr\/wp-json\/wp\/v2\/types\/product"}],"wp:featuredmedia":[{"embeddable":true,"href":"https:\/\/www.originalpureskin.com\/fr\/wp-json\/wp\/v2\/media\/878"}],"wp:attachment":[{"href":"https:\/\/www.originalpureskin.com\/fr\/wp-json\/wp\/v2\/media?parent=660"}],"wp:term":[{"taxonomy":"product_brand","embeddable":true,"href":"https:\/\/www.originalpureskin.com\/fr\/wp-json\/wp\/v2\/product_brand?post=660"},{"taxonomy":"product_cat","embeddable":true,"href":"https:\/\/www.originalpureskin.com\/fr\/wp-json\/wp\/v2\/product_cat?post=660"},{"taxonomy":"product_tag","embeddable":true,"href":"https:\/\/www.originalpureskin.com\/fr\/wp-json\/wp\/v2\/product_tag?post=660"},{"taxonomy":"giftcard-category","embeddable":true,"href":"https:\/\/www.originalpureskin.com\/fr\/wp-json\/wp\/v2\/giftcard-category?post=660"}],"curies":[{"name":"wp","href":"https:\/\/api.w.org\/{rel}","templated":true}]}}