{"id":659,"date":"2020-12-14T10:08:53","date_gmt":"2021-02-10T15:56:15","guid":{"rendered":"https:\/\/www.originalpureskin.com\/?post_type=product&#038;p=659"},"modified":"2024-11-24T23:22:34","modified_gmt":"2024-11-24T22:22:34","slug":"lust-serum-visage-levres-acide-hyaluronique","status":"publish","type":"product","link":"https:\/\/www.originalpureskin.com\/fr\/produit\/lust-serum-visage-levres-acide-hyaluronique\/","title":{"rendered":"Lust"},"content":{"rendered":"<p>Le s\u00e9rum anti-\u00e2ge Lust \u00e0 l&#8217;acide hyaluronique, \u00e0 la vitamine C et \u00e0 l&#8217;aloe vera, est un puissant traitement anti-\u00e2ge, sp\u00e9cifiquement formul\u00e9 pour adoucir les rides d&#8217;expression et les plis du contour des yeux, du contour des l\u00e8vres et du d\u00e9collet\u00e9. Ce cocktail \u00e9nergisant redonne \u00e0 la peau son \u00e9quilibre d&#8217;origine, contribuant \u00e0 am\u00e9liorer visiblement les d\u00e9fauts de beaut\u00e9 tels que les rides, la perte de tonicit\u00e9 et d&#8217;\u00e9lasticit\u00e9, les taches brunes, les poches et les cernes. D\u00e8s les premi\u00e8res applications, le r\u00e9sultat sera un effet lifting imm\u00e9diat, une peau d\u00e9tendue, un visage tonique et un contour des yeux lumineux et rajeuni.<\/p>\n","protected":false},"excerpt":{"rendered":"<p>Le s\u00e9rum anti-\u00e2ge Lust \u00e0 l&#8217;acide hyaluronique, \u00e0 la vitamine C et \u00e0 l&#8217;aloe vera, est un puissant traitement anti-\u00e2ge, sp\u00e9cifiquement formul\u00e9 pour adoucir les rides d&#8217;expression et les plis du contour des yeux, du contour des l\u00e8vres et du d\u00e9collet\u00e9. Ce cocktail \u00e9nergisant redonne \u00e0 la peau son \u00e9quilibre d&#8217;origine, contribuant \u00e0 am\u00e9liorer visiblement [&hellip;]<\/p>\n","protected":false},"featured_media":869,"template":"","meta":{"_acf_changed":false},"product_brand":[],"product_cat":[37,41,43],"product_tag":[],"giftcard-category":[],"class_list":{"0":"post-659","1":"product","2":"type-product","3":"status-publish","4":"has-post-thumbnail","6":"product_cat-first-category-fr","7":"product_cat-second-category-fr","8":"product_cat-third-category-fr","10":"first","11":"instock","12":"sale","13":"shipping-taxable","14":"purchasable","15":"product-type-simple"},"acf":[],"yoast_head":"<!-- This site is optimized with the Yoast SEO plugin v27.2 - https:\/\/yoast.com\/product\/yoast-seo-wordpress\/ -->\n<title>S\u00e9rum anti-\u00e2ge LUST \u00e0 l&#039;acide hyaluronique | OPS! Original Pure Skin<\/title>\n<meta name=\"description\" content=\"Essayez LUST, notre s\u00e9rum yeux, l\u00e8vres et d\u00e9collet\u00e9 avec effet lifting \u00e0 l&#039;acide hyaluronique et vitamine C. S\u00e9duisez avec ce s\u00e9rum p\u00e9cheur!\" \/>\n<meta name=\"robots\" content=\"index, follow, max-snippet:-1, max-image-preview:large, max-video-preview:-1\" \/>\n<link rel=\"canonical\" href=\"https:\/\/www.originalpureskin.com\/fr\/produit\/lust-serum-visage-levres-acide-hyaluronique\/\" \/>\n<meta property=\"og:locale\" content=\"fr_FR\" \/>\n<meta property=\"og:type\" content=\"article\" \/>\n<meta property=\"og:title\" content=\"S\u00e9rum anti-\u00e2ge LUST \u00e0 l&#039;acide hyaluronique | OPS! Original Pure Skin\" \/>\n<meta property=\"og:description\" content=\"Essayez LUST, notre s\u00e9rum yeux, l\u00e8vres et d\u00e9collet\u00e9 avec effet lifting \u00e0 l&#039;acide hyaluronique et vitamine C. S\u00e9duisez avec ce s\u00e9rum p\u00e9cheur!\" \/>\n<meta property=\"og:url\" content=\"https:\/\/www.originalpureskin.com\/fr\/produit\/lust-serum-visage-levres-acide-hyaluronique\/\" \/>\n<meta property=\"og:site_name\" content=\"OPS! Original Pure Skin\" \/>\n<meta property=\"article:modified_time\" content=\"2024-11-24T22:22:34+00:00\" \/>\n<meta property=\"og:image\" content=\"https:\/\/www.originalpureskin.com\/wp-content\/uploads\/2020\/12\/lust-1.jpg\" \/>\n\t<meta property=\"og:image:width\" content=\"680\" \/>\n\t<meta property=\"og:image:height\" content=\"1020\" \/>\n\t<meta property=\"og:image:type\" content=\"image\/jpeg\" \/>\n<meta name=\"twitter:card\" content=\"summary_large_image\" \/>\n<meta name=\"twitter:label1\" content=\"Dur\u00e9e de lecture estim\u00e9e\" \/>\n\t<meta name=\"twitter:data1\" content=\"1 minute\" \/>\n<script type=\"application\/ld+json\" class=\"yoast-schema-graph\">{\"@context\":\"https:\/\/schema.org\",\"@graph\":[{\"@type\":\"WebPage\",\"@id\":\"https:\/\/www.originalpureskin.com\/fr\/produit\/lust-serum-visage-levres-acide-hyaluronique\/\",\"url\":\"https:\/\/www.originalpureskin.com\/fr\/produit\/lust-serum-visage-levres-acide-hyaluronique\/\",\"name\":\"S\u00e9rum anti-\u00e2ge LUST \u00e0 l'acide hyaluronique | OPS! Original Pure Skin\",\"isPartOf\":{\"@id\":\"https:\/\/www.originalpureskin.com\/fr\/#website\"},\"primaryImageOfPage\":{\"@id\":\"https:\/\/www.originalpureskin.com\/fr\/produit\/lust-serum-visage-levres-acide-hyaluronique\/#primaryimage\"},\"image\":{\"@id\":\"https:\/\/www.originalpureskin.com\/fr\/produit\/lust-serum-visage-levres-acide-hyaluronique\/#primaryimage\"},\"thumbnailUrl\":\"https:\/\/www.originalpureskin.com\/wp-content\/uploads\/2020\/12\/lust-1-jpg.webp\",\"datePublished\":\"2021-02-10T15:56:15+00:00\",\"dateModified\":\"2024-11-24T22:22:34+00:00\",\"description\":\"Essayez LUST, notre s\u00e9rum yeux, l\u00e8vres et d\u00e9collet\u00e9 avec effet lifting \u00e0 l'acide hyaluronique et vitamine C. S\u00e9duisez avec ce s\u00e9rum p\u00e9cheur!\",\"breadcrumb\":{\"@id\":\"https:\/\/www.originalpureskin.com\/fr\/produit\/lust-serum-visage-levres-acide-hyaluronique\/#breadcrumb\"},\"inLanguage\":\"fr-FR\",\"potentialAction\":[{\"@type\":\"ReadAction\",\"target\":[\"https:\/\/www.originalpureskin.com\/fr\/produit\/lust-serum-visage-levres-acide-hyaluronique\/\"]}]},{\"@type\":\"ImageObject\",\"inLanguage\":\"fr-FR\",\"@id\":\"https:\/\/www.originalpureskin.com\/fr\/produit\/lust-serum-visage-levres-acide-hyaluronique\/#primaryimage\",\"url\":\"https:\/\/www.originalpureskin.com\/wp-content\/uploads\/2020\/12\/lust-1-jpg.webp\",\"contentUrl\":\"https:\/\/www.originalpureskin.com\/wp-content\/uploads\/2020\/12\/lust-1-jpg.webp\",\"width\":680,\"height\":1020,\"caption\":\"Lust siero contorno occhi e labbra con acido ialuronico, vitamina C e aloe vera con astuccio\"},{\"@type\":\"BreadcrumbList\",\"@id\":\"https:\/\/www.originalpureskin.com\/fr\/produit\/lust-serum-visage-levres-acide-hyaluronique\/#breadcrumb\",\"itemListElement\":[{\"@type\":\"ListItem\",\"position\":1,\"name\":\"Home\",\"item\":\"https:\/\/www.originalpureskin.com\/fr\/\"},{\"@type\":\"ListItem\",\"position\":2,\"name\":\"Boutique\",\"item\":\"https:\/\/www.originalpureskin.com\/fr\/boutique\/\"},{\"@type\":\"ListItem\",\"position\":3,\"name\":\"Lust\"}]},{\"@type\":\"WebSite\",\"@id\":\"https:\/\/www.originalpureskin.com\/fr\/#website\",\"url\":\"https:\/\/www.originalpureskin.com\/fr\/\",\"name\":\"OPS! Original Pure Skin\",\"description\":\"Prodotti cosmeceutici naturali\",\"publisher\":{\"@id\":\"https:\/\/www.originalpureskin.com\/fr\/#organization\"},\"potentialAction\":[{\"@type\":\"SearchAction\",\"target\":{\"@type\":\"EntryPoint\",\"urlTemplate\":\"https:\/\/www.originalpureskin.com\/fr\/?s={search_term_string}\"},\"query-input\":{\"@type\":\"PropertyValueSpecification\",\"valueRequired\":true,\"valueName\":\"search_term_string\"}}],\"inLanguage\":\"fr-FR\"},{\"@type\":\"Organization\",\"@id\":\"https:\/\/www.originalpureskin.com\/fr\/#organization\",\"name\":\"OPS! Original Pure Skin\",\"url\":\"https:\/\/www.originalpureskin.com\/fr\/\",\"logo\":{\"@type\":\"ImageObject\",\"inLanguage\":\"fr-FR\",\"@id\":\"https:\/\/www.originalpureskin.com\/fr\/#\/schema\/logo\/image\/\",\"url\":\"https:\/\/www.originalpureskin.com\/wp-content\/uploads\/2021\/01\/logo.png\",\"contentUrl\":\"https:\/\/www.originalpureskin.com\/wp-content\/uploads\/2021\/01\/logo.png\",\"width\":200,\"height\":88,\"caption\":\"OPS! Original Pure Skin\"},\"image\":{\"@id\":\"https:\/\/www.originalpureskin.com\/fr\/#\/schema\/logo\/image\/\"}}]}<\/script>\n<!-- \/ Yoast SEO plugin. -->","yoast_head_json":{"title":"S\u00e9rum anti-\u00e2ge LUST \u00e0 l'acide hyaluronique | OPS! Original Pure Skin","description":"Essayez LUST, notre s\u00e9rum yeux, l\u00e8vres et d\u00e9collet\u00e9 avec effet lifting \u00e0 l'acide hyaluronique et vitamine C. S\u00e9duisez avec ce s\u00e9rum p\u00e9cheur!","robots":{"index":"index","follow":"follow","max-snippet":"max-snippet:-1","max-image-preview":"max-image-preview:large","max-video-preview":"max-video-preview:-1"},"canonical":"https:\/\/www.originalpureskin.com\/fr\/produit\/lust-serum-visage-levres-acide-hyaluronique\/","og_locale":"fr_FR","og_type":"article","og_title":"S\u00e9rum anti-\u00e2ge LUST \u00e0 l'acide hyaluronique | OPS! Original Pure Skin","og_description":"Essayez LUST, notre s\u00e9rum yeux, l\u00e8vres et d\u00e9collet\u00e9 avec effet lifting \u00e0 l'acide hyaluronique et vitamine C. S\u00e9duisez avec ce s\u00e9rum p\u00e9cheur!","og_url":"https:\/\/www.originalpureskin.com\/fr\/produit\/lust-serum-visage-levres-acide-hyaluronique\/","og_site_name":"OPS! Original Pure Skin","article_modified_time":"2024-11-24T22:22:34+00:00","og_image":[{"width":680,"height":1020,"url":"https:\/\/www.originalpureskin.com\/wp-content\/uploads\/2020\/12\/lust-1.jpg","type":"image\/jpeg"}],"twitter_card":"summary_large_image","twitter_misc":{"Dur\u00e9e de lecture estim\u00e9e":"1 minute"},"schema":{"@context":"https:\/\/schema.org","@graph":[{"@type":"WebPage","@id":"https:\/\/www.originalpureskin.com\/fr\/produit\/lust-serum-visage-levres-acide-hyaluronique\/","url":"https:\/\/www.originalpureskin.com\/fr\/produit\/lust-serum-visage-levres-acide-hyaluronique\/","name":"S\u00e9rum anti-\u00e2ge LUST \u00e0 l'acide hyaluronique | OPS! Original Pure Skin","isPartOf":{"@id":"https:\/\/www.originalpureskin.com\/fr\/#website"},"primaryImageOfPage":{"@id":"https:\/\/www.originalpureskin.com\/fr\/produit\/lust-serum-visage-levres-acide-hyaluronique\/#primaryimage"},"image":{"@id":"https:\/\/www.originalpureskin.com\/fr\/produit\/lust-serum-visage-levres-acide-hyaluronique\/#primaryimage"},"thumbnailUrl":"https:\/\/www.originalpureskin.com\/wp-content\/uploads\/2020\/12\/lust-1-jpg.webp","datePublished":"2021-02-10T15:56:15+00:00","dateModified":"2024-11-24T22:22:34+00:00","description":"Essayez LUST, notre s\u00e9rum yeux, l\u00e8vres et d\u00e9collet\u00e9 avec effet lifting \u00e0 l'acide hyaluronique et vitamine C. S\u00e9duisez avec ce s\u00e9rum p\u00e9cheur!","breadcrumb":{"@id":"https:\/\/www.originalpureskin.com\/fr\/produit\/lust-serum-visage-levres-acide-hyaluronique\/#breadcrumb"},"inLanguage":"fr-FR","potentialAction":[{"@type":"ReadAction","target":["https:\/\/www.originalpureskin.com\/fr\/produit\/lust-serum-visage-levres-acide-hyaluronique\/"]}]},{"@type":"ImageObject","inLanguage":"fr-FR","@id":"https:\/\/www.originalpureskin.com\/fr\/produit\/lust-serum-visage-levres-acide-hyaluronique\/#primaryimage","url":"https:\/\/www.originalpureskin.com\/wp-content\/uploads\/2020\/12\/lust-1-jpg.webp","contentUrl":"https:\/\/www.originalpureskin.com\/wp-content\/uploads\/2020\/12\/lust-1-jpg.webp","width":680,"height":1020,"caption":"Lust siero contorno occhi e labbra con acido ialuronico, vitamina C e aloe vera con astuccio"},{"@type":"BreadcrumbList","@id":"https:\/\/www.originalpureskin.com\/fr\/produit\/lust-serum-visage-levres-acide-hyaluronique\/#breadcrumb","itemListElement":[{"@type":"ListItem","position":1,"name":"Home","item":"https:\/\/www.originalpureskin.com\/fr\/"},{"@type":"ListItem","position":2,"name":"Boutique","item":"https:\/\/www.originalpureskin.com\/fr\/boutique\/"},{"@type":"ListItem","position":3,"name":"Lust"}]},{"@type":"WebSite","@id":"https:\/\/www.originalpureskin.com\/fr\/#website","url":"https:\/\/www.originalpureskin.com\/fr\/","name":"OPS! Original Pure Skin","description":"Prodotti cosmeceutici naturali","publisher":{"@id":"https:\/\/www.originalpureskin.com\/fr\/#organization"},"potentialAction":[{"@type":"SearchAction","target":{"@type":"EntryPoint","urlTemplate":"https:\/\/www.originalpureskin.com\/fr\/?s={search_term_string}"},"query-input":{"@type":"PropertyValueSpecification","valueRequired":true,"valueName":"search_term_string"}}],"inLanguage":"fr-FR"},{"@type":"Organization","@id":"https:\/\/www.originalpureskin.com\/fr\/#organization","name":"OPS! Original Pure Skin","url":"https:\/\/www.originalpureskin.com\/fr\/","logo":{"@type":"ImageObject","inLanguage":"fr-FR","@id":"https:\/\/www.originalpureskin.com\/fr\/#\/schema\/logo\/image\/","url":"https:\/\/www.originalpureskin.com\/wp-content\/uploads\/2021\/01\/logo.png","contentUrl":"https:\/\/www.originalpureskin.com\/wp-content\/uploads\/2021\/01\/logo.png","width":200,"height":88,"caption":"OPS! Original Pure Skin"},"image":{"@id":"https:\/\/www.originalpureskin.com\/fr\/#\/schema\/logo\/image\/"}}]}},"_links":{"self":[{"href":"https:\/\/www.originalpureskin.com\/fr\/wp-json\/wp\/v2\/product\/659","targetHints":{"allow":["GET"]}}],"collection":[{"href":"https:\/\/www.originalpureskin.com\/fr\/wp-json\/wp\/v2\/product"}],"about":[{"href":"https:\/\/www.originalpureskin.com\/fr\/wp-json\/wp\/v2\/types\/product"}],"wp:featuredmedia":[{"embeddable":true,"href":"https:\/\/www.originalpureskin.com\/fr\/wp-json\/wp\/v2\/media\/869"}],"wp:attachment":[{"href":"https:\/\/www.originalpureskin.com\/fr\/wp-json\/wp\/v2\/media?parent=659"}],"wp:term":[{"taxonomy":"product_brand","embeddable":true,"href":"https:\/\/www.originalpureskin.com\/fr\/wp-json\/wp\/v2\/product_brand?post=659"},{"taxonomy":"product_cat","embeddable":true,"href":"https:\/\/www.originalpureskin.com\/fr\/wp-json\/wp\/v2\/product_cat?post=659"},{"taxonomy":"product_tag","embeddable":true,"href":"https:\/\/www.originalpureskin.com\/fr\/wp-json\/wp\/v2\/product_tag?post=659"},{"taxonomy":"giftcard-category","embeddable":true,"href":"https:\/\/www.originalpureskin.com\/fr\/wp-json\/wp\/v2\/giftcard-category?post=659"}],"curies":[{"name":"wp","href":"https:\/\/api.w.org\/{rel}","templated":true}]}}