{"id":658,"date":"2020-12-30T11:16:09","date_gmt":"2021-02-10T15:56:11","guid":{"rendered":"https:\/\/www.originalpureskin.com\/?post_type=product&#038;p=658"},"modified":"2024-11-21T23:08:03","modified_gmt":"2024-11-21T22:08:03","slug":"sloth-eau-micellaire-vitamine-c","status":"publish","type":"product","link":"https:\/\/www.originalpureskin.com\/fr\/produit\/sloth-eau-micellaire-vitamine-c\/","title":{"rendered":"Sloth"},"content":{"rendered":"<p>L&#8217;eau micellaire Sloth nettoie en profondeur le visage, \u00e9limine le maquillage et les impuret\u00e9s.<br \/>\nLes glycolipides associ\u00e9s \u00e0 la glyc\u00e9rine et \u00e0 la vitamine C hydratent profond\u00e9ment la peau en lui donnant un effet velout\u00e9.<br \/>\nL&#8217;acide hyaluronique donne un effet lifting naturel, donnant de l&#8217;\u00e9lasticit\u00e9 et prot\u00e9geant la peau du vieillissement.<\/p>\n","protected":false},"excerpt":{"rendered":"<p>L&#8217;eau micellaire Sloth nettoie en profondeur le visage, \u00e9limine le maquillage et les impuret\u00e9s. Les glycolipides associ\u00e9s \u00e0 la glyc\u00e9rine et \u00e0 la vitamine C hydratent profond\u00e9ment la peau en lui donnant un effet velout\u00e9. L&#8217;acide hyaluronique donne un effet lifting naturel, donnant de l&#8217;\u00e9lasticit\u00e9 et prot\u00e9geant la peau du vieillissement.<\/p>\n","protected":false},"featured_media":854,"template":"","meta":{"_acf_changed":false},"product_brand":[],"product_cat":[37,41,43],"product_tag":[],"giftcard-category":[],"class_list":{"0":"post-658","1":"product","2":"type-product","3":"status-publish","4":"has-post-thumbnail","6":"product_cat-first-category-fr","7":"product_cat-second-category-fr","8":"product_cat-third-category-fr","10":"first","11":"instock","12":"sale","13":"shipping-taxable","14":"purchasable","15":"product-type-simple"},"acf":[],"yoast_head":"<!-- This site is optimized with the Yoast SEO plugin v27.2 - https:\/\/yoast.com\/product\/yoast-seo-wordpress\/ -->\n<title>Eau micellaire hydratante SLOTH avec vitamine C | OPS! Original Pure Skin<\/title>\n<meta name=\"description\" content=\"Essayez &quot;SLOTH&quot;, notre eau micellaire avec action hydratante \u00e0 la vitamine C. L&#039;heure de la d\u00e9tente est arriv\u00e9e!\" \/>\n<meta name=\"robots\" content=\"index, follow, max-snippet:-1, max-image-preview:large, max-video-preview:-1\" \/>\n<link rel=\"canonical\" href=\"https:\/\/www.originalpureskin.com\/fr\/produit\/sloth-eau-micellaire-vitamine-c\/\" \/>\n<meta property=\"og:locale\" content=\"fr_FR\" \/>\n<meta property=\"og:type\" content=\"article\" \/>\n<meta property=\"og:title\" content=\"Eau micellaire hydratante SLOTH avec vitamine C | OPS! Original Pure Skin\" \/>\n<meta property=\"og:description\" content=\"Essayez &quot;SLOTH&quot;, notre eau micellaire avec action hydratante \u00e0 la vitamine C. L&#039;heure de la d\u00e9tente est arriv\u00e9e!\" \/>\n<meta property=\"og:url\" content=\"https:\/\/www.originalpureskin.com\/fr\/produit\/sloth-eau-micellaire-vitamine-c\/\" \/>\n<meta property=\"og:site_name\" content=\"OPS! Original Pure Skin\" \/>\n<meta property=\"article:modified_time\" content=\"2024-11-21T22:08:03+00:00\" \/>\n<meta property=\"og:image\" content=\"https:\/\/www.originalpureskin.com\/wp-content\/uploads\/2020\/12\/sloth-2.jpg\" \/>\n\t<meta property=\"og:image:width\" content=\"680\" \/>\n\t<meta property=\"og:image:height\" content=\"1020\" \/>\n\t<meta property=\"og:image:type\" content=\"image\/jpeg\" \/>\n<meta name=\"twitter:card\" content=\"summary_large_image\" \/>\n<meta name=\"twitter:label1\" content=\"Dur\u00e9e de lecture estim\u00e9e\" \/>\n\t<meta name=\"twitter:data1\" content=\"1 minute\" \/>\n<script type=\"application\/ld+json\" class=\"yoast-schema-graph\">{\"@context\":\"https:\/\/schema.org\",\"@graph\":[{\"@type\":\"WebPage\",\"@id\":\"https:\/\/www.originalpureskin.com\/fr\/produit\/sloth-eau-micellaire-vitamine-c\/\",\"url\":\"https:\/\/www.originalpureskin.com\/fr\/produit\/sloth-eau-micellaire-vitamine-c\/\",\"name\":\"Eau micellaire hydratante SLOTH avec vitamine C | OPS! Original Pure Skin\",\"isPartOf\":{\"@id\":\"https:\/\/www.originalpureskin.com\/fr\/#website\"},\"primaryImageOfPage\":{\"@id\":\"https:\/\/www.originalpureskin.com\/fr\/produit\/sloth-eau-micellaire-vitamine-c\/#primaryimage\"},\"image\":{\"@id\":\"https:\/\/www.originalpureskin.com\/fr\/produit\/sloth-eau-micellaire-vitamine-c\/#primaryimage\"},\"thumbnailUrl\":\"https:\/\/www.originalpureskin.com\/wp-content\/uploads\/2020\/12\/sloth-2-jpg.webp\",\"datePublished\":\"2021-02-10T15:56:11+00:00\",\"dateModified\":\"2024-11-21T22:08:03+00:00\",\"description\":\"Essayez \\\"SLOTH\\\", notre eau micellaire avec action hydratante \u00e0 la vitamine C. L'heure de la d\u00e9tente est arriv\u00e9e!\",\"breadcrumb\":{\"@id\":\"https:\/\/www.originalpureskin.com\/fr\/produit\/sloth-eau-micellaire-vitamine-c\/#breadcrumb\"},\"inLanguage\":\"fr-FR\",\"potentialAction\":[{\"@type\":\"ReadAction\",\"target\":[\"https:\/\/www.originalpureskin.com\/fr\/produit\/sloth-eau-micellaire-vitamine-c\/\"]}]},{\"@type\":\"ImageObject\",\"inLanguage\":\"fr-FR\",\"@id\":\"https:\/\/www.originalpureskin.com\/fr\/produit\/sloth-eau-micellaire-vitamine-c\/#primaryimage\",\"url\":\"https:\/\/www.originalpureskin.com\/wp-content\/uploads\/2020\/12\/sloth-2-jpg.webp\",\"contentUrl\":\"https:\/\/www.originalpureskin.com\/wp-content\/uploads\/2020\/12\/sloth-2-jpg.webp\",\"width\":680,\"height\":1020,\"caption\":\"Sloth acqua micellare idratante con vitamina C con astuccio\"},{\"@type\":\"BreadcrumbList\",\"@id\":\"https:\/\/www.originalpureskin.com\/fr\/produit\/sloth-eau-micellaire-vitamine-c\/#breadcrumb\",\"itemListElement\":[{\"@type\":\"ListItem\",\"position\":1,\"name\":\"Home\",\"item\":\"https:\/\/www.originalpureskin.com\/fr\/\"},{\"@type\":\"ListItem\",\"position\":2,\"name\":\"Boutique\",\"item\":\"https:\/\/www.originalpureskin.com\/fr\/boutique\/\"},{\"@type\":\"ListItem\",\"position\":3,\"name\":\"Sloth\"}]},{\"@type\":\"WebSite\",\"@id\":\"https:\/\/www.originalpureskin.com\/fr\/#website\",\"url\":\"https:\/\/www.originalpureskin.com\/fr\/\",\"name\":\"OPS! Original Pure Skin\",\"description\":\"Prodotti cosmeceutici naturali\",\"publisher\":{\"@id\":\"https:\/\/www.originalpureskin.com\/fr\/#organization\"},\"potentialAction\":[{\"@type\":\"SearchAction\",\"target\":{\"@type\":\"EntryPoint\",\"urlTemplate\":\"https:\/\/www.originalpureskin.com\/fr\/?s={search_term_string}\"},\"query-input\":{\"@type\":\"PropertyValueSpecification\",\"valueRequired\":true,\"valueName\":\"search_term_string\"}}],\"inLanguage\":\"fr-FR\"},{\"@type\":\"Organization\",\"@id\":\"https:\/\/www.originalpureskin.com\/fr\/#organization\",\"name\":\"OPS! Original Pure Skin\",\"url\":\"https:\/\/www.originalpureskin.com\/fr\/\",\"logo\":{\"@type\":\"ImageObject\",\"inLanguage\":\"fr-FR\",\"@id\":\"https:\/\/www.originalpureskin.com\/fr\/#\/schema\/logo\/image\/\",\"url\":\"https:\/\/www.originalpureskin.com\/wp-content\/uploads\/2021\/01\/logo.png\",\"contentUrl\":\"https:\/\/www.originalpureskin.com\/wp-content\/uploads\/2021\/01\/logo.png\",\"width\":200,\"height\":88,\"caption\":\"OPS! Original Pure Skin\"},\"image\":{\"@id\":\"https:\/\/www.originalpureskin.com\/fr\/#\/schema\/logo\/image\/\"}}]}<\/script>\n<!-- \/ Yoast SEO plugin. -->","yoast_head_json":{"title":"Eau micellaire hydratante SLOTH avec vitamine C | OPS! Original Pure Skin","description":"Essayez \"SLOTH\", notre eau micellaire avec action hydratante \u00e0 la vitamine C. L'heure de la d\u00e9tente est arriv\u00e9e!","robots":{"index":"index","follow":"follow","max-snippet":"max-snippet:-1","max-image-preview":"max-image-preview:large","max-video-preview":"max-video-preview:-1"},"canonical":"https:\/\/www.originalpureskin.com\/fr\/produit\/sloth-eau-micellaire-vitamine-c\/","og_locale":"fr_FR","og_type":"article","og_title":"Eau micellaire hydratante SLOTH avec vitamine C | OPS! Original Pure Skin","og_description":"Essayez \"SLOTH\", notre eau micellaire avec action hydratante \u00e0 la vitamine C. L'heure de la d\u00e9tente est arriv\u00e9e!","og_url":"https:\/\/www.originalpureskin.com\/fr\/produit\/sloth-eau-micellaire-vitamine-c\/","og_site_name":"OPS! Original Pure Skin","article_modified_time":"2024-11-21T22:08:03+00:00","og_image":[{"width":680,"height":1020,"url":"https:\/\/www.originalpureskin.com\/wp-content\/uploads\/2020\/12\/sloth-2.jpg","type":"image\/jpeg"}],"twitter_card":"summary_large_image","twitter_misc":{"Dur\u00e9e de lecture estim\u00e9e":"1 minute"},"schema":{"@context":"https:\/\/schema.org","@graph":[{"@type":"WebPage","@id":"https:\/\/www.originalpureskin.com\/fr\/produit\/sloth-eau-micellaire-vitamine-c\/","url":"https:\/\/www.originalpureskin.com\/fr\/produit\/sloth-eau-micellaire-vitamine-c\/","name":"Eau micellaire hydratante SLOTH avec vitamine C | OPS! Original Pure Skin","isPartOf":{"@id":"https:\/\/www.originalpureskin.com\/fr\/#website"},"primaryImageOfPage":{"@id":"https:\/\/www.originalpureskin.com\/fr\/produit\/sloth-eau-micellaire-vitamine-c\/#primaryimage"},"image":{"@id":"https:\/\/www.originalpureskin.com\/fr\/produit\/sloth-eau-micellaire-vitamine-c\/#primaryimage"},"thumbnailUrl":"https:\/\/www.originalpureskin.com\/wp-content\/uploads\/2020\/12\/sloth-2-jpg.webp","datePublished":"2021-02-10T15:56:11+00:00","dateModified":"2024-11-21T22:08:03+00:00","description":"Essayez \"SLOTH\", notre eau micellaire avec action hydratante \u00e0 la vitamine C. L'heure de la d\u00e9tente est arriv\u00e9e!","breadcrumb":{"@id":"https:\/\/www.originalpureskin.com\/fr\/produit\/sloth-eau-micellaire-vitamine-c\/#breadcrumb"},"inLanguage":"fr-FR","potentialAction":[{"@type":"ReadAction","target":["https:\/\/www.originalpureskin.com\/fr\/produit\/sloth-eau-micellaire-vitamine-c\/"]}]},{"@type":"ImageObject","inLanguage":"fr-FR","@id":"https:\/\/www.originalpureskin.com\/fr\/produit\/sloth-eau-micellaire-vitamine-c\/#primaryimage","url":"https:\/\/www.originalpureskin.com\/wp-content\/uploads\/2020\/12\/sloth-2-jpg.webp","contentUrl":"https:\/\/www.originalpureskin.com\/wp-content\/uploads\/2020\/12\/sloth-2-jpg.webp","width":680,"height":1020,"caption":"Sloth acqua micellare idratante con vitamina C con astuccio"},{"@type":"BreadcrumbList","@id":"https:\/\/www.originalpureskin.com\/fr\/produit\/sloth-eau-micellaire-vitamine-c\/#breadcrumb","itemListElement":[{"@type":"ListItem","position":1,"name":"Home","item":"https:\/\/www.originalpureskin.com\/fr\/"},{"@type":"ListItem","position":2,"name":"Boutique","item":"https:\/\/www.originalpureskin.com\/fr\/boutique\/"},{"@type":"ListItem","position":3,"name":"Sloth"}]},{"@type":"WebSite","@id":"https:\/\/www.originalpureskin.com\/fr\/#website","url":"https:\/\/www.originalpureskin.com\/fr\/","name":"OPS! Original Pure Skin","description":"Prodotti cosmeceutici naturali","publisher":{"@id":"https:\/\/www.originalpureskin.com\/fr\/#organization"},"potentialAction":[{"@type":"SearchAction","target":{"@type":"EntryPoint","urlTemplate":"https:\/\/www.originalpureskin.com\/fr\/?s={search_term_string}"},"query-input":{"@type":"PropertyValueSpecification","valueRequired":true,"valueName":"search_term_string"}}],"inLanguage":"fr-FR"},{"@type":"Organization","@id":"https:\/\/www.originalpureskin.com\/fr\/#organization","name":"OPS! Original Pure Skin","url":"https:\/\/www.originalpureskin.com\/fr\/","logo":{"@type":"ImageObject","inLanguage":"fr-FR","@id":"https:\/\/www.originalpureskin.com\/fr\/#\/schema\/logo\/image\/","url":"https:\/\/www.originalpureskin.com\/wp-content\/uploads\/2021\/01\/logo.png","contentUrl":"https:\/\/www.originalpureskin.com\/wp-content\/uploads\/2021\/01\/logo.png","width":200,"height":88,"caption":"OPS! Original Pure Skin"},"image":{"@id":"https:\/\/www.originalpureskin.com\/fr\/#\/schema\/logo\/image\/"}}]}},"_links":{"self":[{"href":"https:\/\/www.originalpureskin.com\/fr\/wp-json\/wp\/v2\/product\/658","targetHints":{"allow":["GET"]}}],"collection":[{"href":"https:\/\/www.originalpureskin.com\/fr\/wp-json\/wp\/v2\/product"}],"about":[{"href":"https:\/\/www.originalpureskin.com\/fr\/wp-json\/wp\/v2\/types\/product"}],"wp:featuredmedia":[{"embeddable":true,"href":"https:\/\/www.originalpureskin.com\/fr\/wp-json\/wp\/v2\/media\/854"}],"wp:attachment":[{"href":"https:\/\/www.originalpureskin.com\/fr\/wp-json\/wp\/v2\/media?parent=658"}],"wp:term":[{"taxonomy":"product_brand","embeddable":true,"href":"https:\/\/www.originalpureskin.com\/fr\/wp-json\/wp\/v2\/product_brand?post=658"},{"taxonomy":"product_cat","embeddable":true,"href":"https:\/\/www.originalpureskin.com\/fr\/wp-json\/wp\/v2\/product_cat?post=658"},{"taxonomy":"product_tag","embeddable":true,"href":"https:\/\/www.originalpureskin.com\/fr\/wp-json\/wp\/v2\/product_tag?post=658"},{"taxonomy":"giftcard-category","embeddable":true,"href":"https:\/\/www.originalpureskin.com\/fr\/wp-json\/wp\/v2\/giftcard-category?post=658"}],"curies":[{"name":"wp","href":"https:\/\/api.w.org\/{rel}","templated":true}]}}