{"id":657,"date":"2020-12-30T11:18:39","date_gmt":"2021-02-10T15:54:14","guid":{"rendered":"https:\/\/www.originalpureskin.com\/?post_type=product&#038;p=657"},"modified":"2024-11-19T23:02:44","modified_gmt":"2024-11-19T22:02:44","slug":"envy-creme-fluide-cellulite-huile-chanvre","status":"publish","type":"product","link":"https:\/\/www.originalpureskin.com\/fr\/produit\/envy-creme-fluide-cellulite-huile-chanvre\/","title":{"rendered":"Envy"},"content":{"rendered":"<p>Envy est un traitement intensif qui aide \u00e0 r\u00e9duire l&#8217;adiposit\u00e9 localis\u00e9e, \u00e0 red\u00e9finir la silhouette et \u00e0 donner de l&#8217;\u00e9lasticit\u00e9 \u00e0 votre peau en pr\u00e9venant les vergetures. R\u00e9duit visiblement la cellulite, lisse et tonifie la peau. Une cr\u00e8me pour le corps \u00e0 action imm\u00e9diate, qui r\u00e9active la circulation en donnant une sensation de soulagement instantan\u00e9. Gr\u00e2ce \u00e0 l&#8217;huile de chanvre qui illumine, apaise et rend la peau plus homog\u00e8ne associ\u00e9e \u00e0 la centella et \u00e0 la caf\u00e9ine, qui r\u00e9duisent les gonflements et favorisent le drainage des liquides, les jambes b\u00e9n\u00e9ficieront d&#8217;un effet antigravit\u00e9 jamais vu auparavant. De plus, l&#8217;huile de jojoba et l&#8217;aloe vera renforcent et activent la microcirculation gr\u00e2ce \u00e0 leurs propri\u00e9t\u00e9s hydratantes, \u00e9mollientes et \u00e9lastiques.<\/p>\n","protected":false},"excerpt":{"rendered":"<p>Envy est un traitement intensif qui aide \u00e0 r\u00e9duire l&#8217;adiposit\u00e9 localis\u00e9e, \u00e0 red\u00e9finir la silhouette et \u00e0 donner de l&#8217;\u00e9lasticit\u00e9 \u00e0 votre peau en pr\u00e9venant les vergetures. R\u00e9duit visiblement la cellulite, lisse et tonifie la peau. Une cr\u00e8me pour le corps \u00e0 action imm\u00e9diate, qui r\u00e9active la circulation en donnant une sensation de soulagement instantan\u00e9. [&hellip;]<\/p>\n","protected":false},"featured_media":845,"template":"","meta":{"_acf_changed":false},"product_brand":[],"product_cat":[37,41,43],"product_tag":[],"giftcard-category":[],"class_list":{"0":"post-657","1":"product","2":"type-product","3":"status-publish","4":"has-post-thumbnail","6":"product_cat-first-category-fr","7":"product_cat-second-category-fr","8":"product_cat-third-category-fr","10":"first","11":"instock","12":"sale","13":"shipping-taxable","14":"purchasable","15":"product-type-simple"},"acf":[],"yoast_head":"<!-- This site is optimized with the Yoast SEO plugin v27.2 - https:\/\/yoast.com\/product\/yoast-seo-wordpress\/ -->\n<title>Cr\u00e8me fluide anti-cellulite ENVY \u00e0 la caf\u00e9ine | OPS! Original Pure Skin<\/title>\n<meta name=\"description\" content=\"Essayez &quot;ENVY&quot;, notre cr\u00e8me fluide anti-cellulite et anti-vergetures, \u00e0 l&#039;huile de chanvre, Centella et caf\u00e9ine. Pour un corps \u00e0 envier!\" \/>\n<meta name=\"robots\" content=\"index, follow, max-snippet:-1, max-image-preview:large, max-video-preview:-1\" \/>\n<link rel=\"canonical\" href=\"https:\/\/www.originalpureskin.com\/fr\/produit\/envy-creme-fluide-cellulite-huile-chanvre\/\" \/>\n<meta property=\"og:locale\" content=\"fr_FR\" \/>\n<meta property=\"og:type\" content=\"article\" \/>\n<meta property=\"og:title\" content=\"Cr\u00e8me fluide anti-cellulite ENVY \u00e0 la caf\u00e9ine | OPS! Original Pure Skin\" \/>\n<meta property=\"og:description\" content=\"Essayez &quot;ENVY&quot;, notre cr\u00e8me fluide anti-cellulite et anti-vergetures, \u00e0 l&#039;huile de chanvre, Centella et caf\u00e9ine. Pour un corps \u00e0 envier!\" \/>\n<meta property=\"og:url\" content=\"https:\/\/www.originalpureskin.com\/fr\/produit\/envy-creme-fluide-cellulite-huile-chanvre\/\" \/>\n<meta property=\"og:site_name\" content=\"OPS! Original Pure Skin\" \/>\n<meta property=\"article:modified_time\" content=\"2024-11-19T22:02:44+00:00\" \/>\n<meta property=\"og:image\" content=\"https:\/\/www.originalpureskin.com\/wp-content\/uploads\/2020\/12\/envy-2.jpg\" \/>\n\t<meta property=\"og:image:width\" content=\"680\" \/>\n\t<meta property=\"og:image:height\" content=\"1020\" \/>\n\t<meta property=\"og:image:type\" content=\"image\/jpeg\" \/>\n<meta name=\"twitter:card\" content=\"summary_large_image\" \/>\n<meta name=\"twitter:label1\" content=\"Dur\u00e9e de lecture estim\u00e9e\" \/>\n\t<meta name=\"twitter:data1\" content=\"1 minute\" \/>\n<script type=\"application\/ld+json\" class=\"yoast-schema-graph\">{\"@context\":\"https:\/\/schema.org\",\"@graph\":[{\"@type\":\"WebPage\",\"@id\":\"https:\/\/www.originalpureskin.com\/fr\/produit\/envy-creme-fluide-cellulite-huile-chanvre\/\",\"url\":\"https:\/\/www.originalpureskin.com\/fr\/produit\/envy-creme-fluide-cellulite-huile-chanvre\/\",\"name\":\"Cr\u00e8me fluide anti-cellulite ENVY \u00e0 la caf\u00e9ine | OPS! Original Pure Skin\",\"isPartOf\":{\"@id\":\"https:\/\/www.originalpureskin.com\/fr\/#website\"},\"primaryImageOfPage\":{\"@id\":\"https:\/\/www.originalpureskin.com\/fr\/produit\/envy-creme-fluide-cellulite-huile-chanvre\/#primaryimage\"},\"image\":{\"@id\":\"https:\/\/www.originalpureskin.com\/fr\/produit\/envy-creme-fluide-cellulite-huile-chanvre\/#primaryimage\"},\"thumbnailUrl\":\"https:\/\/www.originalpureskin.com\/wp-content\/uploads\/2020\/12\/envy-2-jpg.webp\",\"datePublished\":\"2021-02-10T15:54:14+00:00\",\"dateModified\":\"2024-11-19T22:02:44+00:00\",\"description\":\"Essayez \\\"ENVY\\\", notre cr\u00e8me fluide anti-cellulite et anti-vergetures, \u00e0 l'huile de chanvre, Centella et caf\u00e9ine. Pour un corps \u00e0 envier!\",\"breadcrumb\":{\"@id\":\"https:\/\/www.originalpureskin.com\/fr\/produit\/envy-creme-fluide-cellulite-huile-chanvre\/#breadcrumb\"},\"inLanguage\":\"fr-FR\",\"potentialAction\":[{\"@type\":\"ReadAction\",\"target\":[\"https:\/\/www.originalpureskin.com\/fr\/produit\/envy-creme-fluide-cellulite-huile-chanvre\/\"]}]},{\"@type\":\"ImageObject\",\"inLanguage\":\"fr-FR\",\"@id\":\"https:\/\/www.originalpureskin.com\/fr\/produit\/envy-creme-fluide-cellulite-huile-chanvre\/#primaryimage\",\"url\":\"https:\/\/www.originalpureskin.com\/wp-content\/uploads\/2020\/12\/envy-2-jpg.webp\",\"contentUrl\":\"https:\/\/www.originalpureskin.com\/wp-content\/uploads\/2020\/12\/envy-2-jpg.webp\",\"width\":680,\"height\":1020,\"caption\":\"Envy crema cellulite e smagliature, con olio di canapa, aloe vera e acido ialuronico con astuccio\"},{\"@type\":\"BreadcrumbList\",\"@id\":\"https:\/\/www.originalpureskin.com\/fr\/produit\/envy-creme-fluide-cellulite-huile-chanvre\/#breadcrumb\",\"itemListElement\":[{\"@type\":\"ListItem\",\"position\":1,\"name\":\"Home\",\"item\":\"https:\/\/www.originalpureskin.com\/fr\/\"},{\"@type\":\"ListItem\",\"position\":2,\"name\":\"Boutique\",\"item\":\"https:\/\/www.originalpureskin.com\/fr\/boutique\/\"},{\"@type\":\"ListItem\",\"position\":3,\"name\":\"Envy\"}]},{\"@type\":\"WebSite\",\"@id\":\"https:\/\/www.originalpureskin.com\/fr\/#website\",\"url\":\"https:\/\/www.originalpureskin.com\/fr\/\",\"name\":\"OPS! Original Pure Skin\",\"description\":\"Prodotti cosmeceutici naturali\",\"publisher\":{\"@id\":\"https:\/\/www.originalpureskin.com\/fr\/#organization\"},\"potentialAction\":[{\"@type\":\"SearchAction\",\"target\":{\"@type\":\"EntryPoint\",\"urlTemplate\":\"https:\/\/www.originalpureskin.com\/fr\/?s={search_term_string}\"},\"query-input\":{\"@type\":\"PropertyValueSpecification\",\"valueRequired\":true,\"valueName\":\"search_term_string\"}}],\"inLanguage\":\"fr-FR\"},{\"@type\":\"Organization\",\"@id\":\"https:\/\/www.originalpureskin.com\/fr\/#organization\",\"name\":\"OPS! Original Pure Skin\",\"url\":\"https:\/\/www.originalpureskin.com\/fr\/\",\"logo\":{\"@type\":\"ImageObject\",\"inLanguage\":\"fr-FR\",\"@id\":\"https:\/\/www.originalpureskin.com\/fr\/#\/schema\/logo\/image\/\",\"url\":\"https:\/\/www.originalpureskin.com\/wp-content\/uploads\/2021\/01\/logo.png\",\"contentUrl\":\"https:\/\/www.originalpureskin.com\/wp-content\/uploads\/2021\/01\/logo.png\",\"width\":200,\"height\":88,\"caption\":\"OPS! Original Pure Skin\"},\"image\":{\"@id\":\"https:\/\/www.originalpureskin.com\/fr\/#\/schema\/logo\/image\/\"}}]}<\/script>\n<!-- \/ Yoast SEO plugin. -->","yoast_head_json":{"title":"Cr\u00e8me fluide anti-cellulite ENVY \u00e0 la caf\u00e9ine | OPS! Original Pure Skin","description":"Essayez \"ENVY\", notre cr\u00e8me fluide anti-cellulite et anti-vergetures, \u00e0 l'huile de chanvre, Centella et caf\u00e9ine. Pour un corps \u00e0 envier!","robots":{"index":"index","follow":"follow","max-snippet":"max-snippet:-1","max-image-preview":"max-image-preview:large","max-video-preview":"max-video-preview:-1"},"canonical":"https:\/\/www.originalpureskin.com\/fr\/produit\/envy-creme-fluide-cellulite-huile-chanvre\/","og_locale":"fr_FR","og_type":"article","og_title":"Cr\u00e8me fluide anti-cellulite ENVY \u00e0 la caf\u00e9ine | OPS! Original Pure Skin","og_description":"Essayez \"ENVY\", notre cr\u00e8me fluide anti-cellulite et anti-vergetures, \u00e0 l'huile de chanvre, Centella et caf\u00e9ine. Pour un corps \u00e0 envier!","og_url":"https:\/\/www.originalpureskin.com\/fr\/produit\/envy-creme-fluide-cellulite-huile-chanvre\/","og_site_name":"OPS! Original Pure Skin","article_modified_time":"2024-11-19T22:02:44+00:00","og_image":[{"width":680,"height":1020,"url":"https:\/\/www.originalpureskin.com\/wp-content\/uploads\/2020\/12\/envy-2.jpg","type":"image\/jpeg"}],"twitter_card":"summary_large_image","twitter_misc":{"Dur\u00e9e de lecture estim\u00e9e":"1 minute"},"schema":{"@context":"https:\/\/schema.org","@graph":[{"@type":"WebPage","@id":"https:\/\/www.originalpureskin.com\/fr\/produit\/envy-creme-fluide-cellulite-huile-chanvre\/","url":"https:\/\/www.originalpureskin.com\/fr\/produit\/envy-creme-fluide-cellulite-huile-chanvre\/","name":"Cr\u00e8me fluide anti-cellulite ENVY \u00e0 la caf\u00e9ine | OPS! Original Pure Skin","isPartOf":{"@id":"https:\/\/www.originalpureskin.com\/fr\/#website"},"primaryImageOfPage":{"@id":"https:\/\/www.originalpureskin.com\/fr\/produit\/envy-creme-fluide-cellulite-huile-chanvre\/#primaryimage"},"image":{"@id":"https:\/\/www.originalpureskin.com\/fr\/produit\/envy-creme-fluide-cellulite-huile-chanvre\/#primaryimage"},"thumbnailUrl":"https:\/\/www.originalpureskin.com\/wp-content\/uploads\/2020\/12\/envy-2-jpg.webp","datePublished":"2021-02-10T15:54:14+00:00","dateModified":"2024-11-19T22:02:44+00:00","description":"Essayez \"ENVY\", notre cr\u00e8me fluide anti-cellulite et anti-vergetures, \u00e0 l'huile de chanvre, Centella et caf\u00e9ine. Pour un corps \u00e0 envier!","breadcrumb":{"@id":"https:\/\/www.originalpureskin.com\/fr\/produit\/envy-creme-fluide-cellulite-huile-chanvre\/#breadcrumb"},"inLanguage":"fr-FR","potentialAction":[{"@type":"ReadAction","target":["https:\/\/www.originalpureskin.com\/fr\/produit\/envy-creme-fluide-cellulite-huile-chanvre\/"]}]},{"@type":"ImageObject","inLanguage":"fr-FR","@id":"https:\/\/www.originalpureskin.com\/fr\/produit\/envy-creme-fluide-cellulite-huile-chanvre\/#primaryimage","url":"https:\/\/www.originalpureskin.com\/wp-content\/uploads\/2020\/12\/envy-2-jpg.webp","contentUrl":"https:\/\/www.originalpureskin.com\/wp-content\/uploads\/2020\/12\/envy-2-jpg.webp","width":680,"height":1020,"caption":"Envy crema cellulite e smagliature, con olio di canapa, aloe vera e acido ialuronico con astuccio"},{"@type":"BreadcrumbList","@id":"https:\/\/www.originalpureskin.com\/fr\/produit\/envy-creme-fluide-cellulite-huile-chanvre\/#breadcrumb","itemListElement":[{"@type":"ListItem","position":1,"name":"Home","item":"https:\/\/www.originalpureskin.com\/fr\/"},{"@type":"ListItem","position":2,"name":"Boutique","item":"https:\/\/www.originalpureskin.com\/fr\/boutique\/"},{"@type":"ListItem","position":3,"name":"Envy"}]},{"@type":"WebSite","@id":"https:\/\/www.originalpureskin.com\/fr\/#website","url":"https:\/\/www.originalpureskin.com\/fr\/","name":"OPS! Original Pure Skin","description":"Prodotti cosmeceutici naturali","publisher":{"@id":"https:\/\/www.originalpureskin.com\/fr\/#organization"},"potentialAction":[{"@type":"SearchAction","target":{"@type":"EntryPoint","urlTemplate":"https:\/\/www.originalpureskin.com\/fr\/?s={search_term_string}"},"query-input":{"@type":"PropertyValueSpecification","valueRequired":true,"valueName":"search_term_string"}}],"inLanguage":"fr-FR"},{"@type":"Organization","@id":"https:\/\/www.originalpureskin.com\/fr\/#organization","name":"OPS! Original Pure Skin","url":"https:\/\/www.originalpureskin.com\/fr\/","logo":{"@type":"ImageObject","inLanguage":"fr-FR","@id":"https:\/\/www.originalpureskin.com\/fr\/#\/schema\/logo\/image\/","url":"https:\/\/www.originalpureskin.com\/wp-content\/uploads\/2021\/01\/logo.png","contentUrl":"https:\/\/www.originalpureskin.com\/wp-content\/uploads\/2021\/01\/logo.png","width":200,"height":88,"caption":"OPS! Original Pure Skin"},"image":{"@id":"https:\/\/www.originalpureskin.com\/fr\/#\/schema\/logo\/image\/"}}]}},"_links":{"self":[{"href":"https:\/\/www.originalpureskin.com\/fr\/wp-json\/wp\/v2\/product\/657","targetHints":{"allow":["GET"]}}],"collection":[{"href":"https:\/\/www.originalpureskin.com\/fr\/wp-json\/wp\/v2\/product"}],"about":[{"href":"https:\/\/www.originalpureskin.com\/fr\/wp-json\/wp\/v2\/types\/product"}],"wp:featuredmedia":[{"embeddable":true,"href":"https:\/\/www.originalpureskin.com\/fr\/wp-json\/wp\/v2\/media\/845"}],"wp:attachment":[{"href":"https:\/\/www.originalpureskin.com\/fr\/wp-json\/wp\/v2\/media?parent=657"}],"wp:term":[{"taxonomy":"product_brand","embeddable":true,"href":"https:\/\/www.originalpureskin.com\/fr\/wp-json\/wp\/v2\/product_brand?post=657"},{"taxonomy":"product_cat","embeddable":true,"href":"https:\/\/www.originalpureskin.com\/fr\/wp-json\/wp\/v2\/product_cat?post=657"},{"taxonomy":"product_tag","embeddable":true,"href":"https:\/\/www.originalpureskin.com\/fr\/wp-json\/wp\/v2\/product_tag?post=657"},{"taxonomy":"giftcard-category","embeddable":true,"href":"https:\/\/www.originalpureskin.com\/fr\/wp-json\/wp\/v2\/giftcard-category?post=657"}],"curies":[{"name":"wp","href":"https:\/\/api.w.org\/{rel}","templated":true}]}}