{"id":1327,"date":"2021-04-16T17:38:57","date_gmt":"2021-04-16T15:39:49","guid":{"rendered":"https:\/\/www.originalpureskin.com\/?post_type=product&#038;p=1327"},"modified":"2021-04-30T17:14:49","modified_gmt":"2021-04-30T15:14:49","slug":"combo-pack-envy-gluttony","status":"publish","type":"product","link":"https:\/\/www.originalpureskin.com\/fr\/produit\/combo-pack-envy-gluttony\/","title":{"rendered":"Combo Pack ENVY+GLUTTONY"},"content":{"rendered":"<p>Le Combo que votre corps attendait!<br \/>\n<strong>GLUTTONY<\/strong>, gr\u00e2ce aux propri\u00e9t\u00e9s de l&#8217;huile de chanvre, de l&#8217;huile de jojoba et d&#8217;un m\u00e9lange d&#8217;huiles essentielles, est une cr\u00e8me raffermissante et hydratante puissante qui profitera imm\u00e9diatement \u00e0 votre peau.<br \/>\n<strong>ENVY<\/strong>, au gotu kola et \u00e0 la caf\u00e9ine, est un excellent alli\u00e9 contre la cellulite et les vergetures: les ingr\u00e9dients contenus et les principes actifs pr\u00e9sents ont une action lissante et tonifiante efficace!<br \/>\nLes deux produits sont \u00e9galement riches en vitamine E.<br \/>\nProfitez de l&#8217;offre! La qualit\u00e9 \u00e0 un prix avantageux! <\/p>\n","protected":false},"excerpt":{"rendered":"<p>Le Combo que votre corps attendait! GLUTTONY, gr\u00e2ce aux propri\u00e9t\u00e9s de l&#8217;huile de chanvre, de l&#8217;huile de jojoba et d&#8217;un m\u00e9lange d&#8217;huiles essentielles, est une cr\u00e8me raffermissante et hydratante puissante qui profitera imm\u00e9diatement \u00e0 votre peau. ENVY, au gotu kola et \u00e0 la caf\u00e9ine, est un excellent alli\u00e9 contre la cellulite et les vergetures: les [&hellip;]<\/p>\n","protected":false},"featured_media":1335,"template":"","meta":{"_acf_changed":false},"product_brand":[],"product_cat":[39],"product_tag":[],"giftcard-category":[],"class_list":{"0":"post-1327","1":"product","2":"type-product","3":"status-publish","4":"has-post-thumbnail","6":"product_cat-non-categorizzato-fr","8":"first","9":"instock","10":"sale","11":"shipping-taxable","12":"purchasable","13":"product-type-simple"},"acf":[],"yoast_head":"<!-- This site is optimized with the Yoast SEO plugin v27.2 - https:\/\/yoast.com\/product\/yoast-seo-wordpress\/ -->\n<title>Combo Pack ENVY+GLUTTONY | OPS! Original Pure Skin<\/title>\n<meta name=\"robots\" content=\"index, follow, max-snippet:-1, max-image-preview:large, max-video-preview:-1\" \/>\n<link rel=\"canonical\" href=\"https:\/\/www.originalpureskin.com\/fr\/produit\/combo-pack-envy-gluttony\/\" \/>\n<meta property=\"og:locale\" content=\"fr_FR\" \/>\n<meta property=\"og:type\" content=\"article\" \/>\n<meta property=\"og:title\" content=\"Combo Pack ENVY+GLUTTONY | OPS! Original Pure Skin\" \/>\n<meta property=\"og:description\" content=\"Le Combo que votre corps attendait! GLUTTONY, gr\u00e2ce aux propri\u00e9t\u00e9s de l&#8217;huile de chanvre, de l&#8217;huile de jojoba et d&#8217;un m\u00e9lange d&#8217;huiles essentielles, est une cr\u00e8me raffermissante et hydratante puissante qui profitera imm\u00e9diatement \u00e0 votre peau. ENVY, au gotu kola et \u00e0 la caf\u00e9ine, est un excellent alli\u00e9 contre la cellulite et les vergetures: les [&hellip;]\" \/>\n<meta property=\"og:url\" content=\"https:\/\/www.originalpureskin.com\/fr\/produit\/combo-pack-envy-gluttony\/\" \/>\n<meta property=\"og:site_name\" content=\"OPS! Original Pure Skin\" \/>\n<meta property=\"article:modified_time\" content=\"2021-04-30T15:14:49+00:00\" \/>\n<meta property=\"og:image\" content=\"https:\/\/www.originalpureskin.com\/wp-content\/uploads\/2021\/04\/combo-jpg.webp\" \/>\n\t<meta property=\"og:image:width\" content=\"800\" \/>\n\t<meta property=\"og:image:height\" content=\"1200\" \/>\n\t<meta property=\"og:image:type\" content=\"image\/jpeg\" \/>\n<meta name=\"twitter:card\" content=\"summary_large_image\" \/>\n<script type=\"application\/ld+json\" class=\"yoast-schema-graph\">{\"@context\":\"https:\/\/schema.org\",\"@graph\":[{\"@type\":\"WebPage\",\"@id\":\"https:\/\/www.originalpureskin.com\/fr\/produit\/combo-pack-envy-gluttony\/\",\"url\":\"https:\/\/www.originalpureskin.com\/fr\/produit\/combo-pack-envy-gluttony\/\",\"name\":\"Combo Pack ENVY+GLUTTONY | OPS! Original Pure Skin\",\"isPartOf\":{\"@id\":\"https:\/\/www.originalpureskin.com\/fr\/#website\"},\"primaryImageOfPage\":{\"@id\":\"https:\/\/www.originalpureskin.com\/fr\/produit\/combo-pack-envy-gluttony\/#primaryimage\"},\"image\":{\"@id\":\"https:\/\/www.originalpureskin.com\/fr\/produit\/combo-pack-envy-gluttony\/#primaryimage\"},\"thumbnailUrl\":\"https:\/\/www.originalpureskin.com\/wp-content\/uploads\/2021\/04\/combo-jpg.webp\",\"datePublished\":\"2021-04-16T15:39:49+00:00\",\"dateModified\":\"2021-04-30T15:14:49+00:00\",\"breadcrumb\":{\"@id\":\"https:\/\/www.originalpureskin.com\/fr\/produit\/combo-pack-envy-gluttony\/#breadcrumb\"},\"inLanguage\":\"fr-FR\",\"potentialAction\":[{\"@type\":\"ReadAction\",\"target\":[\"https:\/\/www.originalpureskin.com\/fr\/produit\/combo-pack-envy-gluttony\/\"]}]},{\"@type\":\"ImageObject\",\"inLanguage\":\"fr-FR\",\"@id\":\"https:\/\/www.originalpureskin.com\/fr\/produit\/combo-pack-envy-gluttony\/#primaryimage\",\"url\":\"https:\/\/www.originalpureskin.com\/wp-content\/uploads\/2021\/04\/combo-jpg.webp\",\"contentUrl\":\"https:\/\/www.originalpureskin.com\/wp-content\/uploads\/2021\/04\/combo-jpg.webp\",\"width\":800,\"height\":1200,\"caption\":\"envy-gluttony\"},{\"@type\":\"BreadcrumbList\",\"@id\":\"https:\/\/www.originalpureskin.com\/fr\/produit\/combo-pack-envy-gluttony\/#breadcrumb\",\"itemListElement\":[{\"@type\":\"ListItem\",\"position\":1,\"name\":\"Home\",\"item\":\"https:\/\/www.originalpureskin.com\/fr\/\"},{\"@type\":\"ListItem\",\"position\":2,\"name\":\"Boutique\",\"item\":\"https:\/\/www.originalpureskin.com\/fr\/boutique\/\"},{\"@type\":\"ListItem\",\"position\":3,\"name\":\"Combo Pack ENVY+GLUTTONY\"}]},{\"@type\":\"WebSite\",\"@id\":\"https:\/\/www.originalpureskin.com\/fr\/#website\",\"url\":\"https:\/\/www.originalpureskin.com\/fr\/\",\"name\":\"OPS! Original Pure Skin\",\"description\":\"Prodotti cosmeceutici naturali\",\"publisher\":{\"@id\":\"https:\/\/www.originalpureskin.com\/fr\/#organization\"},\"potentialAction\":[{\"@type\":\"SearchAction\",\"target\":{\"@type\":\"EntryPoint\",\"urlTemplate\":\"https:\/\/www.originalpureskin.com\/fr\/?s={search_term_string}\"},\"query-input\":{\"@type\":\"PropertyValueSpecification\",\"valueRequired\":true,\"valueName\":\"search_term_string\"}}],\"inLanguage\":\"fr-FR\"},{\"@type\":\"Organization\",\"@id\":\"https:\/\/www.originalpureskin.com\/fr\/#organization\",\"name\":\"OPS! Original Pure Skin\",\"url\":\"https:\/\/www.originalpureskin.com\/fr\/\",\"logo\":{\"@type\":\"ImageObject\",\"inLanguage\":\"fr-FR\",\"@id\":\"https:\/\/www.originalpureskin.com\/fr\/#\/schema\/logo\/image\/\",\"url\":\"https:\/\/www.originalpureskin.com\/wp-content\/uploads\/2021\/01\/logo.png\",\"contentUrl\":\"https:\/\/www.originalpureskin.com\/wp-content\/uploads\/2021\/01\/logo.png\",\"width\":200,\"height\":88,\"caption\":\"OPS! Original Pure Skin\"},\"image\":{\"@id\":\"https:\/\/www.originalpureskin.com\/fr\/#\/schema\/logo\/image\/\"}}]}<\/script>\n<!-- \/ Yoast SEO plugin. -->","yoast_head_json":{"title":"Combo Pack ENVY+GLUTTONY | OPS! Original Pure Skin","robots":{"index":"index","follow":"follow","max-snippet":"max-snippet:-1","max-image-preview":"max-image-preview:large","max-video-preview":"max-video-preview:-1"},"canonical":"https:\/\/www.originalpureskin.com\/fr\/produit\/combo-pack-envy-gluttony\/","og_locale":"fr_FR","og_type":"article","og_title":"Combo Pack ENVY+GLUTTONY | OPS! Original Pure Skin","og_description":"Le Combo que votre corps attendait! GLUTTONY, gr\u00e2ce aux propri\u00e9t\u00e9s de l&#8217;huile de chanvre, de l&#8217;huile de jojoba et d&#8217;un m\u00e9lange d&#8217;huiles essentielles, est une cr\u00e8me raffermissante et hydratante puissante qui profitera imm\u00e9diatement \u00e0 votre peau. ENVY, au gotu kola et \u00e0 la caf\u00e9ine, est un excellent alli\u00e9 contre la cellulite et les vergetures: les [&hellip;]","og_url":"https:\/\/www.originalpureskin.com\/fr\/produit\/combo-pack-envy-gluttony\/","og_site_name":"OPS! Original Pure Skin","article_modified_time":"2021-04-30T15:14:49+00:00","og_image":[{"width":800,"height":1200,"url":"https:\/\/www.originalpureskin.com\/wp-content\/uploads\/2021\/04\/combo-jpg.webp","type":"image\/jpeg"}],"twitter_card":"summary_large_image","schema":{"@context":"https:\/\/schema.org","@graph":[{"@type":"WebPage","@id":"https:\/\/www.originalpureskin.com\/fr\/produit\/combo-pack-envy-gluttony\/","url":"https:\/\/www.originalpureskin.com\/fr\/produit\/combo-pack-envy-gluttony\/","name":"Combo Pack ENVY+GLUTTONY | OPS! Original Pure Skin","isPartOf":{"@id":"https:\/\/www.originalpureskin.com\/fr\/#website"},"primaryImageOfPage":{"@id":"https:\/\/www.originalpureskin.com\/fr\/produit\/combo-pack-envy-gluttony\/#primaryimage"},"image":{"@id":"https:\/\/www.originalpureskin.com\/fr\/produit\/combo-pack-envy-gluttony\/#primaryimage"},"thumbnailUrl":"https:\/\/www.originalpureskin.com\/wp-content\/uploads\/2021\/04\/combo-jpg.webp","datePublished":"2021-04-16T15:39:49+00:00","dateModified":"2021-04-30T15:14:49+00:00","breadcrumb":{"@id":"https:\/\/www.originalpureskin.com\/fr\/produit\/combo-pack-envy-gluttony\/#breadcrumb"},"inLanguage":"fr-FR","potentialAction":[{"@type":"ReadAction","target":["https:\/\/www.originalpureskin.com\/fr\/produit\/combo-pack-envy-gluttony\/"]}]},{"@type":"ImageObject","inLanguage":"fr-FR","@id":"https:\/\/www.originalpureskin.com\/fr\/produit\/combo-pack-envy-gluttony\/#primaryimage","url":"https:\/\/www.originalpureskin.com\/wp-content\/uploads\/2021\/04\/combo-jpg.webp","contentUrl":"https:\/\/www.originalpureskin.com\/wp-content\/uploads\/2021\/04\/combo-jpg.webp","width":800,"height":1200,"caption":"envy-gluttony"},{"@type":"BreadcrumbList","@id":"https:\/\/www.originalpureskin.com\/fr\/produit\/combo-pack-envy-gluttony\/#breadcrumb","itemListElement":[{"@type":"ListItem","position":1,"name":"Home","item":"https:\/\/www.originalpureskin.com\/fr\/"},{"@type":"ListItem","position":2,"name":"Boutique","item":"https:\/\/www.originalpureskin.com\/fr\/boutique\/"},{"@type":"ListItem","position":3,"name":"Combo Pack ENVY+GLUTTONY"}]},{"@type":"WebSite","@id":"https:\/\/www.originalpureskin.com\/fr\/#website","url":"https:\/\/www.originalpureskin.com\/fr\/","name":"OPS! Original Pure Skin","description":"Prodotti cosmeceutici naturali","publisher":{"@id":"https:\/\/www.originalpureskin.com\/fr\/#organization"},"potentialAction":[{"@type":"SearchAction","target":{"@type":"EntryPoint","urlTemplate":"https:\/\/www.originalpureskin.com\/fr\/?s={search_term_string}"},"query-input":{"@type":"PropertyValueSpecification","valueRequired":true,"valueName":"search_term_string"}}],"inLanguage":"fr-FR"},{"@type":"Organization","@id":"https:\/\/www.originalpureskin.com\/fr\/#organization","name":"OPS! Original Pure Skin","url":"https:\/\/www.originalpureskin.com\/fr\/","logo":{"@type":"ImageObject","inLanguage":"fr-FR","@id":"https:\/\/www.originalpureskin.com\/fr\/#\/schema\/logo\/image\/","url":"https:\/\/www.originalpureskin.com\/wp-content\/uploads\/2021\/01\/logo.png","contentUrl":"https:\/\/www.originalpureskin.com\/wp-content\/uploads\/2021\/01\/logo.png","width":200,"height":88,"caption":"OPS! Original Pure Skin"},"image":{"@id":"https:\/\/www.originalpureskin.com\/fr\/#\/schema\/logo\/image\/"}}]}},"_links":{"self":[{"href":"https:\/\/www.originalpureskin.com\/fr\/wp-json\/wp\/v2\/product\/1327","targetHints":{"allow":["GET"]}}],"collection":[{"href":"https:\/\/www.originalpureskin.com\/fr\/wp-json\/wp\/v2\/product"}],"about":[{"href":"https:\/\/www.originalpureskin.com\/fr\/wp-json\/wp\/v2\/types\/product"}],"wp:featuredmedia":[{"embeddable":true,"href":"https:\/\/www.originalpureskin.com\/fr\/wp-json\/wp\/v2\/media\/1335"}],"wp:attachment":[{"href":"https:\/\/www.originalpureskin.com\/fr\/wp-json\/wp\/v2\/media?parent=1327"}],"wp:term":[{"taxonomy":"product_brand","embeddable":true,"href":"https:\/\/www.originalpureskin.com\/fr\/wp-json\/wp\/v2\/product_brand?post=1327"},{"taxonomy":"product_cat","embeddable":true,"href":"https:\/\/www.originalpureskin.com\/fr\/wp-json\/wp\/v2\/product_cat?post=1327"},{"taxonomy":"product_tag","embeddable":true,"href":"https:\/\/www.originalpureskin.com\/fr\/wp-json\/wp\/v2\/product_tag?post=1327"},{"taxonomy":"giftcard-category","embeddable":true,"href":"https:\/\/www.originalpureskin.com\/fr\/wp-json\/wp\/v2\/giftcard-category?post=1327"}],"curies":[{"name":"wp","href":"https:\/\/api.w.org\/{rel}","templated":true}]}}