{"id":1143,"date":"2021-03-03T11:44:24","date_gmt":"2021-03-04T14:36:33","guid":{"rendered":"https:\/\/www.originalpureskin.com\/?post_type=product&#038;p=1143"},"modified":"2021-04-30T17:13:59","modified_gmt":"2021-04-30T15:13:59","slug":"combo-pack-lustgreed","status":"publish","type":"product","link":"https:\/\/www.originalpureskin.com\/fr\/produit\/combo-pack-lustgreed\/","title":{"rendered":"Combo pack LUST+GREED"},"content":{"rendered":"<p>Le combo parfait pour votre visage! Combinez l&#8217;action repulpante et anti-\u00e2ge de notre s\u00e9rum <strong>LUST<\/strong>, \u00e0 l&#8217;acide hyaluronique, avec le pouvoir lissant de l&#8217;huile \u00e9quilibrante <strong>GREED<\/strong>, avec de l&#8217;huile de Jojoba 100% BIO!<\/p>\n<p>Utilisables ensemble, aussi bien pour une routine beaut\u00e9 de jour que pour une routine du soir, elles agissent en profondeur et rapidement, pour des r\u00e9sultats imm\u00e9diatement visibles!<\/p>\n<p>Les principes actifs sont efficaces et fonctionnels, les deux produits sont riches en vitamine C.<\/p>\n<p>Profitez de l&#8217;offre! La qualit\u00e9 \u00e0 un prix avantageux!<\/p>\n","protected":false},"excerpt":{"rendered":"<p>Le combo parfait pour votre visage! Combinez l&#8217;action repulpante et anti-\u00e2ge de notre s\u00e9rum LUST, \u00e0 l&#8217;acide hyaluronique, avec le pouvoir lissant de l&#8217;huile \u00e9quilibrante GREED, avec de l&#8217;huile de Jojoba 100% BIO! Utilisables ensemble, aussi bien pour une routine beaut\u00e9 de jour que pour une routine du soir, elles agissent en profondeur et rapidement, [&hellip;]<\/p>\n","protected":false},"featured_media":1128,"template":"","meta":{"_acf_changed":false},"product_brand":[],"product_cat":[37,41,43],"product_tag":[],"giftcard-category":[],"class_list":{"0":"post-1143","1":"product","2":"type-product","3":"status-publish","4":"has-post-thumbnail","6":"product_cat-first-category-fr","7":"product_cat-second-category-fr","8":"product_cat-third-category-fr","10":"first","11":"instock","12":"sale","13":"shipping-taxable","14":"purchasable","15":"product-type-simple"},"acf":[],"yoast_head":"<!-- This site is optimized with the Yoast SEO plugin v27.2 - https:\/\/yoast.com\/product\/yoast-seo-wordpress\/ -->\n<title>Combo pack LUST+GREED | OPS! Original Pure Skin<\/title>\n<meta name=\"robots\" content=\"index, follow, max-snippet:-1, max-image-preview:large, max-video-preview:-1\" \/>\n<link rel=\"canonical\" href=\"https:\/\/www.originalpureskin.com\/fr\/produit\/combo-pack-lustgreed\/\" \/>\n<meta property=\"og:locale\" content=\"fr_FR\" \/>\n<meta property=\"og:type\" content=\"article\" \/>\n<meta property=\"og:title\" content=\"Combo pack LUST+GREED | OPS! Original Pure Skin\" \/>\n<meta property=\"og:description\" content=\"Le combo parfait pour votre visage! Combinez l&#8217;action repulpante et anti-\u00e2ge de notre s\u00e9rum LUST, \u00e0 l&#8217;acide hyaluronique, avec le pouvoir lissant de l&#8217;huile \u00e9quilibrante GREED, avec de l&#8217;huile de Jojoba 100% BIO! Utilisables ensemble, aussi bien pour une routine beaut\u00e9 de jour que pour une routine du soir, elles agissent en profondeur et rapidement, [&hellip;]\" \/>\n<meta property=\"og:url\" content=\"https:\/\/www.originalpureskin.com\/fr\/produit\/combo-pack-lustgreed\/\" \/>\n<meta property=\"og:site_name\" content=\"OPS! Original Pure Skin\" \/>\n<meta property=\"article:modified_time\" content=\"2021-04-30T15:13:59+00:00\" \/>\n<meta property=\"og:image\" content=\"https:\/\/www.originalpureskin.com\/wp-content\/uploads\/2021\/03\/lustgreed.jpg\" \/>\n\t<meta property=\"og:image:width\" content=\"680\" \/>\n\t<meta property=\"og:image:height\" content=\"1020\" \/>\n\t<meta property=\"og:image:type\" content=\"image\/jpeg\" \/>\n<meta name=\"twitter:card\" content=\"summary_large_image\" \/>\n<script type=\"application\/ld+json\" class=\"yoast-schema-graph\">{\"@context\":\"https:\/\/schema.org\",\"@graph\":[{\"@type\":\"WebPage\",\"@id\":\"https:\/\/www.originalpureskin.com\/fr\/produit\/combo-pack-lustgreed\/\",\"url\":\"https:\/\/www.originalpureskin.com\/fr\/produit\/combo-pack-lustgreed\/\",\"name\":\"Combo pack LUST+GREED | OPS! Original Pure Skin\",\"isPartOf\":{\"@id\":\"https:\/\/www.originalpureskin.com\/fr\/#website\"},\"primaryImageOfPage\":{\"@id\":\"https:\/\/www.originalpureskin.com\/fr\/produit\/combo-pack-lustgreed\/#primaryimage\"},\"image\":{\"@id\":\"https:\/\/www.originalpureskin.com\/fr\/produit\/combo-pack-lustgreed\/#primaryimage\"},\"thumbnailUrl\":\"https:\/\/www.originalpureskin.com\/wp-content\/uploads\/2021\/03\/lustgreed-jpg.webp\",\"datePublished\":\"2021-03-04T14:36:33+00:00\",\"dateModified\":\"2021-04-30T15:13:59+00:00\",\"breadcrumb\":{\"@id\":\"https:\/\/www.originalpureskin.com\/fr\/produit\/combo-pack-lustgreed\/#breadcrumb\"},\"inLanguage\":\"fr-FR\",\"potentialAction\":[{\"@type\":\"ReadAction\",\"target\":[\"https:\/\/www.originalpureskin.com\/fr\/produit\/combo-pack-lustgreed\/\"]}]},{\"@type\":\"ImageObject\",\"inLanguage\":\"fr-FR\",\"@id\":\"https:\/\/www.originalpureskin.com\/fr\/produit\/combo-pack-lustgreed\/#primaryimage\",\"url\":\"https:\/\/www.originalpureskin.com\/wp-content\/uploads\/2021\/03\/lustgreed-jpg.webp\",\"contentUrl\":\"https:\/\/www.originalpureskin.com\/wp-content\/uploads\/2021\/03\/lustgreed-jpg.webp\",\"width\":680,\"height\":1020},{\"@type\":\"BreadcrumbList\",\"@id\":\"https:\/\/www.originalpureskin.com\/fr\/produit\/combo-pack-lustgreed\/#breadcrumb\",\"itemListElement\":[{\"@type\":\"ListItem\",\"position\":1,\"name\":\"Home\",\"item\":\"https:\/\/www.originalpureskin.com\/fr\/\"},{\"@type\":\"ListItem\",\"position\":2,\"name\":\"Boutique\",\"item\":\"https:\/\/www.originalpureskin.com\/fr\/boutique\/\"},{\"@type\":\"ListItem\",\"position\":3,\"name\":\"Combo pack LUST+GREED\"}]},{\"@type\":\"WebSite\",\"@id\":\"https:\/\/www.originalpureskin.com\/fr\/#website\",\"url\":\"https:\/\/www.originalpureskin.com\/fr\/\",\"name\":\"OPS! Original Pure Skin\",\"description\":\"Prodotti cosmeceutici naturali\",\"publisher\":{\"@id\":\"https:\/\/www.originalpureskin.com\/fr\/#organization\"},\"potentialAction\":[{\"@type\":\"SearchAction\",\"target\":{\"@type\":\"EntryPoint\",\"urlTemplate\":\"https:\/\/www.originalpureskin.com\/fr\/?s={search_term_string}\"},\"query-input\":{\"@type\":\"PropertyValueSpecification\",\"valueRequired\":true,\"valueName\":\"search_term_string\"}}],\"inLanguage\":\"fr-FR\"},{\"@type\":\"Organization\",\"@id\":\"https:\/\/www.originalpureskin.com\/fr\/#organization\",\"name\":\"OPS! Original Pure Skin\",\"url\":\"https:\/\/www.originalpureskin.com\/fr\/\",\"logo\":{\"@type\":\"ImageObject\",\"inLanguage\":\"fr-FR\",\"@id\":\"https:\/\/www.originalpureskin.com\/fr\/#\/schema\/logo\/image\/\",\"url\":\"https:\/\/www.originalpureskin.com\/wp-content\/uploads\/2021\/01\/logo.png\",\"contentUrl\":\"https:\/\/www.originalpureskin.com\/wp-content\/uploads\/2021\/01\/logo.png\",\"width\":200,\"height\":88,\"caption\":\"OPS! Original Pure Skin\"},\"image\":{\"@id\":\"https:\/\/www.originalpureskin.com\/fr\/#\/schema\/logo\/image\/\"}}]}<\/script>\n<!-- \/ Yoast SEO plugin. -->","yoast_head_json":{"title":"Combo pack LUST+GREED | OPS! Original Pure Skin","robots":{"index":"index","follow":"follow","max-snippet":"max-snippet:-1","max-image-preview":"max-image-preview:large","max-video-preview":"max-video-preview:-1"},"canonical":"https:\/\/www.originalpureskin.com\/fr\/produit\/combo-pack-lustgreed\/","og_locale":"fr_FR","og_type":"article","og_title":"Combo pack LUST+GREED | OPS! Original Pure Skin","og_description":"Le combo parfait pour votre visage! Combinez l&#8217;action repulpante et anti-\u00e2ge de notre s\u00e9rum LUST, \u00e0 l&#8217;acide hyaluronique, avec le pouvoir lissant de l&#8217;huile \u00e9quilibrante GREED, avec de l&#8217;huile de Jojoba 100% BIO! Utilisables ensemble, aussi bien pour une routine beaut\u00e9 de jour que pour une routine du soir, elles agissent en profondeur et rapidement, [&hellip;]","og_url":"https:\/\/www.originalpureskin.com\/fr\/produit\/combo-pack-lustgreed\/","og_site_name":"OPS! Original Pure Skin","article_modified_time":"2021-04-30T15:13:59+00:00","og_image":[{"width":680,"height":1020,"url":"https:\/\/www.originalpureskin.com\/wp-content\/uploads\/2021\/03\/lustgreed.jpg","type":"image\/jpeg"}],"twitter_card":"summary_large_image","schema":{"@context":"https:\/\/schema.org","@graph":[{"@type":"WebPage","@id":"https:\/\/www.originalpureskin.com\/fr\/produit\/combo-pack-lustgreed\/","url":"https:\/\/www.originalpureskin.com\/fr\/produit\/combo-pack-lustgreed\/","name":"Combo pack LUST+GREED | OPS! Original Pure Skin","isPartOf":{"@id":"https:\/\/www.originalpureskin.com\/fr\/#website"},"primaryImageOfPage":{"@id":"https:\/\/www.originalpureskin.com\/fr\/produit\/combo-pack-lustgreed\/#primaryimage"},"image":{"@id":"https:\/\/www.originalpureskin.com\/fr\/produit\/combo-pack-lustgreed\/#primaryimage"},"thumbnailUrl":"https:\/\/www.originalpureskin.com\/wp-content\/uploads\/2021\/03\/lustgreed-jpg.webp","datePublished":"2021-03-04T14:36:33+00:00","dateModified":"2021-04-30T15:13:59+00:00","breadcrumb":{"@id":"https:\/\/www.originalpureskin.com\/fr\/produit\/combo-pack-lustgreed\/#breadcrumb"},"inLanguage":"fr-FR","potentialAction":[{"@type":"ReadAction","target":["https:\/\/www.originalpureskin.com\/fr\/produit\/combo-pack-lustgreed\/"]}]},{"@type":"ImageObject","inLanguage":"fr-FR","@id":"https:\/\/www.originalpureskin.com\/fr\/produit\/combo-pack-lustgreed\/#primaryimage","url":"https:\/\/www.originalpureskin.com\/wp-content\/uploads\/2021\/03\/lustgreed-jpg.webp","contentUrl":"https:\/\/www.originalpureskin.com\/wp-content\/uploads\/2021\/03\/lustgreed-jpg.webp","width":680,"height":1020},{"@type":"BreadcrumbList","@id":"https:\/\/www.originalpureskin.com\/fr\/produit\/combo-pack-lustgreed\/#breadcrumb","itemListElement":[{"@type":"ListItem","position":1,"name":"Home","item":"https:\/\/www.originalpureskin.com\/fr\/"},{"@type":"ListItem","position":2,"name":"Boutique","item":"https:\/\/www.originalpureskin.com\/fr\/boutique\/"},{"@type":"ListItem","position":3,"name":"Combo pack LUST+GREED"}]},{"@type":"WebSite","@id":"https:\/\/www.originalpureskin.com\/fr\/#website","url":"https:\/\/www.originalpureskin.com\/fr\/","name":"OPS! Original Pure Skin","description":"Prodotti cosmeceutici naturali","publisher":{"@id":"https:\/\/www.originalpureskin.com\/fr\/#organization"},"potentialAction":[{"@type":"SearchAction","target":{"@type":"EntryPoint","urlTemplate":"https:\/\/www.originalpureskin.com\/fr\/?s={search_term_string}"},"query-input":{"@type":"PropertyValueSpecification","valueRequired":true,"valueName":"search_term_string"}}],"inLanguage":"fr-FR"},{"@type":"Organization","@id":"https:\/\/www.originalpureskin.com\/fr\/#organization","name":"OPS! Original Pure Skin","url":"https:\/\/www.originalpureskin.com\/fr\/","logo":{"@type":"ImageObject","inLanguage":"fr-FR","@id":"https:\/\/www.originalpureskin.com\/fr\/#\/schema\/logo\/image\/","url":"https:\/\/www.originalpureskin.com\/wp-content\/uploads\/2021\/01\/logo.png","contentUrl":"https:\/\/www.originalpureskin.com\/wp-content\/uploads\/2021\/01\/logo.png","width":200,"height":88,"caption":"OPS! Original Pure Skin"},"image":{"@id":"https:\/\/www.originalpureskin.com\/fr\/#\/schema\/logo\/image\/"}}]}},"_links":{"self":[{"href":"https:\/\/www.originalpureskin.com\/fr\/wp-json\/wp\/v2\/product\/1143","targetHints":{"allow":["GET"]}}],"collection":[{"href":"https:\/\/www.originalpureskin.com\/fr\/wp-json\/wp\/v2\/product"}],"about":[{"href":"https:\/\/www.originalpureskin.com\/fr\/wp-json\/wp\/v2\/types\/product"}],"wp:featuredmedia":[{"embeddable":true,"href":"https:\/\/www.originalpureskin.com\/fr\/wp-json\/wp\/v2\/media\/1128"}],"wp:attachment":[{"href":"https:\/\/www.originalpureskin.com\/fr\/wp-json\/wp\/v2\/media?parent=1143"}],"wp:term":[{"taxonomy":"product_brand","embeddable":true,"href":"https:\/\/www.originalpureskin.com\/fr\/wp-json\/wp\/v2\/product_brand?post=1143"},{"taxonomy":"product_cat","embeddable":true,"href":"https:\/\/www.originalpureskin.com\/fr\/wp-json\/wp\/v2\/product_cat?post=1143"},{"taxonomy":"product_tag","embeddable":true,"href":"https:\/\/www.originalpureskin.com\/fr\/wp-json\/wp\/v2\/product_tag?post=1143"},{"taxonomy":"giftcard-category","embeddable":true,"href":"https:\/\/www.originalpureskin.com\/fr\/wp-json\/wp\/v2\/giftcard-category?post=1143"}],"curies":[{"name":"wp","href":"https:\/\/api.w.org\/{rel}","templated":true}]}}