{"id":1114,"date":"2021-03-03T11:12:34","date_gmt":"2021-03-03T10:19:07","guid":{"rendered":"https:\/\/www.originalpureskin.com\/?post_type=product&#038;p=1114"},"modified":"2024-07-01T01:12:55","modified_gmt":"2024-06-30T23:12:55","slug":"cotton-candy-2","status":"publish","type":"product","link":"https:\/\/www.originalpureskin.com\/fr\/produit\/cotton-candy-2\/","title":{"rendered":"Cotton Candy"},"content":{"rendered":"<p>La lingette d\u00e9maquillante OPS! en coton 100%, finie avec une bordure, est l&#8217;accessoire parfait pour une routine beaut\u00e9 durable et consciente. En fait, elle est r\u00e9utilisable, facilement lavable en machine \u00e0 laver et la teinture a \u00e9t\u00e9 faite selon les normes environnementales.<br \/>\nFacile \u00e0 utiliser, elle deviendra votre alli\u00e9 dans le d\u00e9maquillage. Le coton de haute qualit\u00e9 et la finition soign\u00e9e Made in Italy conf\u00e8rent \u00e0 ce tissu une douceur au toucher in\u00e9gal\u00e9e. Essayez-la avec notre eau micellaire Sloth.<\/p>\n<p><strong>Caract\u00e9ristiques:<\/strong><\/p>\n<ul>\n<li>100% coton de haute qualit\u00e9<\/li>\n<li>Couleur \u00e9cru<\/li>\n<li>Personnalis\u00e9 avec le logo exclusif OPS!<\/li>\n<li>R\u00e9utilisable et lavable en machine<\/li>\n<li>Dimensions 25 x 25 cm<\/li>\n<li>Convient \u00e0 tous les types de peau<\/li>\n<\/ul>\n","protected":false},"excerpt":{"rendered":"<p>La lingette d\u00e9maquillante OPS! en coton 100%, finie avec une bordure, est l&#8217;accessoire parfait pour une routine beaut\u00e9 durable et consciente. En fait, elle est r\u00e9utilisable, facilement lavable en machine \u00e0 laver et la teinture a \u00e9t\u00e9 faite selon les normes environnementales. Facile \u00e0 utiliser, elle deviendra votre alli\u00e9 dans le d\u00e9maquillage. Le coton de [&hellip;]<\/p>\n","protected":false},"featured_media":1104,"template":"","meta":{"_acf_changed":false},"product_brand":[],"product_cat":[39],"product_tag":[],"giftcard-category":[],"class_list":{"0":"post-1114","1":"product","2":"type-product","3":"status-publish","4":"has-post-thumbnail","6":"product_cat-non-categorizzato-fr","8":"first","9":"outofstock","10":"shipping-taxable","11":"purchasable","12":"product-type-simple"},"acf":[],"yoast_head":"<!-- This site is optimized with the Yoast SEO plugin v27.2 - https:\/\/yoast.com\/product\/yoast-seo-wordpress\/ -->\n<title>Cotton Candy | OPS! Original Pure Skin<\/title>\n<meta name=\"robots\" content=\"index, follow, max-snippet:-1, max-image-preview:large, max-video-preview:-1\" \/>\n<link rel=\"canonical\" href=\"https:\/\/www.originalpureskin.com\/fr\/produit\/cotton-candy-2\/\" \/>\n<meta property=\"og:locale\" content=\"fr_FR\" \/>\n<meta property=\"og:type\" content=\"article\" \/>\n<meta property=\"og:title\" content=\"Cotton Candy | OPS! Original Pure Skin\" \/>\n<meta property=\"og:description\" content=\"La lingette d\u00e9maquillante OPS! en coton 100%, finie avec une bordure, est l&#8217;accessoire parfait pour une routine beaut\u00e9 durable et consciente. En fait, elle est r\u00e9utilisable, facilement lavable en machine \u00e0 laver et la teinture a \u00e9t\u00e9 faite selon les normes environnementales. Facile \u00e0 utiliser, elle deviendra votre alli\u00e9 dans le d\u00e9maquillage. Le coton de [&hellip;]\" \/>\n<meta property=\"og:url\" content=\"https:\/\/www.originalpureskin.com\/fr\/produit\/cotton-candy-2\/\" \/>\n<meta property=\"og:site_name\" content=\"OPS! Original Pure Skin\" \/>\n<meta property=\"article:modified_time\" content=\"2024-06-30T23:12:55+00:00\" \/>\n<meta property=\"og:image\" content=\"https:\/\/www.originalpureskin.com\/wp-content\/uploads\/2021\/03\/panno-cotone.jpg\" \/>\n\t<meta property=\"og:image:width\" content=\"680\" \/>\n\t<meta property=\"og:image:height\" content=\"1020\" \/>\n\t<meta property=\"og:image:type\" content=\"image\/jpeg\" \/>\n<meta name=\"twitter:card\" content=\"summary_large_image\" \/>\n<meta name=\"twitter:label1\" content=\"Dur\u00e9e de lecture estim\u00e9e\" \/>\n\t<meta name=\"twitter:data1\" content=\"1 minute\" \/>\n<script type=\"application\/ld+json\" class=\"yoast-schema-graph\">{\"@context\":\"https:\/\/schema.org\",\"@graph\":[{\"@type\":\"WebPage\",\"@id\":\"https:\/\/www.originalpureskin.com\/fr\/produit\/cotton-candy-2\/\",\"url\":\"https:\/\/www.originalpureskin.com\/fr\/produit\/cotton-candy-2\/\",\"name\":\"Cotton Candy | OPS! Original Pure Skin\",\"isPartOf\":{\"@id\":\"https:\/\/www.originalpureskin.com\/fr\/#website\"},\"primaryImageOfPage\":{\"@id\":\"https:\/\/www.originalpureskin.com\/fr\/produit\/cotton-candy-2\/#primaryimage\"},\"image\":{\"@id\":\"https:\/\/www.originalpureskin.com\/fr\/produit\/cotton-candy-2\/#primaryimage\"},\"thumbnailUrl\":\"https:\/\/www.originalpureskin.com\/wp-content\/uploads\/2021\/03\/panno-cotone-jpg.webp\",\"datePublished\":\"2021-03-03T10:19:07+00:00\",\"dateModified\":\"2024-06-30T23:12:55+00:00\",\"breadcrumb\":{\"@id\":\"https:\/\/www.originalpureskin.com\/fr\/produit\/cotton-candy-2\/#breadcrumb\"},\"inLanguage\":\"fr-FR\",\"potentialAction\":[{\"@type\":\"ReadAction\",\"target\":[\"https:\/\/www.originalpureskin.com\/fr\/produit\/cotton-candy-2\/\"]}]},{\"@type\":\"ImageObject\",\"inLanguage\":\"fr-FR\",\"@id\":\"https:\/\/www.originalpureskin.com\/fr\/produit\/cotton-candy-2\/#primaryimage\",\"url\":\"https:\/\/www.originalpureskin.com\/wp-content\/uploads\/2021\/03\/panno-cotone-jpg.webp\",\"contentUrl\":\"https:\/\/www.originalpureskin.com\/wp-content\/uploads\/2021\/03\/panno-cotone-jpg.webp\",\"width\":680,\"height\":1020},{\"@type\":\"BreadcrumbList\",\"@id\":\"https:\/\/www.originalpureskin.com\/fr\/produit\/cotton-candy-2\/#breadcrumb\",\"itemListElement\":[{\"@type\":\"ListItem\",\"position\":1,\"name\":\"Home\",\"item\":\"https:\/\/www.originalpureskin.com\/fr\/\"},{\"@type\":\"ListItem\",\"position\":2,\"name\":\"Boutique\",\"item\":\"https:\/\/www.originalpureskin.com\/fr\/boutique\/\"},{\"@type\":\"ListItem\",\"position\":3,\"name\":\"Cotton Candy\"}]},{\"@type\":\"WebSite\",\"@id\":\"https:\/\/www.originalpureskin.com\/fr\/#website\",\"url\":\"https:\/\/www.originalpureskin.com\/fr\/\",\"name\":\"OPS! Original Pure Skin\",\"description\":\"Prodotti cosmeceutici naturali\",\"publisher\":{\"@id\":\"https:\/\/www.originalpureskin.com\/fr\/#organization\"},\"potentialAction\":[{\"@type\":\"SearchAction\",\"target\":{\"@type\":\"EntryPoint\",\"urlTemplate\":\"https:\/\/www.originalpureskin.com\/fr\/?s={search_term_string}\"},\"query-input\":{\"@type\":\"PropertyValueSpecification\",\"valueRequired\":true,\"valueName\":\"search_term_string\"}}],\"inLanguage\":\"fr-FR\"},{\"@type\":\"Organization\",\"@id\":\"https:\/\/www.originalpureskin.com\/fr\/#organization\",\"name\":\"OPS! Original Pure Skin\",\"url\":\"https:\/\/www.originalpureskin.com\/fr\/\",\"logo\":{\"@type\":\"ImageObject\",\"inLanguage\":\"fr-FR\",\"@id\":\"https:\/\/www.originalpureskin.com\/fr\/#\/schema\/logo\/image\/\",\"url\":\"https:\/\/www.originalpureskin.com\/wp-content\/uploads\/2021\/01\/logo.png\",\"contentUrl\":\"https:\/\/www.originalpureskin.com\/wp-content\/uploads\/2021\/01\/logo.png\",\"width\":200,\"height\":88,\"caption\":\"OPS! Original Pure Skin\"},\"image\":{\"@id\":\"https:\/\/www.originalpureskin.com\/fr\/#\/schema\/logo\/image\/\"}}]}<\/script>\n<!-- \/ Yoast SEO plugin. -->","yoast_head_json":{"title":"Cotton Candy | OPS! Original Pure Skin","robots":{"index":"index","follow":"follow","max-snippet":"max-snippet:-1","max-image-preview":"max-image-preview:large","max-video-preview":"max-video-preview:-1"},"canonical":"https:\/\/www.originalpureskin.com\/fr\/produit\/cotton-candy-2\/","og_locale":"fr_FR","og_type":"article","og_title":"Cotton Candy | OPS! Original Pure Skin","og_description":"La lingette d\u00e9maquillante OPS! en coton 100%, finie avec une bordure, est l&#8217;accessoire parfait pour une routine beaut\u00e9 durable et consciente. En fait, elle est r\u00e9utilisable, facilement lavable en machine \u00e0 laver et la teinture a \u00e9t\u00e9 faite selon les normes environnementales. Facile \u00e0 utiliser, elle deviendra votre alli\u00e9 dans le d\u00e9maquillage. Le coton de [&hellip;]","og_url":"https:\/\/www.originalpureskin.com\/fr\/produit\/cotton-candy-2\/","og_site_name":"OPS! Original Pure Skin","article_modified_time":"2024-06-30T23:12:55+00:00","og_image":[{"width":680,"height":1020,"url":"https:\/\/www.originalpureskin.com\/wp-content\/uploads\/2021\/03\/panno-cotone.jpg","type":"image\/jpeg"}],"twitter_card":"summary_large_image","twitter_misc":{"Dur\u00e9e de lecture estim\u00e9e":"1 minute"},"schema":{"@context":"https:\/\/schema.org","@graph":[{"@type":"WebPage","@id":"https:\/\/www.originalpureskin.com\/fr\/produit\/cotton-candy-2\/","url":"https:\/\/www.originalpureskin.com\/fr\/produit\/cotton-candy-2\/","name":"Cotton Candy | OPS! Original Pure Skin","isPartOf":{"@id":"https:\/\/www.originalpureskin.com\/fr\/#website"},"primaryImageOfPage":{"@id":"https:\/\/www.originalpureskin.com\/fr\/produit\/cotton-candy-2\/#primaryimage"},"image":{"@id":"https:\/\/www.originalpureskin.com\/fr\/produit\/cotton-candy-2\/#primaryimage"},"thumbnailUrl":"https:\/\/www.originalpureskin.com\/wp-content\/uploads\/2021\/03\/panno-cotone-jpg.webp","datePublished":"2021-03-03T10:19:07+00:00","dateModified":"2024-06-30T23:12:55+00:00","breadcrumb":{"@id":"https:\/\/www.originalpureskin.com\/fr\/produit\/cotton-candy-2\/#breadcrumb"},"inLanguage":"fr-FR","potentialAction":[{"@type":"ReadAction","target":["https:\/\/www.originalpureskin.com\/fr\/produit\/cotton-candy-2\/"]}]},{"@type":"ImageObject","inLanguage":"fr-FR","@id":"https:\/\/www.originalpureskin.com\/fr\/produit\/cotton-candy-2\/#primaryimage","url":"https:\/\/www.originalpureskin.com\/wp-content\/uploads\/2021\/03\/panno-cotone-jpg.webp","contentUrl":"https:\/\/www.originalpureskin.com\/wp-content\/uploads\/2021\/03\/panno-cotone-jpg.webp","width":680,"height":1020},{"@type":"BreadcrumbList","@id":"https:\/\/www.originalpureskin.com\/fr\/produit\/cotton-candy-2\/#breadcrumb","itemListElement":[{"@type":"ListItem","position":1,"name":"Home","item":"https:\/\/www.originalpureskin.com\/fr\/"},{"@type":"ListItem","position":2,"name":"Boutique","item":"https:\/\/www.originalpureskin.com\/fr\/boutique\/"},{"@type":"ListItem","position":3,"name":"Cotton Candy"}]},{"@type":"WebSite","@id":"https:\/\/www.originalpureskin.com\/fr\/#website","url":"https:\/\/www.originalpureskin.com\/fr\/","name":"OPS! Original Pure Skin","description":"Prodotti cosmeceutici naturali","publisher":{"@id":"https:\/\/www.originalpureskin.com\/fr\/#organization"},"potentialAction":[{"@type":"SearchAction","target":{"@type":"EntryPoint","urlTemplate":"https:\/\/www.originalpureskin.com\/fr\/?s={search_term_string}"},"query-input":{"@type":"PropertyValueSpecification","valueRequired":true,"valueName":"search_term_string"}}],"inLanguage":"fr-FR"},{"@type":"Organization","@id":"https:\/\/www.originalpureskin.com\/fr\/#organization","name":"OPS! Original Pure Skin","url":"https:\/\/www.originalpureskin.com\/fr\/","logo":{"@type":"ImageObject","inLanguage":"fr-FR","@id":"https:\/\/www.originalpureskin.com\/fr\/#\/schema\/logo\/image\/","url":"https:\/\/www.originalpureskin.com\/wp-content\/uploads\/2021\/01\/logo.png","contentUrl":"https:\/\/www.originalpureskin.com\/wp-content\/uploads\/2021\/01\/logo.png","width":200,"height":88,"caption":"OPS! Original Pure Skin"},"image":{"@id":"https:\/\/www.originalpureskin.com\/fr\/#\/schema\/logo\/image\/"}}]}},"_links":{"self":[{"href":"https:\/\/www.originalpureskin.com\/fr\/wp-json\/wp\/v2\/product\/1114","targetHints":{"allow":["GET"]}}],"collection":[{"href":"https:\/\/www.originalpureskin.com\/fr\/wp-json\/wp\/v2\/product"}],"about":[{"href":"https:\/\/www.originalpureskin.com\/fr\/wp-json\/wp\/v2\/types\/product"}],"wp:featuredmedia":[{"embeddable":true,"href":"https:\/\/www.originalpureskin.com\/fr\/wp-json\/wp\/v2\/media\/1104"}],"wp:attachment":[{"href":"https:\/\/www.originalpureskin.com\/fr\/wp-json\/wp\/v2\/media?parent=1114"}],"wp:term":[{"taxonomy":"product_brand","embeddable":true,"href":"https:\/\/www.originalpureskin.com\/fr\/wp-json\/wp\/v2\/product_brand?post=1114"},{"taxonomy":"product_cat","embeddable":true,"href":"https:\/\/www.originalpureskin.com\/fr\/wp-json\/wp\/v2\/product_cat?post=1114"},{"taxonomy":"product_tag","embeddable":true,"href":"https:\/\/www.originalpureskin.com\/fr\/wp-json\/wp\/v2\/product_tag?post=1114"},{"taxonomy":"giftcard-category","embeddable":true,"href":"https:\/\/www.originalpureskin.com\/fr\/wp-json\/wp\/v2\/giftcard-category?post=1114"}],"curies":[{"name":"wp","href":"https:\/\/api.w.org\/{rel}","templated":true}]}}