{"id":937,"date":"2020-12-30T11:16:09","date_gmt":"2021-03-03T08:31:58","guid":{"rendered":"https:\/\/www.originalpureskin.com\/?post_type=product&#038;p=937"},"modified":"2024-11-21T23:08:03","modified_gmt":"2024-11-21T22:08:03","slug":"sloth-agua-micelar-vitamina-c","status":"publish","type":"product","link":"https:\/\/www.originalpureskin.com\/es\/prodotto\/sloth-agua-micelar-vitamina-c\/","title":{"rendered":"Sloth"},"content":{"rendered":"<p>El agua micelar Sloth limpia a fondo el rostro, eliminando el maquillaje y las impurezas.<br \/>\nLos glicol\u00edpidos junto con la glicerina y la vitamina C, hidratan la piel en profundidad dando un efecto aterciopelado.<br \/>\nEl \u00e1cido hialur\u00f3nico proporciona un efecto lifting natural, dando elasticidad y protegiendo la piel del envejecimiento.<\/p>\n","protected":false},"excerpt":{"rendered":"<p>El agua micelar Sloth limpia a fondo el rostro, eliminando el maquillaje y las impurezas. Los glicol\u00edpidos junto con la glicerina y la vitamina C, hidratan la piel en profundidad dando un efecto aterciopelado. El \u00e1cido hialur\u00f3nico proporciona un efecto lifting natural, dando elasticidad y protegiendo la piel del envejecimiento.<\/p>\n","protected":false},"featured_media":945,"template":"","meta":{"_acf_changed":false},"product_brand":[],"product_cat":[58,60,62],"product_tag":[],"giftcard-category":[],"class_list":{"0":"post-937","1":"product","2":"type-product","3":"status-publish","4":"has-post-thumbnail","6":"product_cat-first-category-es","7":"product_cat-second-category-es","8":"product_cat-third-category-es","10":"first","11":"instock","12":"sale","13":"shipping-taxable","14":"purchasable","15":"product-type-simple"},"acf":[],"yoast_head":"<!-- This site is optimized with the Yoast SEO plugin v27.2 - https:\/\/yoast.com\/product\/yoast-seo-wordpress\/ -->\n<title>Agua micelar hidratante SLOTH con vitamina C | OPS! Original Pure Skin<\/title>\n<meta name=\"description\" content=\"Prueba &quot;SLOTH&quot;, nuestra agua micelar hidratante con vitamina C y \u00e1cido hialur\u00f3nico. \u00a1Ha llegado el momento de relajarse!\" \/>\n<meta name=\"robots\" content=\"index, follow, max-snippet:-1, max-image-preview:large, max-video-preview:-1\" \/>\n<link rel=\"canonical\" href=\"https:\/\/www.originalpureskin.com\/es\/prodotto\/sloth-agua-micelar-vitamina-c\/\" \/>\n<meta property=\"og:locale\" content=\"es_ES\" \/>\n<meta property=\"og:type\" content=\"article\" \/>\n<meta property=\"og:title\" content=\"Agua micelar hidratante SLOTH con vitamina C | OPS! Original Pure Skin\" \/>\n<meta property=\"og:description\" content=\"Prueba &quot;SLOTH&quot;, nuestra agua micelar hidratante con vitamina C y \u00e1cido hialur\u00f3nico. \u00a1Ha llegado el momento de relajarse!\" \/>\n<meta property=\"og:url\" content=\"https:\/\/www.originalpureskin.com\/es\/prodotto\/sloth-agua-micelar-vitamina-c\/\" \/>\n<meta property=\"og:site_name\" content=\"OPS! Original Pure Skin\" \/>\n<meta property=\"article:modified_time\" content=\"2024-11-21T22:08:03+00:00\" \/>\n<meta property=\"og:image\" content=\"https:\/\/www.originalpureskin.com\/wp-content\/uploads\/2020\/12\/sloth-2.jpg\" \/>\n\t<meta property=\"og:image:width\" content=\"680\" \/>\n\t<meta property=\"og:image:height\" content=\"1020\" \/>\n\t<meta property=\"og:image:type\" content=\"image\/jpeg\" \/>\n<meta name=\"twitter:card\" content=\"summary_large_image\" \/>\n<meta name=\"twitter:label1\" content=\"Tiempo de lectura\" \/>\n\t<meta name=\"twitter:data1\" content=\"1 minuto\" \/>\n<script type=\"application\/ld+json\" class=\"yoast-schema-graph\">{\"@context\":\"https:\/\/schema.org\",\"@graph\":[{\"@type\":\"WebPage\",\"@id\":\"https:\/\/www.originalpureskin.com\/es\/prodotto\/sloth-agua-micelar-vitamina-c\/\",\"url\":\"https:\/\/www.originalpureskin.com\/es\/prodotto\/sloth-agua-micelar-vitamina-c\/\",\"name\":\"Agua micelar hidratante SLOTH con vitamina C | OPS! Original Pure Skin\",\"isPartOf\":{\"@id\":\"https:\/\/www.originalpureskin.com\/es\/#website\"},\"primaryImageOfPage\":{\"@id\":\"https:\/\/www.originalpureskin.com\/es\/prodotto\/sloth-agua-micelar-vitamina-c\/#primaryimage\"},\"image\":{\"@id\":\"https:\/\/www.originalpureskin.com\/es\/prodotto\/sloth-agua-micelar-vitamina-c\/#primaryimage\"},\"thumbnailUrl\":\"https:\/\/www.originalpureskin.com\/wp-content\/uploads\/2020\/12\/sloth-2-jpg.webp\",\"datePublished\":\"2021-03-03T08:31:58+00:00\",\"dateModified\":\"2024-11-21T22:08:03+00:00\",\"description\":\"Prueba \\\"SLOTH\\\", nuestra agua micelar hidratante con vitamina C y \u00e1cido hialur\u00f3nico. \u00a1Ha llegado el momento de relajarse!\",\"breadcrumb\":{\"@id\":\"https:\/\/www.originalpureskin.com\/es\/prodotto\/sloth-agua-micelar-vitamina-c\/#breadcrumb\"},\"inLanguage\":\"es\",\"potentialAction\":[{\"@type\":\"ReadAction\",\"target\":[\"https:\/\/www.originalpureskin.com\/es\/prodotto\/sloth-agua-micelar-vitamina-c\/\"]}]},{\"@type\":\"ImageObject\",\"inLanguage\":\"es\",\"@id\":\"https:\/\/www.originalpureskin.com\/es\/prodotto\/sloth-agua-micelar-vitamina-c\/#primaryimage\",\"url\":\"https:\/\/www.originalpureskin.com\/wp-content\/uploads\/2020\/12\/sloth-2-jpg.webp\",\"contentUrl\":\"https:\/\/www.originalpureskin.com\/wp-content\/uploads\/2020\/12\/sloth-2-jpg.webp\",\"width\":680,\"height\":1020,\"caption\":\"Sloth acqua micellare idratante con vitamina C con astuccio\"},{\"@type\":\"BreadcrumbList\",\"@id\":\"https:\/\/www.originalpureskin.com\/es\/prodotto\/sloth-agua-micelar-vitamina-c\/#breadcrumb\",\"itemListElement\":[{\"@type\":\"ListItem\",\"position\":1,\"name\":\"Home\",\"item\":\"https:\/\/www.originalpureskin.com\/es\/\"},{\"@type\":\"ListItem\",\"position\":2,\"name\":\"Shop\",\"item\":\"https:\/\/www.originalpureskin.com\/es\/shop\/\"},{\"@type\":\"ListItem\",\"position\":3,\"name\":\"Sloth\"}]},{\"@type\":\"WebSite\",\"@id\":\"https:\/\/www.originalpureskin.com\/es\/#website\",\"url\":\"https:\/\/www.originalpureskin.com\/es\/\",\"name\":\"OPS! Original Pure Skin\",\"description\":\"Prodotti cosmeceutici naturali\",\"publisher\":{\"@id\":\"https:\/\/www.originalpureskin.com\/es\/#organization\"},\"potentialAction\":[{\"@type\":\"SearchAction\",\"target\":{\"@type\":\"EntryPoint\",\"urlTemplate\":\"https:\/\/www.originalpureskin.com\/es\/?s={search_term_string}\"},\"query-input\":{\"@type\":\"PropertyValueSpecification\",\"valueRequired\":true,\"valueName\":\"search_term_string\"}}],\"inLanguage\":\"es\"},{\"@type\":\"Organization\",\"@id\":\"https:\/\/www.originalpureskin.com\/es\/#organization\",\"name\":\"OPS! Original Pure Skin\",\"url\":\"https:\/\/www.originalpureskin.com\/es\/\",\"logo\":{\"@type\":\"ImageObject\",\"inLanguage\":\"es\",\"@id\":\"https:\/\/www.originalpureskin.com\/es\/#\/schema\/logo\/image\/\",\"url\":\"https:\/\/www.originalpureskin.com\/wp-content\/uploads\/2021\/01\/logo.png\",\"contentUrl\":\"https:\/\/www.originalpureskin.com\/wp-content\/uploads\/2021\/01\/logo.png\",\"width\":200,\"height\":88,\"caption\":\"OPS! Original Pure Skin\"},\"image\":{\"@id\":\"https:\/\/www.originalpureskin.com\/es\/#\/schema\/logo\/image\/\"}}]}<\/script>\n<!-- \/ Yoast SEO plugin. -->","yoast_head_json":{"title":"Agua micelar hidratante SLOTH con vitamina C | OPS! Original Pure Skin","description":"Prueba \"SLOTH\", nuestra agua micelar hidratante con vitamina C y \u00e1cido hialur\u00f3nico. \u00a1Ha llegado el momento de relajarse!","robots":{"index":"index","follow":"follow","max-snippet":"max-snippet:-1","max-image-preview":"max-image-preview:large","max-video-preview":"max-video-preview:-1"},"canonical":"https:\/\/www.originalpureskin.com\/es\/prodotto\/sloth-agua-micelar-vitamina-c\/","og_locale":"es_ES","og_type":"article","og_title":"Agua micelar hidratante SLOTH con vitamina C | OPS! Original Pure Skin","og_description":"Prueba \"SLOTH\", nuestra agua micelar hidratante con vitamina C y \u00e1cido hialur\u00f3nico. \u00a1Ha llegado el momento de relajarse!","og_url":"https:\/\/www.originalpureskin.com\/es\/prodotto\/sloth-agua-micelar-vitamina-c\/","og_site_name":"OPS! Original Pure Skin","article_modified_time":"2024-11-21T22:08:03+00:00","og_image":[{"width":680,"height":1020,"url":"https:\/\/www.originalpureskin.com\/wp-content\/uploads\/2020\/12\/sloth-2.jpg","type":"image\/jpeg"}],"twitter_card":"summary_large_image","twitter_misc":{"Tiempo de lectura":"1 minuto"},"schema":{"@context":"https:\/\/schema.org","@graph":[{"@type":"WebPage","@id":"https:\/\/www.originalpureskin.com\/es\/prodotto\/sloth-agua-micelar-vitamina-c\/","url":"https:\/\/www.originalpureskin.com\/es\/prodotto\/sloth-agua-micelar-vitamina-c\/","name":"Agua micelar hidratante SLOTH con vitamina C | OPS! Original Pure Skin","isPartOf":{"@id":"https:\/\/www.originalpureskin.com\/es\/#website"},"primaryImageOfPage":{"@id":"https:\/\/www.originalpureskin.com\/es\/prodotto\/sloth-agua-micelar-vitamina-c\/#primaryimage"},"image":{"@id":"https:\/\/www.originalpureskin.com\/es\/prodotto\/sloth-agua-micelar-vitamina-c\/#primaryimage"},"thumbnailUrl":"https:\/\/www.originalpureskin.com\/wp-content\/uploads\/2020\/12\/sloth-2-jpg.webp","datePublished":"2021-03-03T08:31:58+00:00","dateModified":"2024-11-21T22:08:03+00:00","description":"Prueba \"SLOTH\", nuestra agua micelar hidratante con vitamina C y \u00e1cido hialur\u00f3nico. \u00a1Ha llegado el momento de relajarse!","breadcrumb":{"@id":"https:\/\/www.originalpureskin.com\/es\/prodotto\/sloth-agua-micelar-vitamina-c\/#breadcrumb"},"inLanguage":"es","potentialAction":[{"@type":"ReadAction","target":["https:\/\/www.originalpureskin.com\/es\/prodotto\/sloth-agua-micelar-vitamina-c\/"]}]},{"@type":"ImageObject","inLanguage":"es","@id":"https:\/\/www.originalpureskin.com\/es\/prodotto\/sloth-agua-micelar-vitamina-c\/#primaryimage","url":"https:\/\/www.originalpureskin.com\/wp-content\/uploads\/2020\/12\/sloth-2-jpg.webp","contentUrl":"https:\/\/www.originalpureskin.com\/wp-content\/uploads\/2020\/12\/sloth-2-jpg.webp","width":680,"height":1020,"caption":"Sloth acqua micellare idratante con vitamina C con astuccio"},{"@type":"BreadcrumbList","@id":"https:\/\/www.originalpureskin.com\/es\/prodotto\/sloth-agua-micelar-vitamina-c\/#breadcrumb","itemListElement":[{"@type":"ListItem","position":1,"name":"Home","item":"https:\/\/www.originalpureskin.com\/es\/"},{"@type":"ListItem","position":2,"name":"Shop","item":"https:\/\/www.originalpureskin.com\/es\/shop\/"},{"@type":"ListItem","position":3,"name":"Sloth"}]},{"@type":"WebSite","@id":"https:\/\/www.originalpureskin.com\/es\/#website","url":"https:\/\/www.originalpureskin.com\/es\/","name":"OPS! Original Pure Skin","description":"Prodotti cosmeceutici naturali","publisher":{"@id":"https:\/\/www.originalpureskin.com\/es\/#organization"},"potentialAction":[{"@type":"SearchAction","target":{"@type":"EntryPoint","urlTemplate":"https:\/\/www.originalpureskin.com\/es\/?s={search_term_string}"},"query-input":{"@type":"PropertyValueSpecification","valueRequired":true,"valueName":"search_term_string"}}],"inLanguage":"es"},{"@type":"Organization","@id":"https:\/\/www.originalpureskin.com\/es\/#organization","name":"OPS! Original Pure Skin","url":"https:\/\/www.originalpureskin.com\/es\/","logo":{"@type":"ImageObject","inLanguage":"es","@id":"https:\/\/www.originalpureskin.com\/es\/#\/schema\/logo\/image\/","url":"https:\/\/www.originalpureskin.com\/wp-content\/uploads\/2021\/01\/logo.png","contentUrl":"https:\/\/www.originalpureskin.com\/wp-content\/uploads\/2021\/01\/logo.png","width":200,"height":88,"caption":"OPS! Original Pure Skin"},"image":{"@id":"https:\/\/www.originalpureskin.com\/es\/#\/schema\/logo\/image\/"}}]}},"_links":{"self":[{"href":"https:\/\/www.originalpureskin.com\/es\/wp-json\/wp\/v2\/product\/937","targetHints":{"allow":["GET"]}}],"collection":[{"href":"https:\/\/www.originalpureskin.com\/es\/wp-json\/wp\/v2\/product"}],"about":[{"href":"https:\/\/www.originalpureskin.com\/es\/wp-json\/wp\/v2\/types\/product"}],"wp:featuredmedia":[{"embeddable":true,"href":"https:\/\/www.originalpureskin.com\/es\/wp-json\/wp\/v2\/media\/945"}],"wp:attachment":[{"href":"https:\/\/www.originalpureskin.com\/es\/wp-json\/wp\/v2\/media?parent=937"}],"wp:term":[{"taxonomy":"product_brand","embeddable":true,"href":"https:\/\/www.originalpureskin.com\/es\/wp-json\/wp\/v2\/product_brand?post=937"},{"taxonomy":"product_cat","embeddable":true,"href":"https:\/\/www.originalpureskin.com\/es\/wp-json\/wp\/v2\/product_cat?post=937"},{"taxonomy":"product_tag","embeddable":true,"href":"https:\/\/www.originalpureskin.com\/es\/wp-json\/wp\/v2\/product_tag?post=937"},{"taxonomy":"giftcard-category","embeddable":true,"href":"https:\/\/www.originalpureskin.com\/es\/wp-json\/wp\/v2\/giftcard-category?post=937"}],"curies":[{"name":"wp","href":"https:\/\/api.w.org\/{rel}","templated":true}]}}