{"id":901,"date":"2020-12-14T10:07:26","date_gmt":"2021-03-03T08:25:38","guid":{"rendered":"https:\/\/www.originalpureskin.com\/?post_type=product&#038;p=901"},"modified":"2024-11-20T23:24:37","modified_gmt":"2024-11-20T22:24:37","slug":"pride-crema-facial-hidratante-aceite-canamo","status":"publish","type":"product","link":"https:\/\/www.originalpureskin.com\/es\/prodotto\/pride-crema-facial-hidratante-aceite-canamo\/","title":{"rendered":"Pride"},"content":{"rendered":"<p>Contrarresta los signos visibles del envejecimiento y los da\u00f1os causados por los contaminantes con la crema hidratante y antioxidante Pride.<\/p>\n<p>Gracias a las propiedades del aceite de c\u00e1\u00f1amo, conocido como un potente antiinflamatorio y antioxidante, esta crema antiedad forma una barrera protectora en la piel ofreciendo una protecci\u00f3n eficaz contra los contaminantes y los radicales libres que pueden causar un envejecimiento prematuro.<\/p>\n<p>Enriquecida con \u00e1cido hialur\u00f3nico en su m\u00e1xima concentraci\u00f3n, aloe vera, aceite de jojoba y vitamina E, Pride es la crema facial ideal para las pieles estresadas, enrojecidas o inflamadas, ayudando a que la piel sea m\u00e1s uniforme y el\u00e1stica y a que mantenga un aspecto joven y radiante.<\/p>\n","protected":false},"excerpt":{"rendered":"<p>Contrarresta los signos visibles del envejecimiento y los da\u00f1os causados por los contaminantes con la crema hidratante y antioxidante Pride. Gracias a las propiedades del aceite de c\u00e1\u00f1amo, conocido como un potente antiinflamatorio y antioxidante, esta crema antiedad forma una barrera protectora en la piel ofreciendo una protecci\u00f3n eficaz contra los contaminantes y los radicales [&hellip;]<\/p>\n","protected":false},"featured_media":912,"template":"","meta":{"_acf_changed":false},"product_brand":[],"product_cat":[58,60,62],"product_tag":[],"giftcard-category":[],"class_list":{"0":"post-901","1":"product","2":"type-product","3":"status-publish","4":"has-post-thumbnail","6":"product_cat-first-category-es","7":"product_cat-second-category-es","8":"product_cat-third-category-es","10":"first","11":"instock","12":"sale","13":"shipping-taxable","14":"purchasable","15":"product-type-simple"},"acf":[],"yoast_head":"<!-- This site is optimized with the Yoast SEO plugin v27.2 - https:\/\/yoast.com\/product\/yoast-seo-wordpress\/ -->\n<title>PRIDE crema hidratante con aceite de c\u00e1\u00f1amo | OPS! Original Pure Skin<\/title>\n<meta name=\"description\" content=\"Prueba &quot;PRIDE&quot;, nuestra crema facial hidratante antiedad con aceite de c\u00e1\u00f1amo, \u00e1cido hialur\u00f3nico y vitamina E. Prep\u00e1rate para ser admirada.\" \/>\n<meta name=\"robots\" content=\"index, follow, max-snippet:-1, max-image-preview:large, max-video-preview:-1\" \/>\n<link rel=\"canonical\" href=\"https:\/\/www.originalpureskin.com\/es\/prodotto\/pride-crema-facial-hidratante-aceite-canamo\/\" \/>\n<meta property=\"og:locale\" content=\"es_ES\" \/>\n<meta property=\"og:type\" content=\"article\" \/>\n<meta property=\"og:title\" content=\"PRIDE crema hidratante con aceite de c\u00e1\u00f1amo | OPS! Original Pure Skin\" \/>\n<meta property=\"og:description\" content=\"Prueba &quot;PRIDE&quot;, nuestra crema facial hidratante antiedad con aceite de c\u00e1\u00f1amo, \u00e1cido hialur\u00f3nico y vitamina E. Prep\u00e1rate para ser admirada.\" \/>\n<meta property=\"og:url\" content=\"https:\/\/www.originalpureskin.com\/es\/prodotto\/pride-crema-facial-hidratante-aceite-canamo\/\" \/>\n<meta property=\"og:site_name\" content=\"OPS! Original Pure Skin\" \/>\n<meta property=\"article:modified_time\" content=\"2024-11-20T22:24:37+00:00\" \/>\n<meta property=\"og:image\" content=\"https:\/\/www.originalpureskin.com\/wp-content\/uploads\/2020\/12\/pride-2.jpg\" \/>\n\t<meta property=\"og:image:width\" content=\"680\" \/>\n\t<meta property=\"og:image:height\" content=\"1020\" \/>\n\t<meta property=\"og:image:type\" content=\"image\/jpeg\" \/>\n<meta name=\"twitter:card\" content=\"summary_large_image\" \/>\n<meta name=\"twitter:label1\" content=\"Tiempo de lectura\" \/>\n\t<meta name=\"twitter:data1\" content=\"1 minuto\" \/>\n<script type=\"application\/ld+json\" class=\"yoast-schema-graph\">{\"@context\":\"https:\/\/schema.org\",\"@graph\":[{\"@type\":\"WebPage\",\"@id\":\"https:\/\/www.originalpureskin.com\/es\/prodotto\/pride-crema-facial-hidratante-aceite-canamo\/\",\"url\":\"https:\/\/www.originalpureskin.com\/es\/prodotto\/pride-crema-facial-hidratante-aceite-canamo\/\",\"name\":\"PRIDE crema hidratante con aceite de c\u00e1\u00f1amo | OPS! Original Pure Skin\",\"isPartOf\":{\"@id\":\"https:\/\/www.originalpureskin.com\/es\/#website\"},\"primaryImageOfPage\":{\"@id\":\"https:\/\/www.originalpureskin.com\/es\/prodotto\/pride-crema-facial-hidratante-aceite-canamo\/#primaryimage\"},\"image\":{\"@id\":\"https:\/\/www.originalpureskin.com\/es\/prodotto\/pride-crema-facial-hidratante-aceite-canamo\/#primaryimage\"},\"thumbnailUrl\":\"https:\/\/www.originalpureskin.com\/wp-content\/uploads\/2020\/12\/pride-2-jpg.webp\",\"datePublished\":\"2021-03-03T08:25:38+00:00\",\"dateModified\":\"2024-11-20T22:24:37+00:00\",\"description\":\"Prueba \\\"PRIDE\\\", nuestra crema facial hidratante antiedad con aceite de c\u00e1\u00f1amo, \u00e1cido hialur\u00f3nico y vitamina E. Prep\u00e1rate para ser admirada.\",\"breadcrumb\":{\"@id\":\"https:\/\/www.originalpureskin.com\/es\/prodotto\/pride-crema-facial-hidratante-aceite-canamo\/#breadcrumb\"},\"inLanguage\":\"es\",\"potentialAction\":[{\"@type\":\"ReadAction\",\"target\":[\"https:\/\/www.originalpureskin.com\/es\/prodotto\/pride-crema-facial-hidratante-aceite-canamo\/\"]}]},{\"@type\":\"ImageObject\",\"inLanguage\":\"es\",\"@id\":\"https:\/\/www.originalpureskin.com\/es\/prodotto\/pride-crema-facial-hidratante-aceite-canamo\/#primaryimage\",\"url\":\"https:\/\/www.originalpureskin.com\/wp-content\/uploads\/2020\/12\/pride-2-jpg.webp\",\"contentUrl\":\"https:\/\/www.originalpureskin.com\/wp-content\/uploads\/2020\/12\/pride-2-jpg.webp\",\"width\":680,\"height\":1020,\"caption\":\"Pride crema viso idratante antirughe, con olio di canapa e acido ialuronico con astuccio\"},{\"@type\":\"BreadcrumbList\",\"@id\":\"https:\/\/www.originalpureskin.com\/es\/prodotto\/pride-crema-facial-hidratante-aceite-canamo\/#breadcrumb\",\"itemListElement\":[{\"@type\":\"ListItem\",\"position\":1,\"name\":\"Home\",\"item\":\"https:\/\/www.originalpureskin.com\/es\/\"},{\"@type\":\"ListItem\",\"position\":2,\"name\":\"Shop\",\"item\":\"https:\/\/www.originalpureskin.com\/es\/shop\/\"},{\"@type\":\"ListItem\",\"position\":3,\"name\":\"Pride\"}]},{\"@type\":\"WebSite\",\"@id\":\"https:\/\/www.originalpureskin.com\/es\/#website\",\"url\":\"https:\/\/www.originalpureskin.com\/es\/\",\"name\":\"OPS! Original Pure Skin\",\"description\":\"Prodotti cosmeceutici naturali\",\"publisher\":{\"@id\":\"https:\/\/www.originalpureskin.com\/es\/#organization\"},\"potentialAction\":[{\"@type\":\"SearchAction\",\"target\":{\"@type\":\"EntryPoint\",\"urlTemplate\":\"https:\/\/www.originalpureskin.com\/es\/?s={search_term_string}\"},\"query-input\":{\"@type\":\"PropertyValueSpecification\",\"valueRequired\":true,\"valueName\":\"search_term_string\"}}],\"inLanguage\":\"es\"},{\"@type\":\"Organization\",\"@id\":\"https:\/\/www.originalpureskin.com\/es\/#organization\",\"name\":\"OPS! Original Pure Skin\",\"url\":\"https:\/\/www.originalpureskin.com\/es\/\",\"logo\":{\"@type\":\"ImageObject\",\"inLanguage\":\"es\",\"@id\":\"https:\/\/www.originalpureskin.com\/es\/#\/schema\/logo\/image\/\",\"url\":\"https:\/\/www.originalpureskin.com\/wp-content\/uploads\/2021\/01\/logo.png\",\"contentUrl\":\"https:\/\/www.originalpureskin.com\/wp-content\/uploads\/2021\/01\/logo.png\",\"width\":200,\"height\":88,\"caption\":\"OPS! Original Pure Skin\"},\"image\":{\"@id\":\"https:\/\/www.originalpureskin.com\/es\/#\/schema\/logo\/image\/\"}}]}<\/script>\n<!-- \/ Yoast SEO plugin. -->","yoast_head_json":{"title":"PRIDE crema hidratante con aceite de c\u00e1\u00f1amo | OPS! Original Pure Skin","description":"Prueba \"PRIDE\", nuestra crema facial hidratante antiedad con aceite de c\u00e1\u00f1amo, \u00e1cido hialur\u00f3nico y vitamina E. Prep\u00e1rate para ser admirada.","robots":{"index":"index","follow":"follow","max-snippet":"max-snippet:-1","max-image-preview":"max-image-preview:large","max-video-preview":"max-video-preview:-1"},"canonical":"https:\/\/www.originalpureskin.com\/es\/prodotto\/pride-crema-facial-hidratante-aceite-canamo\/","og_locale":"es_ES","og_type":"article","og_title":"PRIDE crema hidratante con aceite de c\u00e1\u00f1amo | OPS! Original Pure Skin","og_description":"Prueba \"PRIDE\", nuestra crema facial hidratante antiedad con aceite de c\u00e1\u00f1amo, \u00e1cido hialur\u00f3nico y vitamina E. Prep\u00e1rate para ser admirada.","og_url":"https:\/\/www.originalpureskin.com\/es\/prodotto\/pride-crema-facial-hidratante-aceite-canamo\/","og_site_name":"OPS! Original Pure Skin","article_modified_time":"2024-11-20T22:24:37+00:00","og_image":[{"width":680,"height":1020,"url":"https:\/\/www.originalpureskin.com\/wp-content\/uploads\/2020\/12\/pride-2.jpg","type":"image\/jpeg"}],"twitter_card":"summary_large_image","twitter_misc":{"Tiempo de lectura":"1 minuto"},"schema":{"@context":"https:\/\/schema.org","@graph":[{"@type":"WebPage","@id":"https:\/\/www.originalpureskin.com\/es\/prodotto\/pride-crema-facial-hidratante-aceite-canamo\/","url":"https:\/\/www.originalpureskin.com\/es\/prodotto\/pride-crema-facial-hidratante-aceite-canamo\/","name":"PRIDE crema hidratante con aceite de c\u00e1\u00f1amo | OPS! Original Pure Skin","isPartOf":{"@id":"https:\/\/www.originalpureskin.com\/es\/#website"},"primaryImageOfPage":{"@id":"https:\/\/www.originalpureskin.com\/es\/prodotto\/pride-crema-facial-hidratante-aceite-canamo\/#primaryimage"},"image":{"@id":"https:\/\/www.originalpureskin.com\/es\/prodotto\/pride-crema-facial-hidratante-aceite-canamo\/#primaryimage"},"thumbnailUrl":"https:\/\/www.originalpureskin.com\/wp-content\/uploads\/2020\/12\/pride-2-jpg.webp","datePublished":"2021-03-03T08:25:38+00:00","dateModified":"2024-11-20T22:24:37+00:00","description":"Prueba \"PRIDE\", nuestra crema facial hidratante antiedad con aceite de c\u00e1\u00f1amo, \u00e1cido hialur\u00f3nico y vitamina E. Prep\u00e1rate para ser admirada.","breadcrumb":{"@id":"https:\/\/www.originalpureskin.com\/es\/prodotto\/pride-crema-facial-hidratante-aceite-canamo\/#breadcrumb"},"inLanguage":"es","potentialAction":[{"@type":"ReadAction","target":["https:\/\/www.originalpureskin.com\/es\/prodotto\/pride-crema-facial-hidratante-aceite-canamo\/"]}]},{"@type":"ImageObject","inLanguage":"es","@id":"https:\/\/www.originalpureskin.com\/es\/prodotto\/pride-crema-facial-hidratante-aceite-canamo\/#primaryimage","url":"https:\/\/www.originalpureskin.com\/wp-content\/uploads\/2020\/12\/pride-2-jpg.webp","contentUrl":"https:\/\/www.originalpureskin.com\/wp-content\/uploads\/2020\/12\/pride-2-jpg.webp","width":680,"height":1020,"caption":"Pride crema viso idratante antirughe, con olio di canapa e acido ialuronico con astuccio"},{"@type":"BreadcrumbList","@id":"https:\/\/www.originalpureskin.com\/es\/prodotto\/pride-crema-facial-hidratante-aceite-canamo\/#breadcrumb","itemListElement":[{"@type":"ListItem","position":1,"name":"Home","item":"https:\/\/www.originalpureskin.com\/es\/"},{"@type":"ListItem","position":2,"name":"Shop","item":"https:\/\/www.originalpureskin.com\/es\/shop\/"},{"@type":"ListItem","position":3,"name":"Pride"}]},{"@type":"WebSite","@id":"https:\/\/www.originalpureskin.com\/es\/#website","url":"https:\/\/www.originalpureskin.com\/es\/","name":"OPS! Original Pure Skin","description":"Prodotti cosmeceutici naturali","publisher":{"@id":"https:\/\/www.originalpureskin.com\/es\/#organization"},"potentialAction":[{"@type":"SearchAction","target":{"@type":"EntryPoint","urlTemplate":"https:\/\/www.originalpureskin.com\/es\/?s={search_term_string}"},"query-input":{"@type":"PropertyValueSpecification","valueRequired":true,"valueName":"search_term_string"}}],"inLanguage":"es"},{"@type":"Organization","@id":"https:\/\/www.originalpureskin.com\/es\/#organization","name":"OPS! Original Pure Skin","url":"https:\/\/www.originalpureskin.com\/es\/","logo":{"@type":"ImageObject","inLanguage":"es","@id":"https:\/\/www.originalpureskin.com\/es\/#\/schema\/logo\/image\/","url":"https:\/\/www.originalpureskin.com\/wp-content\/uploads\/2021\/01\/logo.png","contentUrl":"https:\/\/www.originalpureskin.com\/wp-content\/uploads\/2021\/01\/logo.png","width":200,"height":88,"caption":"OPS! Original Pure Skin"},"image":{"@id":"https:\/\/www.originalpureskin.com\/es\/#\/schema\/logo\/image\/"}}]}},"_links":{"self":[{"href":"https:\/\/www.originalpureskin.com\/es\/wp-json\/wp\/v2\/product\/901","targetHints":{"allow":["GET"]}}],"collection":[{"href":"https:\/\/www.originalpureskin.com\/es\/wp-json\/wp\/v2\/product"}],"about":[{"href":"https:\/\/www.originalpureskin.com\/es\/wp-json\/wp\/v2\/types\/product"}],"wp:featuredmedia":[{"embeddable":true,"href":"https:\/\/www.originalpureskin.com\/es\/wp-json\/wp\/v2\/media\/912"}],"wp:attachment":[{"href":"https:\/\/www.originalpureskin.com\/es\/wp-json\/wp\/v2\/media?parent=901"}],"wp:term":[{"taxonomy":"product_brand","embeddable":true,"href":"https:\/\/www.originalpureskin.com\/es\/wp-json\/wp\/v2\/product_brand?post=901"},{"taxonomy":"product_cat","embeddable":true,"href":"https:\/\/www.originalpureskin.com\/es\/wp-json\/wp\/v2\/product_cat?post=901"},{"taxonomy":"product_tag","embeddable":true,"href":"https:\/\/www.originalpureskin.com\/es\/wp-json\/wp\/v2\/product_tag?post=901"},{"taxonomy":"giftcard-category","embeddable":true,"href":"https:\/\/www.originalpureskin.com\/es\/wp-json\/wp\/v2\/giftcard-category?post=901"}],"curies":[{"name":"wp","href":"https:\/\/api.w.org\/{rel}","templated":true}]}}