{"id":891,"date":"2020-12-30T11:21:48","date_gmt":"2021-03-03T08:22:28","guid":{"rendered":"https:\/\/www.originalpureskin.com\/?post_type=product&#038;p=891"},"modified":"2024-11-23T23:10:28","modified_gmt":"2024-11-23T22:10:28","slug":"greed-aceite-cara-jojoba-bio","status":"publish","type":"product","link":"https:\/\/www.originalpureskin.com\/es\/prodotto\/greed-aceite-cara-jojoba-bio\/","title":{"rendered":"Greed"},"content":{"rendered":"<p>El aceite facial Greed tiene propiedades equilibradoras para todo tipo de pieles. Hidrata las pieles secas, ayuda a regular la producci\u00f3n de sebo de las pieles grasas y alivia las pieles sensibles o inflamadas.<\/p>\n<p>El aceite de jojoba 100% puro, rico en vitaminas y antioxidantes, retrasa de forma natural el envejecimiento de la piel.<\/p>\n<p>La grasa act\u00faa en las capas m\u00e1s profundas de la piel, dej\u00e1ndola profundamente hidratada sin ser grasa.<\/p>\n","protected":false},"excerpt":{"rendered":"<p>El aceite facial Greed tiene propiedades equilibradoras para todo tipo de pieles. Hidrata las pieles secas, ayuda a regular la producci\u00f3n de sebo de las pieles grasas y alivia las pieles sensibles o inflamadas. El aceite de jojoba 100% puro, rico en vitaminas y antioxidantes, retrasa de forma natural el envejecimiento de la piel. La [&hellip;]<\/p>\n","protected":false},"featured_media":899,"template":"","meta":{"_acf_changed":false},"product_brand":[],"product_cat":[58,60,62],"product_tag":[],"giftcard-category":[],"class_list":{"0":"post-891","1":"product","2":"type-product","3":"status-publish","4":"has-post-thumbnail","6":"product_cat-first-category-es","7":"product_cat-second-category-es","8":"product_cat-third-category-es","10":"first","11":"instock","12":"sale","13":"shipping-taxable","14":"purchasable","15":"product-type-simple"},"acf":[],"yoast_head":"<!-- This site is optimized with the Yoast SEO plugin v27.2 - https:\/\/yoast.com\/product\/yoast-seo-wordpress\/ -->\n<title>Aceite facial alisador GREED con Jojoba Bio | OPS! Original Pure Skin<\/title>\n<meta name=\"description\" content=\"Prueba &quot;GREED&quot;, nuestro aceite facial suavizante, con aceite de jojoba 100% org\u00e1nico. \u00a1Convierte tu piel en oro!\" \/>\n<meta name=\"robots\" content=\"index, follow, max-snippet:-1, max-image-preview:large, max-video-preview:-1\" \/>\n<link rel=\"canonical\" href=\"https:\/\/www.originalpureskin.com\/es\/prodotto\/greed-aceite-cara-jojoba-bio\/\" \/>\n<meta property=\"og:locale\" content=\"es_ES\" \/>\n<meta property=\"og:type\" content=\"article\" \/>\n<meta property=\"og:title\" content=\"Aceite facial alisador GREED con Jojoba Bio | OPS! Original Pure Skin\" \/>\n<meta property=\"og:description\" content=\"Prueba &quot;GREED&quot;, nuestro aceite facial suavizante, con aceite de jojoba 100% org\u00e1nico. \u00a1Convierte tu piel en oro!\" \/>\n<meta property=\"og:url\" content=\"https:\/\/www.originalpureskin.com\/es\/prodotto\/greed-aceite-cara-jojoba-bio\/\" \/>\n<meta property=\"og:site_name\" content=\"OPS! Original Pure Skin\" \/>\n<meta property=\"article:modified_time\" content=\"2024-11-23T22:10:28+00:00\" \/>\n<meta property=\"og:image\" content=\"https:\/\/www.originalpureskin.com\/wp-content\/uploads\/2020\/12\/greed-2.jpg\" \/>\n\t<meta property=\"og:image:width\" content=\"680\" \/>\n\t<meta property=\"og:image:height\" content=\"1020\" \/>\n\t<meta property=\"og:image:type\" content=\"image\/jpeg\" \/>\n<meta name=\"twitter:card\" content=\"summary_large_image\" \/>\n<meta name=\"twitter:label1\" content=\"Tiempo de lectura\" \/>\n\t<meta name=\"twitter:data1\" content=\"1 minuto\" \/>\n<script type=\"application\/ld+json\" class=\"yoast-schema-graph\">{\"@context\":\"https:\/\/schema.org\",\"@graph\":[{\"@type\":\"WebPage\",\"@id\":\"https:\/\/www.originalpureskin.com\/es\/prodotto\/greed-aceite-cara-jojoba-bio\/\",\"url\":\"https:\/\/www.originalpureskin.com\/es\/prodotto\/greed-aceite-cara-jojoba-bio\/\",\"name\":\"Aceite facial alisador GREED con Jojoba Bio | OPS! Original Pure Skin\",\"isPartOf\":{\"@id\":\"https:\/\/www.originalpureskin.com\/es\/#website\"},\"primaryImageOfPage\":{\"@id\":\"https:\/\/www.originalpureskin.com\/es\/prodotto\/greed-aceite-cara-jojoba-bio\/#primaryimage\"},\"image\":{\"@id\":\"https:\/\/www.originalpureskin.com\/es\/prodotto\/greed-aceite-cara-jojoba-bio\/#primaryimage\"},\"thumbnailUrl\":\"https:\/\/www.originalpureskin.com\/wp-content\/uploads\/2020\/12\/greed-2-jpg.webp\",\"datePublished\":\"2021-03-03T08:22:28+00:00\",\"dateModified\":\"2024-11-23T22:10:28+00:00\",\"description\":\"Prueba \\\"GREED\\\", nuestro aceite facial suavizante, con aceite de jojoba 100% org\u00e1nico. \u00a1Convierte tu piel en oro!\",\"breadcrumb\":{\"@id\":\"https:\/\/www.originalpureskin.com\/es\/prodotto\/greed-aceite-cara-jojoba-bio\/#breadcrumb\"},\"inLanguage\":\"es\",\"potentialAction\":[{\"@type\":\"ReadAction\",\"target\":[\"https:\/\/www.originalpureskin.com\/es\/prodotto\/greed-aceite-cara-jojoba-bio\/\"]}]},{\"@type\":\"ImageObject\",\"inLanguage\":\"es\",\"@id\":\"https:\/\/www.originalpureskin.com\/es\/prodotto\/greed-aceite-cara-jojoba-bio\/#primaryimage\",\"url\":\"https:\/\/www.originalpureskin.com\/wp-content\/uploads\/2020\/12\/greed-2-jpg.webp\",\"contentUrl\":\"https:\/\/www.originalpureskin.com\/wp-content\/uploads\/2020\/12\/greed-2-jpg.webp\",\"width\":680,\"height\":1020,\"caption\":\"Greed olio viso con jojoba 100% biologico con astuccio\"},{\"@type\":\"BreadcrumbList\",\"@id\":\"https:\/\/www.originalpureskin.com\/es\/prodotto\/greed-aceite-cara-jojoba-bio\/#breadcrumb\",\"itemListElement\":[{\"@type\":\"ListItem\",\"position\":1,\"name\":\"Home\",\"item\":\"https:\/\/www.originalpureskin.com\/es\/\"},{\"@type\":\"ListItem\",\"position\":2,\"name\":\"Shop\",\"item\":\"https:\/\/www.originalpureskin.com\/es\/shop\/\"},{\"@type\":\"ListItem\",\"position\":3,\"name\":\"Greed\"}]},{\"@type\":\"WebSite\",\"@id\":\"https:\/\/www.originalpureskin.com\/es\/#website\",\"url\":\"https:\/\/www.originalpureskin.com\/es\/\",\"name\":\"OPS! Original Pure Skin\",\"description\":\"Prodotti cosmeceutici naturali\",\"publisher\":{\"@id\":\"https:\/\/www.originalpureskin.com\/es\/#organization\"},\"potentialAction\":[{\"@type\":\"SearchAction\",\"target\":{\"@type\":\"EntryPoint\",\"urlTemplate\":\"https:\/\/www.originalpureskin.com\/es\/?s={search_term_string}\"},\"query-input\":{\"@type\":\"PropertyValueSpecification\",\"valueRequired\":true,\"valueName\":\"search_term_string\"}}],\"inLanguage\":\"es\"},{\"@type\":\"Organization\",\"@id\":\"https:\/\/www.originalpureskin.com\/es\/#organization\",\"name\":\"OPS! Original Pure Skin\",\"url\":\"https:\/\/www.originalpureskin.com\/es\/\",\"logo\":{\"@type\":\"ImageObject\",\"inLanguage\":\"es\",\"@id\":\"https:\/\/www.originalpureskin.com\/es\/#\/schema\/logo\/image\/\",\"url\":\"https:\/\/www.originalpureskin.com\/wp-content\/uploads\/2021\/01\/logo.png\",\"contentUrl\":\"https:\/\/www.originalpureskin.com\/wp-content\/uploads\/2021\/01\/logo.png\",\"width\":200,\"height\":88,\"caption\":\"OPS! Original Pure Skin\"},\"image\":{\"@id\":\"https:\/\/www.originalpureskin.com\/es\/#\/schema\/logo\/image\/\"}}]}<\/script>\n<!-- \/ Yoast SEO plugin. -->","yoast_head_json":{"title":"Aceite facial alisador GREED con Jojoba Bio | OPS! Original Pure Skin","description":"Prueba \"GREED\", nuestro aceite facial suavizante, con aceite de jojoba 100% org\u00e1nico. \u00a1Convierte tu piel en oro!","robots":{"index":"index","follow":"follow","max-snippet":"max-snippet:-1","max-image-preview":"max-image-preview:large","max-video-preview":"max-video-preview:-1"},"canonical":"https:\/\/www.originalpureskin.com\/es\/prodotto\/greed-aceite-cara-jojoba-bio\/","og_locale":"es_ES","og_type":"article","og_title":"Aceite facial alisador GREED con Jojoba Bio | OPS! Original Pure Skin","og_description":"Prueba \"GREED\", nuestro aceite facial suavizante, con aceite de jojoba 100% org\u00e1nico. \u00a1Convierte tu piel en oro!","og_url":"https:\/\/www.originalpureskin.com\/es\/prodotto\/greed-aceite-cara-jojoba-bio\/","og_site_name":"OPS! Original Pure Skin","article_modified_time":"2024-11-23T22:10:28+00:00","og_image":[{"width":680,"height":1020,"url":"https:\/\/www.originalpureskin.com\/wp-content\/uploads\/2020\/12\/greed-2.jpg","type":"image\/jpeg"}],"twitter_card":"summary_large_image","twitter_misc":{"Tiempo de lectura":"1 minuto"},"schema":{"@context":"https:\/\/schema.org","@graph":[{"@type":"WebPage","@id":"https:\/\/www.originalpureskin.com\/es\/prodotto\/greed-aceite-cara-jojoba-bio\/","url":"https:\/\/www.originalpureskin.com\/es\/prodotto\/greed-aceite-cara-jojoba-bio\/","name":"Aceite facial alisador GREED con Jojoba Bio | OPS! Original Pure Skin","isPartOf":{"@id":"https:\/\/www.originalpureskin.com\/es\/#website"},"primaryImageOfPage":{"@id":"https:\/\/www.originalpureskin.com\/es\/prodotto\/greed-aceite-cara-jojoba-bio\/#primaryimage"},"image":{"@id":"https:\/\/www.originalpureskin.com\/es\/prodotto\/greed-aceite-cara-jojoba-bio\/#primaryimage"},"thumbnailUrl":"https:\/\/www.originalpureskin.com\/wp-content\/uploads\/2020\/12\/greed-2-jpg.webp","datePublished":"2021-03-03T08:22:28+00:00","dateModified":"2024-11-23T22:10:28+00:00","description":"Prueba \"GREED\", nuestro aceite facial suavizante, con aceite de jojoba 100% org\u00e1nico. \u00a1Convierte tu piel en oro!","breadcrumb":{"@id":"https:\/\/www.originalpureskin.com\/es\/prodotto\/greed-aceite-cara-jojoba-bio\/#breadcrumb"},"inLanguage":"es","potentialAction":[{"@type":"ReadAction","target":["https:\/\/www.originalpureskin.com\/es\/prodotto\/greed-aceite-cara-jojoba-bio\/"]}]},{"@type":"ImageObject","inLanguage":"es","@id":"https:\/\/www.originalpureskin.com\/es\/prodotto\/greed-aceite-cara-jojoba-bio\/#primaryimage","url":"https:\/\/www.originalpureskin.com\/wp-content\/uploads\/2020\/12\/greed-2-jpg.webp","contentUrl":"https:\/\/www.originalpureskin.com\/wp-content\/uploads\/2020\/12\/greed-2-jpg.webp","width":680,"height":1020,"caption":"Greed olio viso con jojoba 100% biologico con astuccio"},{"@type":"BreadcrumbList","@id":"https:\/\/www.originalpureskin.com\/es\/prodotto\/greed-aceite-cara-jojoba-bio\/#breadcrumb","itemListElement":[{"@type":"ListItem","position":1,"name":"Home","item":"https:\/\/www.originalpureskin.com\/es\/"},{"@type":"ListItem","position":2,"name":"Shop","item":"https:\/\/www.originalpureskin.com\/es\/shop\/"},{"@type":"ListItem","position":3,"name":"Greed"}]},{"@type":"WebSite","@id":"https:\/\/www.originalpureskin.com\/es\/#website","url":"https:\/\/www.originalpureskin.com\/es\/","name":"OPS! Original Pure Skin","description":"Prodotti cosmeceutici naturali","publisher":{"@id":"https:\/\/www.originalpureskin.com\/es\/#organization"},"potentialAction":[{"@type":"SearchAction","target":{"@type":"EntryPoint","urlTemplate":"https:\/\/www.originalpureskin.com\/es\/?s={search_term_string}"},"query-input":{"@type":"PropertyValueSpecification","valueRequired":true,"valueName":"search_term_string"}}],"inLanguage":"es"},{"@type":"Organization","@id":"https:\/\/www.originalpureskin.com\/es\/#organization","name":"OPS! Original Pure Skin","url":"https:\/\/www.originalpureskin.com\/es\/","logo":{"@type":"ImageObject","inLanguage":"es","@id":"https:\/\/www.originalpureskin.com\/es\/#\/schema\/logo\/image\/","url":"https:\/\/www.originalpureskin.com\/wp-content\/uploads\/2021\/01\/logo.png","contentUrl":"https:\/\/www.originalpureskin.com\/wp-content\/uploads\/2021\/01\/logo.png","width":200,"height":88,"caption":"OPS! Original Pure Skin"},"image":{"@id":"https:\/\/www.originalpureskin.com\/es\/#\/schema\/logo\/image\/"}}]}},"_links":{"self":[{"href":"https:\/\/www.originalpureskin.com\/es\/wp-json\/wp\/v2\/product\/891","targetHints":{"allow":["GET"]}}],"collection":[{"href":"https:\/\/www.originalpureskin.com\/es\/wp-json\/wp\/v2\/product"}],"about":[{"href":"https:\/\/www.originalpureskin.com\/es\/wp-json\/wp\/v2\/types\/product"}],"wp:featuredmedia":[{"embeddable":true,"href":"https:\/\/www.originalpureskin.com\/es\/wp-json\/wp\/v2\/media\/899"}],"wp:attachment":[{"href":"https:\/\/www.originalpureskin.com\/es\/wp-json\/wp\/v2\/media?parent=891"}],"wp:term":[{"taxonomy":"product_brand","embeddable":true,"href":"https:\/\/www.originalpureskin.com\/es\/wp-json\/wp\/v2\/product_brand?post=891"},{"taxonomy":"product_cat","embeddable":true,"href":"https:\/\/www.originalpureskin.com\/es\/wp-json\/wp\/v2\/product_cat?post=891"},{"taxonomy":"product_tag","embeddable":true,"href":"https:\/\/www.originalpureskin.com\/es\/wp-json\/wp\/v2\/product_tag?post=891"},{"taxonomy":"giftcard-category","embeddable":true,"href":"https:\/\/www.originalpureskin.com\/es\/wp-json\/wp\/v2\/giftcard-category?post=891"}],"curies":[{"name":"wp","href":"https:\/\/api.w.org\/{rel}","templated":true}]}}