{"id":1144,"date":"2021-03-03T11:44:24","date_gmt":"2021-03-04T14:36:35","guid":{"rendered":"https:\/\/www.originalpureskin.com\/?post_type=product&#038;p=1144"},"modified":"2021-04-30T15:01:36","modified_gmt":"2021-04-30T13:01:36","slug":"combo-pack-lustgreed","status":"publish","type":"product","link":"https:\/\/www.originalpureskin.com\/es\/prodotto\/combo-pack-lustgreed\/","title":{"rendered":"Combo pack LUST+GREED"},"content":{"rendered":"<p>\u00a1La combinaci\u00f3n perfecta para tu cara! Combine la acci\u00f3n rellenadora y antienvejecimiento de nuestro s\u00e9rum <strong>LUST<\/strong>, con \u00e1cido hialur\u00f3nico, con el poder alisador del aceite equilibrante <strong>GREED<\/strong>, con aceite de jojoba 100% ecol\u00f3gico.<\/p>\n<p>Se pueden utilizar juntos, tanto para una rutina de belleza diaria como nocturna, act\u00faan en profundidad y r\u00e1pidamente, para obtener resultados visibles de inmediato.<\/p>\n<p>Los ingredientes activos son eficaces y funcionales, ambos productos son ricos en vitamina C.<\/p>\n<p>Aproveche esta oferta. \u00a1Calidad a un precio ventajoso!<\/p>\n","protected":false},"excerpt":{"rendered":"<p>\u00a1La combinaci\u00f3n perfecta para tu cara! Combine la acci\u00f3n rellenadora y antienvejecimiento de nuestro s\u00e9rum LUST, con \u00e1cido hialur\u00f3nico, con el poder alisador del aceite equilibrante GREED, con aceite de jojoba 100% ecol\u00f3gico. Se pueden utilizar juntos, tanto para una rutina de belleza diaria como nocturna, act\u00faan en profundidad y r\u00e1pidamente, para obtener resultados visibles [&hellip;]<\/p>\n","protected":false},"featured_media":1129,"template":"","meta":{"_acf_changed":false},"product_brand":[],"product_cat":[58,60,62],"product_tag":[],"giftcard-category":[],"class_list":{"0":"post-1144","1":"product","2":"type-product","3":"status-publish","4":"has-post-thumbnail","6":"product_cat-first-category-es","7":"product_cat-second-category-es","8":"product_cat-third-category-es","10":"first","11":"instock","12":"sale","13":"shipping-taxable","14":"purchasable","15":"product-type-simple"},"acf":[],"yoast_head":"<!-- This site is optimized with the Yoast SEO plugin v27.2 - https:\/\/yoast.com\/product\/yoast-seo-wordpress\/ -->\n<title>Combo pack LUST+GREED | OPS! Original Pure Skin<\/title>\n<meta name=\"robots\" content=\"index, follow, max-snippet:-1, max-image-preview:large, max-video-preview:-1\" \/>\n<link rel=\"canonical\" href=\"https:\/\/www.originalpureskin.com\/es\/prodotto\/combo-pack-lustgreed\/\" \/>\n<meta property=\"og:locale\" content=\"es_ES\" \/>\n<meta property=\"og:type\" content=\"article\" \/>\n<meta property=\"og:title\" content=\"Combo pack LUST+GREED | OPS! Original Pure Skin\" \/>\n<meta property=\"og:description\" content=\"\u00a1La combinaci\u00f3n perfecta para tu cara! Combine la acci\u00f3n rellenadora y antienvejecimiento de nuestro s\u00e9rum LUST, con \u00e1cido hialur\u00f3nico, con el poder alisador del aceite equilibrante GREED, con aceite de jojoba 100% ecol\u00f3gico. Se pueden utilizar juntos, tanto para una rutina de belleza diaria como nocturna, act\u00faan en profundidad y r\u00e1pidamente, para obtener resultados visibles [&hellip;]\" \/>\n<meta property=\"og:url\" content=\"https:\/\/www.originalpureskin.com\/es\/prodotto\/combo-pack-lustgreed\/\" \/>\n<meta property=\"og:site_name\" content=\"OPS! Original Pure Skin\" \/>\n<meta property=\"article:modified_time\" content=\"2021-04-30T13:01:36+00:00\" \/>\n<meta property=\"og:image\" content=\"https:\/\/www.originalpureskin.com\/wp-content\/uploads\/2021\/03\/lustgreed.jpg\" \/>\n\t<meta property=\"og:image:width\" content=\"680\" \/>\n\t<meta property=\"og:image:height\" content=\"1020\" \/>\n\t<meta property=\"og:image:type\" content=\"image\/jpeg\" \/>\n<meta name=\"twitter:card\" content=\"summary_large_image\" \/>\n<script type=\"application\/ld+json\" class=\"yoast-schema-graph\">{\"@context\":\"https:\/\/schema.org\",\"@graph\":[{\"@type\":\"WebPage\",\"@id\":\"https:\/\/www.originalpureskin.com\/es\/prodotto\/combo-pack-lustgreed\/\",\"url\":\"https:\/\/www.originalpureskin.com\/es\/prodotto\/combo-pack-lustgreed\/\",\"name\":\"Combo pack LUST+GREED | OPS! Original Pure Skin\",\"isPartOf\":{\"@id\":\"https:\/\/www.originalpureskin.com\/es\/#website\"},\"primaryImageOfPage\":{\"@id\":\"https:\/\/www.originalpureskin.com\/es\/prodotto\/combo-pack-lustgreed\/#primaryimage\"},\"image\":{\"@id\":\"https:\/\/www.originalpureskin.com\/es\/prodotto\/combo-pack-lustgreed\/#primaryimage\"},\"thumbnailUrl\":\"https:\/\/www.originalpureskin.com\/wp-content\/uploads\/2021\/03\/lustgreed-jpg.webp\",\"datePublished\":\"2021-03-04T14:36:35+00:00\",\"dateModified\":\"2021-04-30T13:01:36+00:00\",\"breadcrumb\":{\"@id\":\"https:\/\/www.originalpureskin.com\/es\/prodotto\/combo-pack-lustgreed\/#breadcrumb\"},\"inLanguage\":\"es\",\"potentialAction\":[{\"@type\":\"ReadAction\",\"target\":[\"https:\/\/www.originalpureskin.com\/es\/prodotto\/combo-pack-lustgreed\/\"]}]},{\"@type\":\"ImageObject\",\"inLanguage\":\"es\",\"@id\":\"https:\/\/www.originalpureskin.com\/es\/prodotto\/combo-pack-lustgreed\/#primaryimage\",\"url\":\"https:\/\/www.originalpureskin.com\/wp-content\/uploads\/2021\/03\/lustgreed-jpg.webp\",\"contentUrl\":\"https:\/\/www.originalpureskin.com\/wp-content\/uploads\/2021\/03\/lustgreed-jpg.webp\",\"width\":680,\"height\":1020},{\"@type\":\"BreadcrumbList\",\"@id\":\"https:\/\/www.originalpureskin.com\/es\/prodotto\/combo-pack-lustgreed\/#breadcrumb\",\"itemListElement\":[{\"@type\":\"ListItem\",\"position\":1,\"name\":\"Home\",\"item\":\"https:\/\/www.originalpureskin.com\/es\/\"},{\"@type\":\"ListItem\",\"position\":2,\"name\":\"Shop\",\"item\":\"https:\/\/www.originalpureskin.com\/es\/shop\/\"},{\"@type\":\"ListItem\",\"position\":3,\"name\":\"Combo pack LUST+GREED\"}]},{\"@type\":\"WebSite\",\"@id\":\"https:\/\/www.originalpureskin.com\/es\/#website\",\"url\":\"https:\/\/www.originalpureskin.com\/es\/\",\"name\":\"OPS! Original Pure Skin\",\"description\":\"Prodotti cosmeceutici naturali\",\"publisher\":{\"@id\":\"https:\/\/www.originalpureskin.com\/es\/#organization\"},\"potentialAction\":[{\"@type\":\"SearchAction\",\"target\":{\"@type\":\"EntryPoint\",\"urlTemplate\":\"https:\/\/www.originalpureskin.com\/es\/?s={search_term_string}\"},\"query-input\":{\"@type\":\"PropertyValueSpecification\",\"valueRequired\":true,\"valueName\":\"search_term_string\"}}],\"inLanguage\":\"es\"},{\"@type\":\"Organization\",\"@id\":\"https:\/\/www.originalpureskin.com\/es\/#organization\",\"name\":\"OPS! Original Pure Skin\",\"url\":\"https:\/\/www.originalpureskin.com\/es\/\",\"logo\":{\"@type\":\"ImageObject\",\"inLanguage\":\"es\",\"@id\":\"https:\/\/www.originalpureskin.com\/es\/#\/schema\/logo\/image\/\",\"url\":\"https:\/\/www.originalpureskin.com\/wp-content\/uploads\/2021\/01\/logo.png\",\"contentUrl\":\"https:\/\/www.originalpureskin.com\/wp-content\/uploads\/2021\/01\/logo.png\",\"width\":200,\"height\":88,\"caption\":\"OPS! Original Pure Skin\"},\"image\":{\"@id\":\"https:\/\/www.originalpureskin.com\/es\/#\/schema\/logo\/image\/\"}}]}<\/script>\n<!-- \/ Yoast SEO plugin. -->","yoast_head_json":{"title":"Combo pack LUST+GREED | OPS! Original Pure Skin","robots":{"index":"index","follow":"follow","max-snippet":"max-snippet:-1","max-image-preview":"max-image-preview:large","max-video-preview":"max-video-preview:-1"},"canonical":"https:\/\/www.originalpureskin.com\/es\/prodotto\/combo-pack-lustgreed\/","og_locale":"es_ES","og_type":"article","og_title":"Combo pack LUST+GREED | OPS! Original Pure Skin","og_description":"\u00a1La combinaci\u00f3n perfecta para tu cara! Combine la acci\u00f3n rellenadora y antienvejecimiento de nuestro s\u00e9rum LUST, con \u00e1cido hialur\u00f3nico, con el poder alisador del aceite equilibrante GREED, con aceite de jojoba 100% ecol\u00f3gico. Se pueden utilizar juntos, tanto para una rutina de belleza diaria como nocturna, act\u00faan en profundidad y r\u00e1pidamente, para obtener resultados visibles [&hellip;]","og_url":"https:\/\/www.originalpureskin.com\/es\/prodotto\/combo-pack-lustgreed\/","og_site_name":"OPS! Original Pure Skin","article_modified_time":"2021-04-30T13:01:36+00:00","og_image":[{"width":680,"height":1020,"url":"https:\/\/www.originalpureskin.com\/wp-content\/uploads\/2021\/03\/lustgreed.jpg","type":"image\/jpeg"}],"twitter_card":"summary_large_image","schema":{"@context":"https:\/\/schema.org","@graph":[{"@type":"WebPage","@id":"https:\/\/www.originalpureskin.com\/es\/prodotto\/combo-pack-lustgreed\/","url":"https:\/\/www.originalpureskin.com\/es\/prodotto\/combo-pack-lustgreed\/","name":"Combo pack LUST+GREED | OPS! Original Pure Skin","isPartOf":{"@id":"https:\/\/www.originalpureskin.com\/es\/#website"},"primaryImageOfPage":{"@id":"https:\/\/www.originalpureskin.com\/es\/prodotto\/combo-pack-lustgreed\/#primaryimage"},"image":{"@id":"https:\/\/www.originalpureskin.com\/es\/prodotto\/combo-pack-lustgreed\/#primaryimage"},"thumbnailUrl":"https:\/\/www.originalpureskin.com\/wp-content\/uploads\/2021\/03\/lustgreed-jpg.webp","datePublished":"2021-03-04T14:36:35+00:00","dateModified":"2021-04-30T13:01:36+00:00","breadcrumb":{"@id":"https:\/\/www.originalpureskin.com\/es\/prodotto\/combo-pack-lustgreed\/#breadcrumb"},"inLanguage":"es","potentialAction":[{"@type":"ReadAction","target":["https:\/\/www.originalpureskin.com\/es\/prodotto\/combo-pack-lustgreed\/"]}]},{"@type":"ImageObject","inLanguage":"es","@id":"https:\/\/www.originalpureskin.com\/es\/prodotto\/combo-pack-lustgreed\/#primaryimage","url":"https:\/\/www.originalpureskin.com\/wp-content\/uploads\/2021\/03\/lustgreed-jpg.webp","contentUrl":"https:\/\/www.originalpureskin.com\/wp-content\/uploads\/2021\/03\/lustgreed-jpg.webp","width":680,"height":1020},{"@type":"BreadcrumbList","@id":"https:\/\/www.originalpureskin.com\/es\/prodotto\/combo-pack-lustgreed\/#breadcrumb","itemListElement":[{"@type":"ListItem","position":1,"name":"Home","item":"https:\/\/www.originalpureskin.com\/es\/"},{"@type":"ListItem","position":2,"name":"Shop","item":"https:\/\/www.originalpureskin.com\/es\/shop\/"},{"@type":"ListItem","position":3,"name":"Combo pack LUST+GREED"}]},{"@type":"WebSite","@id":"https:\/\/www.originalpureskin.com\/es\/#website","url":"https:\/\/www.originalpureskin.com\/es\/","name":"OPS! Original Pure Skin","description":"Prodotti cosmeceutici naturali","publisher":{"@id":"https:\/\/www.originalpureskin.com\/es\/#organization"},"potentialAction":[{"@type":"SearchAction","target":{"@type":"EntryPoint","urlTemplate":"https:\/\/www.originalpureskin.com\/es\/?s={search_term_string}"},"query-input":{"@type":"PropertyValueSpecification","valueRequired":true,"valueName":"search_term_string"}}],"inLanguage":"es"},{"@type":"Organization","@id":"https:\/\/www.originalpureskin.com\/es\/#organization","name":"OPS! Original Pure Skin","url":"https:\/\/www.originalpureskin.com\/es\/","logo":{"@type":"ImageObject","inLanguage":"es","@id":"https:\/\/www.originalpureskin.com\/es\/#\/schema\/logo\/image\/","url":"https:\/\/www.originalpureskin.com\/wp-content\/uploads\/2021\/01\/logo.png","contentUrl":"https:\/\/www.originalpureskin.com\/wp-content\/uploads\/2021\/01\/logo.png","width":200,"height":88,"caption":"OPS! Original Pure Skin"},"image":{"@id":"https:\/\/www.originalpureskin.com\/es\/#\/schema\/logo\/image\/"}}]}},"_links":{"self":[{"href":"https:\/\/www.originalpureskin.com\/es\/wp-json\/wp\/v2\/product\/1144","targetHints":{"allow":["GET"]}}],"collection":[{"href":"https:\/\/www.originalpureskin.com\/es\/wp-json\/wp\/v2\/product"}],"about":[{"href":"https:\/\/www.originalpureskin.com\/es\/wp-json\/wp\/v2\/types\/product"}],"wp:featuredmedia":[{"embeddable":true,"href":"https:\/\/www.originalpureskin.com\/es\/wp-json\/wp\/v2\/media\/1129"}],"wp:attachment":[{"href":"https:\/\/www.originalpureskin.com\/es\/wp-json\/wp\/v2\/media?parent=1144"}],"wp:term":[{"taxonomy":"product_brand","embeddable":true,"href":"https:\/\/www.originalpureskin.com\/es\/wp-json\/wp\/v2\/product_brand?post=1144"},{"taxonomy":"product_cat","embeddable":true,"href":"https:\/\/www.originalpureskin.com\/es\/wp-json\/wp\/v2\/product_cat?post=1144"},{"taxonomy":"product_tag","embeddable":true,"href":"https:\/\/www.originalpureskin.com\/es\/wp-json\/wp\/v2\/product_tag?post=1144"},{"taxonomy":"giftcard-category","embeddable":true,"href":"https:\/\/www.originalpureskin.com\/es\/wp-json\/wp\/v2\/giftcard-category?post=1144"}],"curies":[{"name":"wp","href":"https:\/\/api.w.org\/{rel}","templated":true}]}}