{"id":995,"date":"2021-03-03T09:44:27","date_gmt":"2021-03-03T08:44:27","guid":{"rendered":"https:\/\/www.originalpureskin.com\/?page_id=995"},"modified":"2023-06-28T14:43:47","modified_gmt":"2023-06-28T12:43:47","slug":"home","status":"publish","type":"page","link":"https:\/\/www.originalpureskin.com\/es\/","title":{"rendered":"Home"},"content":{"rendered":"","protected":false},"excerpt":{"rendered":"","protected":false},"author":1,"featured_media":0,"parent":0,"menu_order":1,"comment_status":"closed","ping_status":"closed","template":"inc\/home.php","meta":{"_acf_changed":false,"footnotes":""},"class_list":["post-995","page","type-page","status-publish","hentry"],"acf":[],"yoast_head":"<!-- This site is optimized with the Yoast SEO plugin v27.2 - https:\/\/yoast.com\/product\/yoast-seo-wordpress\/ -->\n<title>OPS! Original Pure Skin - Cosm\u00e9tica natural y cosmec\u00e9utica en Internet<\/title>\n<meta name=\"description\" content=\"Cosm\u00e9ticos funcionales de alta calidad hechos en Italia, con un 99% de ingredientes naturales. Descubra nuestra l\u00ednea facial y corporal!\" \/>\n<meta name=\"robots\" content=\"index, follow, max-snippet:-1, max-image-preview:large, max-video-preview:-1\" \/>\n<link rel=\"canonical\" href=\"https:\/\/www.originalpureskin.com\/es\/\" \/>\n<meta property=\"og:locale\" content=\"es_ES\" \/>\n<meta property=\"og:type\" content=\"article\" \/>\n<meta property=\"og:title\" content=\"OPS! Original Pure Skin - Cosm\u00e9tica natural y cosmec\u00e9utica en Internet\" \/>\n<meta property=\"og:description\" content=\"Cosm\u00e9ticos funcionales de alta calidad hechos en Italia, con un 99% de ingredientes naturales. Descubra nuestra l\u00ednea facial y corporal!\" \/>\n<meta property=\"og:url\" content=\"https:\/\/www.originalpureskin.com\/es\/\" \/>\n<meta property=\"og:site_name\" content=\"OPS! Original Pure Skin\" \/>\n<meta property=\"article:modified_time\" content=\"2023-06-28T12:43:47+00:00\" \/>\n<meta name=\"twitter:card\" content=\"summary_large_image\" \/>\n<script type=\"application\/ld+json\" class=\"yoast-schema-graph\">{\"@context\":\"https:\/\/schema.org\",\"@graph\":[{\"@type\":\"WebPage\",\"@id\":\"https:\/\/www.originalpureskin.com\/es\/\",\"url\":\"https:\/\/www.originalpureskin.com\/es\/\",\"name\":\"OPS! Original Pure Skin - Cosm\u00e9tica natural y cosmec\u00e9utica en Internet\",\"isPartOf\":{\"@id\":\"https:\/\/www.originalpureskin.com\/es\/#website\"},\"datePublished\":\"2021-03-03T08:44:27+00:00\",\"dateModified\":\"2023-06-28T12:43:47+00:00\",\"description\":\"Cosm\u00e9ticos funcionales de alta calidad hechos en Italia, con un 99% de ingredientes naturales. Descubra nuestra l\u00ednea facial y corporal!\",\"breadcrumb\":{\"@id\":\"https:\/\/www.originalpureskin.com\/es\/#breadcrumb\"},\"inLanguage\":\"es\",\"potentialAction\":[{\"@type\":\"ReadAction\",\"target\":[\"https:\/\/www.originalpureskin.com\/es\/\"]}]},{\"@type\":\"BreadcrumbList\",\"@id\":\"https:\/\/www.originalpureskin.com\/es\/#breadcrumb\",\"itemListElement\":[{\"@type\":\"ListItem\",\"position\":1,\"name\":\"Home\",\"item\":\"https:\/\/www.originalpureskin.com\/es\/\"},{\"@type\":\"ListItem\",\"position\":2,\"name\":\"Home\"}]},{\"@type\":\"WebSite\",\"@id\":\"https:\/\/www.originalpureskin.com\/es\/#website\",\"url\":\"https:\/\/www.originalpureskin.com\/es\/\",\"name\":\"OPS! Original Pure Skin\",\"description\":\"Prodotti cosmeceutici naturali\",\"publisher\":{\"@id\":\"https:\/\/www.originalpureskin.com\/es\/#organization\"},\"potentialAction\":[{\"@type\":\"SearchAction\",\"target\":{\"@type\":\"EntryPoint\",\"urlTemplate\":\"https:\/\/www.originalpureskin.com\/es\/?s={search_term_string}\"},\"query-input\":{\"@type\":\"PropertyValueSpecification\",\"valueRequired\":true,\"valueName\":\"search_term_string\"}}],\"inLanguage\":\"es\"},{\"@type\":\"Organization\",\"@id\":\"https:\/\/www.originalpureskin.com\/es\/#organization\",\"name\":\"OPS! Original Pure Skin\",\"url\":\"https:\/\/www.originalpureskin.com\/es\/\",\"logo\":{\"@type\":\"ImageObject\",\"inLanguage\":\"es\",\"@id\":\"https:\/\/www.originalpureskin.com\/es\/#\/schema\/logo\/image\/\",\"url\":\"https:\/\/www.originalpureskin.com\/wp-content\/uploads\/2021\/01\/logo.png\",\"contentUrl\":\"https:\/\/www.originalpureskin.com\/wp-content\/uploads\/2021\/01\/logo.png\",\"width\":200,\"height\":88,\"caption\":\"OPS! Original Pure Skin\"},\"image\":{\"@id\":\"https:\/\/www.originalpureskin.com\/es\/#\/schema\/logo\/image\/\"}}]}<\/script>\n<!-- \/ Yoast SEO plugin. -->","yoast_head_json":{"title":"OPS! Original Pure Skin - Cosm\u00e9tica natural y cosmec\u00e9utica en Internet","description":"Cosm\u00e9ticos funcionales de alta calidad hechos en Italia, con un 99% de ingredientes naturales. Descubra nuestra l\u00ednea facial y corporal!","robots":{"index":"index","follow":"follow","max-snippet":"max-snippet:-1","max-image-preview":"max-image-preview:large","max-video-preview":"max-video-preview:-1"},"canonical":"https:\/\/www.originalpureskin.com\/es\/","og_locale":"es_ES","og_type":"article","og_title":"OPS! Original Pure Skin - Cosm\u00e9tica natural y cosmec\u00e9utica en Internet","og_description":"Cosm\u00e9ticos funcionales de alta calidad hechos en Italia, con un 99% de ingredientes naturales. Descubra nuestra l\u00ednea facial y corporal!","og_url":"https:\/\/www.originalpureskin.com\/es\/","og_site_name":"OPS! Original Pure Skin","article_modified_time":"2023-06-28T12:43:47+00:00","twitter_card":"summary_large_image","schema":{"@context":"https:\/\/schema.org","@graph":[{"@type":"WebPage","@id":"https:\/\/www.originalpureskin.com\/es\/","url":"https:\/\/www.originalpureskin.com\/es\/","name":"OPS! Original Pure Skin - Cosm\u00e9tica natural y cosmec\u00e9utica en Internet","isPartOf":{"@id":"https:\/\/www.originalpureskin.com\/es\/#website"},"datePublished":"2021-03-03T08:44:27+00:00","dateModified":"2023-06-28T12:43:47+00:00","description":"Cosm\u00e9ticos funcionales de alta calidad hechos en Italia, con un 99% de ingredientes naturales. Descubra nuestra l\u00ednea facial y corporal!","breadcrumb":{"@id":"https:\/\/www.originalpureskin.com\/es\/#breadcrumb"},"inLanguage":"es","potentialAction":[{"@type":"ReadAction","target":["https:\/\/www.originalpureskin.com\/es\/"]}]},{"@type":"BreadcrumbList","@id":"https:\/\/www.originalpureskin.com\/es\/#breadcrumb","itemListElement":[{"@type":"ListItem","position":1,"name":"Home","item":"https:\/\/www.originalpureskin.com\/es\/"},{"@type":"ListItem","position":2,"name":"Home"}]},{"@type":"WebSite","@id":"https:\/\/www.originalpureskin.com\/es\/#website","url":"https:\/\/www.originalpureskin.com\/es\/","name":"OPS! Original Pure Skin","description":"Prodotti cosmeceutici naturali","publisher":{"@id":"https:\/\/www.originalpureskin.com\/es\/#organization"},"potentialAction":[{"@type":"SearchAction","target":{"@type":"EntryPoint","urlTemplate":"https:\/\/www.originalpureskin.com\/es\/?s={search_term_string}"},"query-input":{"@type":"PropertyValueSpecification","valueRequired":true,"valueName":"search_term_string"}}],"inLanguage":"es"},{"@type":"Organization","@id":"https:\/\/www.originalpureskin.com\/es\/#organization","name":"OPS! Original Pure Skin","url":"https:\/\/www.originalpureskin.com\/es\/","logo":{"@type":"ImageObject","inLanguage":"es","@id":"https:\/\/www.originalpureskin.com\/es\/#\/schema\/logo\/image\/","url":"https:\/\/www.originalpureskin.com\/wp-content\/uploads\/2021\/01\/logo.png","contentUrl":"https:\/\/www.originalpureskin.com\/wp-content\/uploads\/2021\/01\/logo.png","width":200,"height":88,"caption":"OPS! Original Pure Skin"},"image":{"@id":"https:\/\/www.originalpureskin.com\/es\/#\/schema\/logo\/image\/"}}]}},"_links":{"self":[{"href":"https:\/\/www.originalpureskin.com\/es\/wp-json\/wp\/v2\/pages\/995","targetHints":{"allow":["GET"]}}],"collection":[{"href":"https:\/\/www.originalpureskin.com\/es\/wp-json\/wp\/v2\/pages"}],"about":[{"href":"https:\/\/www.originalpureskin.com\/es\/wp-json\/wp\/v2\/types\/page"}],"author":[{"embeddable":true,"href":"https:\/\/www.originalpureskin.com\/es\/wp-json\/wp\/v2\/users\/1"}],"replies":[{"embeddable":true,"href":"https:\/\/www.originalpureskin.com\/es\/wp-json\/wp\/v2\/comments?post=995"}],"version-history":[{"count":6,"href":"https:\/\/www.originalpureskin.com\/es\/wp-json\/wp\/v2\/pages\/995\/revisions"}],"predecessor-version":[{"id":3669,"href":"https:\/\/www.originalpureskin.com\/es\/wp-json\/wp\/v2\/pages\/995\/revisions\/3669"}],"wp:attachment":[{"href":"https:\/\/www.originalpureskin.com\/es\/wp-json\/wp\/v2\/media?parent=995"}],"curies":[{"name":"wp","href":"https:\/\/api.w.org\/{rel}","templated":true}]}}